{"id":136079,"date":"2023-09-05T15:43:59","date_gmt":"2023-09-05T15:43:59","guid":{"rendered":"https:\/\/lighthouselocarno.ch\/prodotto\/bestickter-stuhlbezug-aus-leinen-mit-organza-und-zierbrosche\/"},"modified":"2025-05-23T12:52:24","modified_gmt":"2025-05-23T12:52:24","slug":"bestickter-leinen-stuhlbezug-mit-organza-und-dekor-nadel","status":"publish","type":"product","link":"https:\/\/lighthouselocarno.ch\/de\/produkt\/bestickter-leinen-stuhlbezug-mit-organza-und-dekor-nadel\/","title":{"rendered":"Bestickter Stuhlbezug aus Leinen mit Organza und Zierbrosche"},"content":{"rendered":"<p>Stuhlbezug aus leichtem Leinen, bestickt mit Organza und dekorativer Brosche. Rechteckiger Einsatz mit Arte Pura-Logo.<\/p>\n<p>In Italien hergestellter Stuhlbezug aus 100 % hochwertigem Leinen, der sich durch spezielle Behandlungen, die das nat\u00fcrliche Aussehen verst\u00e4rken, weich anf\u00fchlt.<br \/>\nDieser Stoff ist ideal, weil er hypoallergen und antibakteriell ist. Au\u00dferdem werden nat\u00fcrliche, nicht allergene Farbstoffe verwendet, die der Naturfaser Glanz und Lebendigkeit verleihen.<br \/>\nLanglebigkeit und einfache Wartung sind weitere Pluspunkte Ihrer Wahl.<br \/>\nBitte lesen Sie den Abschnitt \u201eProduktpflege\u201c f\u00fcr alle Waschanweisungen.<\/p>\n","protected":false},"excerpt":{"rendered":"<p>Stuhlbezug aus leichtem Leinen, bestickt mit Organza und dekorativer Brosche. Rechteckiger Einsatz mit Arte Pura-Logo.<\/p>\n<p>In Italien hergestellter Stuhlbezug aus 100 % hochwertigem Leinen, der sich durch spezielle Behandlungen, die das nat\u00fcrliche Aussehen verst\u00e4rken, weich anf\u00fchlt.<br \/>\nDieser Stoff ist ideal, weil er hypoallergen und antibakteriell ist. Au\u00dferdem werden nat\u00fcrliche, nicht allergene Farbstoffe verwendet, die der Naturfaser Glanz und Lebendigkeit verleihen.<br \/>\nLanglebigkeit und einfache Wartung sind weitere Pluspunkte Ihrer Wahl.<br \/>\nBitte lesen Sie den Abschnitt \u201eProduktpflege\u201c f\u00fcr alle Waschanweisungen.<\/p>\n","protected":false},"featured_media":135494,"template":"","meta":{"_seopress_robots_primary_cat":"none","_seopress_titles_title":"","_seopress_titles_desc":"","_seopress_robots_index":""},"product_brand":[8562],"product_cat":[6035,7322,3748],"product_tag":[5723,5719,6433,7448,7638,5992,6455,5700,5712,5851],"class_list":{"0":"post-136079","1":"product","2":"type-product","3":"status-publish","4":"has-post-thumbnail","6":"product_brand-arte-pura","7":"product_cat-accessoires-de","8":"product_cat-sitzbezug","9":"product_cat-wohnaccessoires","10":"product_tag-dekoratives-zubehor","11":"product_tag-festliche-luft","12":"product_tag-garten","13":"product_tag-ihre-hochzeit-vorbereiten","14":"product_tag-naturliche-frische","15":"product_tag-romantisch","16":"product_tag-stuhlhussen","17":"product_tag-tabelle-de-2","18":"product_tag-wohnbereich","19":"product_tag-zubehor","20":"pa_colore-retro-900-de","21":"pa_taglia-u-de","22":"pa_tema-romantisch","24":"first","25":"instock","26":"shipping-taxable","27":"purchasable","28":"product-type-variable"},"jetpack_sharing_enabled":true,"_links":{"self":[{"href":"https:\/\/lighthouselocarno.ch\/de\/wp-json\/wp\/v2\/product\/136079","targetHints":{"allow":["GET"]}}],"collection":[{"href":"https:\/\/lighthouselocarno.ch\/de\/wp-json\/wp\/v2\/product"}],"about":[{"href":"https:\/\/lighthouselocarno.ch\/de\/wp-json\/wp\/v2\/types\/product"}],"wp:featuredmedia":[{"embeddable":true,"href":"https:\/\/lighthouselocarno.ch\/de\/wp-json\/wp\/v2\/media\/135494"}],"wp:attachment":[{"href":"https:\/\/lighthouselocarno.ch\/de\/wp-json\/wp\/v2\/media?parent=136079"}],"wp:term":[{"taxonomy":"product_brand","embeddable":true,"href":"https:\/\/lighthouselocarno.ch\/de\/wp-json\/wp\/v2\/product_brand?post=136079"},{"taxonomy":"product_cat","embeddable":true,"href":"https:\/\/lighthouselocarno.ch\/de\/wp-json\/wp\/v2\/product_cat?post=136079"},{"taxonomy":"product_tag","embeddable":true,"href":"https:\/\/lighthouselocarno.ch\/de\/wp-json\/wp\/v2\/product_tag?post=136079"}],"curies":[{"name":"wp","href":"https:\/\/api.w.org\/{rel}","templated":true}]}}