{"id":136103,"date":"2023-09-05T15:44:44","date_gmt":"2023-09-05T15:44:44","guid":{"rendered":"https:\/\/lighthouselocarno.ch\/prodotto\/138x200cm-bettbezug-aus-hellem-leinen-mit-schleifen\/"},"modified":"2023-09-20T08:28:00","modified_gmt":"2023-09-20T08:28:00","slug":"bettbezug-138x200cm-leichtgewicht-leinen-mit-bundchen","status":"publish","type":"product","link":"https:\/\/lighthouselocarno.ch\/de\/produkt\/bettbezug-138x200cm-leichtgewicht-leinen-mit-bundchen\/","title":{"rendered":"138x200cm Bettbezug aus hellem Leinen mit Schleifen"},"content":{"rendered":"<h4><strong>Produktpflege<\/strong><\/h4>\n<p>Maschinenwaschbar bei 30-40 Grad mit milder Seife. Keinen Weichsp\u00fcler hinzuf\u00fcgen. Nicht bleichen.<br \/>\nAlle Kleidungsst\u00fccke von Arte Pura sind mit nat\u00fcrlichen Mineralpigmenten handgef\u00e4rbt.<br \/>\nEs ist m\u00f6glich, dass sie bei den ersten W\u00e4schen etwas an Farbe verlieren, was zu einem Vintage-Ton f\u00fchrt, der einzigartig f\u00fcr diese Marke ist.<br \/>\nBeim Waschen von Kleidung mit alten Farben empfehle ich dringend, bei den ersten 3-4 Waschg\u00e4ngen 1 kg Meersalz in die Waschmaschine zu geben, um die Farben gut zu fixieren.<\/p>\n<p>Nachhaltiges Produkt, das mit vollem Respekt f\u00fcr die Umwelt und die Menschen hergestellt wird. Nat\u00fcrliche Materialien. Einzigartige handgefertigte Produkte. Vollst\u00e4ndig in Italien hergestellt.<\/p>\n","protected":false},"excerpt":{"rendered":"<div class=\"woocommerce-product-details__short-description\">\n<p><strong>Einzelner Bettbezug aus leichtem Leinen mit Schleifen.<\/strong>  Ma\u00dfe 138x200cm.<\/p>\n<p>Der Bettbezug wird in Italien aus <strong>100% hochwertigem Leinen<\/strong> hergestellt und durch spezielle Behandlungen, die das nat\u00fcrliche Aussehen verst\u00e4rken, streichelzart gemacht.<\/p>\n<p>Dieser <strong>Stoff ist ideal f\u00fcr das Bett, da er hypoallergen und antibakteriell ist.<\/strong> Au\u00dferdem werden nat\u00fcrliche, nicht allergene Farbstoffe verwendet, die der Naturfaser Glanz und Lebendigkeit verleihen.<br \/>\nLanglebigkeit und einfache Wartung sind weitere Pluspunkte Ihrer Wahl.<br \/>\nIdeal zur Versch\u00f6nerung Ihrer Bettausstattung: allein oder in Kombination mit <a href=\"https:\/\/lighthouselocarno.ch\/prodotto\/federa-in-lino-leggero-con-fiocchi-80x80\/\"><br \/>\n  <strong>farbigen Kissenbez\u00fcgen<\/strong><br \/>\n<\/a> e <a href=\"https:\/\/lighthouselocarno.ch\/prodotto\/lenzuolo-singolo-in-lino-leggero-con-angoli\/\"><br \/>\n  <strong>Laken<\/strong><br \/>\n<\/a>um immer wieder originelle Kombinationen zu schaffen.<br \/>\nBitte lesen Sie den Abschnitt \u201eProduktpflege\u201c f\u00fcr alle Waschanweisungen.<\/p>\n<\/div>\n","protected":false},"featured_media":135550,"template":"","meta":{"_seopress_robots_primary_cat":"none","_seopress_titles_title":"","_seopress_titles_desc":"","_seopress_robots_index":"","_seopress_analysis_target_kw":""},"product_brand":[],"product_cat":[5957,6368,3748],"product_tag":[5980,6375,5959,3824,5706,5748],"class_list":{"0":"post-136103","1":"product","2":"type-product","3":"status-publish","4":"has-post-thumbnail","6":"product_cat-bettwaesche","7":"product_cat-duvetbezuege","8":"product_cat-wohnaccessoires","9":"product_tag-bett-de","10":"product_tag-bettbezug-de","11":"product_tag-bettzeug","12":"product_tag-linoleum","13":"product_tag-schlafzimmer","14":"product_tag-weis","15":"pa_colore-weis-019","16":"pa_taglia-138x200cm-de","17":"pa_tema-weis","19":"first","20":"instock","21":"shipping-taxable","22":"purchasable","23":"product-type-variable","24":"has-default-attributes"},"jetpack_sharing_enabled":true,"_links":{"self":[{"href":"https:\/\/lighthouselocarno.ch\/de\/wp-json\/wp\/v2\/product\/136103","targetHints":{"allow":["GET"]}}],"collection":[{"href":"https:\/\/lighthouselocarno.ch\/de\/wp-json\/wp\/v2\/product"}],"about":[{"href":"https:\/\/lighthouselocarno.ch\/de\/wp-json\/wp\/v2\/types\/product"}],"wp:featuredmedia":[{"embeddable":true,"href":"https:\/\/lighthouselocarno.ch\/de\/wp-json\/wp\/v2\/media\/135550"}],"wp:attachment":[{"href":"https:\/\/lighthouselocarno.ch\/de\/wp-json\/wp\/v2\/media?parent=136103"}],"wp:term":[{"taxonomy":"product_brand","embeddable":true,"href":"https:\/\/lighthouselocarno.ch\/de\/wp-json\/wp\/v2\/product_brand?post=136103"},{"taxonomy":"product_cat","embeddable":true,"href":"https:\/\/lighthouselocarno.ch\/de\/wp-json\/wp\/v2\/product_cat?post=136103"},{"taxonomy":"product_tag","embeddable":true,"href":"https:\/\/lighthouselocarno.ch\/de\/wp-json\/wp\/v2\/product_tag?post=136103"}],"curies":[{"name":"wp","href":"https:\/\/api.w.org\/{rel}","templated":true}]}}