{"id":136122,"date":"2023-09-05T15:50:32","date_gmt":"2023-09-05T15:50:32","guid":{"rendered":"https:\/\/lighthouselocarno.ch\/prodotto\/klappe-aus-hellem-leinen-290x500cm\/"},"modified":"2025-05-23T12:52:24","modified_gmt":"2025-05-23T12:52:24","slug":"falda-in-lino-leggero-290x500cm","status":"publish","type":"product","link":"https:\/\/lighthouselocarno.ch\/de\/produkt\/falda-in-lino-leggero-290x500cm\/","title":{"rendered":"Klappe aus hellem Leinen 290x500cm"},"content":{"rendered":"<div class=\"cursor-pointer flex items-center justify-between gap-x-4\">\n<h4 class=\"text-sm xs:text-lg font-semibold leading-none\">Produktpflege<\/h4>\n<\/div>\n<div id=\"tab-product_care\" class=\"mt-4 text-sm duration-300\" role=\"tabpanel\" aria-labelledby=\"tab-title-product_care\">\n<p>Dieses Produkt wird aus nat\u00fcrlichen Materialien hergestellt, Farbnuancen und Abweichungen im Aussehen von Kleidungsst\u00fcck zu Kleidungsst\u00fcck, auch im Laufe der Zeit, zeichnen es aus. Separat waschen mit milder Seife und Wasser bei max. 40\u00b0 C, nicht bleichen und nicht einweichen. Quetschen Sie das Kleidungsst\u00fcck nicht mit der Hand. Zur besseren Pflege des Produkts empfehlen wir, es bei niedrigen Temperaturen zu b\u00fcgeln, um die Sch\u00f6nheit der Naturfaser nicht zu gl\u00e4tten, und es nicht dem direkten Sonnenlicht auszusetzen, um die Farbechtheit zu erhalten.<\/p>\n<\/div>\n<p>Nachhaltiges Produkt, das mit vollem Respekt f\u00fcr die Umwelt und die Menschen hergestellt wird. Nat\u00fcrliche Materialien. Einzigartige handgefertigte Produkte. Vollst\u00e4ndig in Italien hergestellt.<\/p>\n","protected":false},"excerpt":{"rendered":"<p><strong>Klappe aus hellem Leinen<\/strong>. Ma\u00dfe 290x500cm. Ideale Klappe zur Herstellung <strong>eigener Kreationen<\/strong>.<\/p>\n<p>Eine in Italien hergestellte Krempe aus 100 % hochwertigem Leinen, die sich durch spezielle Behandlungen, die das nat\u00fcrliche Aussehen verst\u00e4rken, weich anf\u00fchlt.<br \/>\nDieser Stoff ist ideal, weil er hypoallergen und antibakteriell ist. Au\u00dferdem werden <strong>nat\u00fcrliche, nicht allergene Farbstoffe<\/strong> verwendet, die der <strong>Naturfaser<\/strong> Glanz und Lebendigkeit verleihen.<br \/>\nLanglebigkeit und einfache Wartung sind weitere Pluspunkte Ihrer Wahl.<br \/>\nVersch\u00f6nern Sie Ihre R\u00e4ume, indem Sie Ihrer Einrichtung einen Hauch von Originalit\u00e4t verleihen.<br \/>\nBitte lesen Sie den Abschnitt \u201eProduktpflege\u201c f\u00fcr alle Waschanweisungen.<\/p>\n","protected":false},"featured_media":135717,"template":"","meta":{"_seopress_robots_primary_cat":"none","_seopress_titles_title":"","_seopress_titles_desc":"","_seopress_robots_index":""},"product_brand":[8562],"product_cat":[6035,7692,3748],"product_tag":[4859,7481,5706,7645,5748,5712,7552],"class_list":{"0":"post-136122","1":"product","2":"type-product","3":"status-publish","4":"has-post-thumbnail","6":"product_brand-arte-pura","7":"product_cat-accessoires-de","8":"product_cat-stoffe","9":"product_cat-wohnaccessoires","10":"product_tag-badezimmer","11":"product_tag-ohne-spitze","12":"product_tag-schlafzimmer","13":"product_tag-stratum-de","14":"product_tag-weis","15":"product_tag-wohnbereich","16":"product_tag-zuruck","17":"pa_colore-retro-900-de","18":"pa_colore-weis-019","19":"pa_taglia-290x500cm-de","20":"pa_tema-weis","22":"first","23":"instock","24":"shipping-taxable","25":"purchasable","26":"product-type-variable","27":"has-default-attributes"},"jetpack_sharing_enabled":true,"_links":{"self":[{"href":"https:\/\/lighthouselocarno.ch\/de\/wp-json\/wp\/v2\/product\/136122","targetHints":{"allow":["GET"]}}],"collection":[{"href":"https:\/\/lighthouselocarno.ch\/de\/wp-json\/wp\/v2\/product"}],"about":[{"href":"https:\/\/lighthouselocarno.ch\/de\/wp-json\/wp\/v2\/types\/product"}],"wp:featuredmedia":[{"embeddable":true,"href":"https:\/\/lighthouselocarno.ch\/de\/wp-json\/wp\/v2\/media\/135717"}],"wp:attachment":[{"href":"https:\/\/lighthouselocarno.ch\/de\/wp-json\/wp\/v2\/media?parent=136122"}],"wp:term":[{"taxonomy":"product_brand","embeddable":true,"href":"https:\/\/lighthouselocarno.ch\/de\/wp-json\/wp\/v2\/product_brand?post=136122"},{"taxonomy":"product_cat","embeddable":true,"href":"https:\/\/lighthouselocarno.ch\/de\/wp-json\/wp\/v2\/product_cat?post=136122"},{"taxonomy":"product_tag","embeddable":true,"href":"https:\/\/lighthouselocarno.ch\/de\/wp-json\/wp\/v2\/product_tag?post=136122"}],"curies":[{"name":"wp","href":"https:\/\/api.w.org\/{rel}","templated":true}]}}