{"id":136131,"date":"2023-09-05T15:43:59","date_gmt":"2023-09-05T15:43:59","guid":{"rendered":"https:\/\/lighthouselocarno.ch\/prodotto\/bettbezug-138x200cm-mit-knoepfen-agoya\/"},"modified":"2023-09-05T21:37:56","modified_gmt":"2023-09-05T21:37:56","slug":"bettbezug-138x200cm-mit-knopfen-agoya","status":"publish","type":"product","link":"https:\/\/lighthouselocarno.ch\/de\/produkt\/bettbezug-138x200cm-mit-knopfen-agoya\/","title":{"rendered":"Bettbezug 138x200cm mit Kn\u00f6pfen Agoya"},"content":{"rendered":"<p>Einzelner Bettbezug aus leichtem Leinen. Verschluss mit Agoya-Kn\u00f6pfen aus Perlmutt. Ma\u00dfe 138x200cm.<\/p>\n<p>Der Bettbezug wird in Italien aus 100% hochwertigem Leinen hergestellt und durch spezielle Behandlungen, die das nat\u00fcrliche Aussehen verst\u00e4rken, streichelzart gemacht.<br \/>\nDieser Stoff ist ideal f\u00fcr das Bett, da er hypoallergen und antibakteriell ist. Au\u00dferdem werden nat\u00fcrliche, nicht allergene Farbstoffe verwendet, die der Naturfaser Glanz und Lebendigkeit verleihen.<br \/>\nLanglebigkeit und einfache Wartung sind weitere Pluspunkte Ihrer Wahl.<br \/>\nIdeal, um Ihre Bettausstattung zu versch\u00f6nern: allein oder in Kombination mit farbigen Kissenbez\u00fcgen und Laken, um immer wieder originelle Kombinationen zu schaffen.<br \/>\nBitte lesen Sie den Abschnitt \u201eProduktpflege\u201c f\u00fcr alle Waschanweisungen.<\/p>\n","protected":false},"excerpt":{"rendered":"<p>Einzelner Bettbezug aus leichtem Leinen. Verschluss mit Agoya-Kn\u00f6pfen aus Perlmutt. Ma\u00dfe 138x200cm.<\/p>\n<p>Der Bettbezug wird in Italien aus 100% hochwertigem Leinen hergestellt und durch spezielle Behandlungen, die das nat\u00fcrliche Aussehen verst\u00e4rken, streichelzart gemacht.<br \/>\nDieser Stoff ist ideal f\u00fcr das Bett, da er hypoallergen und antibakteriell ist. Au\u00dferdem werden nat\u00fcrliche, nicht allergene Farbstoffe verwendet, die der Naturfaser Glanz und Lebendigkeit verleihen.<br \/>\nLanglebigkeit und einfache Wartung sind weitere Pluspunkte Ihrer Wahl.<br \/>\nIdeal, um Ihre Bettausstattung zu versch\u00f6nern: allein oder in Kombination mit farbigen Kissenbez\u00fcgen und Laken, um immer wieder originelle Kombinationen zu schaffen.<br \/>\nBitte lesen Sie den Abschnitt \u201eProduktpflege\u201c f\u00fcr alle Waschanweisungen.<\/p>\n","protected":false},"featured_media":135524,"template":"","meta":{"_seopress_robots_primary_cat":"none","_seopress_titles_title":"","_seopress_titles_desc":"","_seopress_robots_index":""},"product_brand":[],"product_cat":[5957,6368,3748],"product_tag":[5980,6375,5959,6130,5706,5748,7485],"class_list":{"0":"post-136131","1":"product","2":"type-product","3":"status-publish","4":"has-post-thumbnail","6":"product_cat-bettwaesche","7":"product_cat-duvetbezuege","8":"product_cat-wohnaccessoires","9":"product_tag-bett-de","10":"product_tag-bettbezug-de","11":"product_tag-bettzeug","12":"product_tag-schlafen-auf-einer-wolke","13":"product_tag-schlafzimmer","14":"product_tag-weis","15":"product_tag-wie-man-das-kinderzimmer-einrichtet","16":"pa_colore-weis-019","17":"pa_taglia-138x200cm-de","18":"pa_tema-weis","20":"first","21":"instock","22":"shipping-taxable","23":"purchasable","24":"product-type-variable"},"jetpack_sharing_enabled":true,"_links":{"self":[{"href":"https:\/\/lighthouselocarno.ch\/de\/wp-json\/wp\/v2\/product\/136131","targetHints":{"allow":["GET"]}}],"collection":[{"href":"https:\/\/lighthouselocarno.ch\/de\/wp-json\/wp\/v2\/product"}],"about":[{"href":"https:\/\/lighthouselocarno.ch\/de\/wp-json\/wp\/v2\/types\/product"}],"wp:featuredmedia":[{"embeddable":true,"href":"https:\/\/lighthouselocarno.ch\/de\/wp-json\/wp\/v2\/media\/135524"}],"wp:attachment":[{"href":"https:\/\/lighthouselocarno.ch\/de\/wp-json\/wp\/v2\/media?parent=136131"}],"wp:term":[{"taxonomy":"product_brand","embeddable":true,"href":"https:\/\/lighthouselocarno.ch\/de\/wp-json\/wp\/v2\/product_brand?post=136131"},{"taxonomy":"product_cat","embeddable":true,"href":"https:\/\/lighthouselocarno.ch\/de\/wp-json\/wp\/v2\/product_cat?post=136131"},{"taxonomy":"product_tag","embeddable":true,"href":"https:\/\/lighthouselocarno.ch\/de\/wp-json\/wp\/v2\/product_tag?post=136131"}],"curies":[{"name":"wp","href":"https:\/\/api.w.org\/{rel}","templated":true}]}}