{"id":140283,"date":"2023-12-15T12:14:49","date_gmt":"2023-12-15T12:14:49","guid":{"rendered":"https:\/\/lighthouselocarno.ch\/prodotto\/feentaenzerin-laila-bastelzauber-fuer-ihren-weihnachtsbaum\/"},"modified":"2023-12-15T12:57:47","modified_gmt":"2023-12-15T12:57:47","slug":"feentaenzerin-laila-bastelzauber-fuer-ihren-weihnachtsbaum","status":"publish","type":"product","link":"https:\/\/lighthouselocarno.ch\/de\/produkt\/feentaenzerin-laila-bastelzauber-fuer-ihren-weihnachtsbaum\/","title":{"rendered":"Feent\u00e4nzerin Laila Bastelzauber f\u00fcr Ihren Weihnachtsbaum"},"content":{"rendered":"<div class=\"flex flex-grow flex-col max-w-full\">\n<div class=\"min-h-[20px] text-message flex flex-col items-start gap-3 whitespace-pre-wrap break-words [.text-message+&amp;]:mt-5 overflow-x-auto\" data-message-author-role=\"assistant\" data-message-id=\"f2756c84-f445-4c54-8266-0833095776c1\">\n<div class=\"markdown prose w-full break-words dark:prose-invert light\">\n<p><strong>Hauptmerkmale:<\/strong><\/p>\n<ul>\n<li>Handgefertigte Magie: Jede <strong>Fairy Dancer<\/strong> wird mit Sorgfalt und Handwerkskunst hergestellt, um ein einzigartiges und besonderes St\u00fcck zu gew\u00e4hrleisten.<\/li>\n<li>Raffinierte Details: Die goldenen Fl\u00fcgel verleihen<strong> einen Hauch von Luxus<\/strong>, w\u00e4hrend das Kleid aus Boucl\u00e9-Stoff eine Aura von <strong>Eleganz<\/strong> ausstrahlt.<\/li>\n<li>Passende Ballerinas: Ballerinas, die zur Farbe des Kleides passen, vervollst\u00e4ndigen die Harmonie dieser <a href=\"https:\/\/lighthouselocarno.ch\/home-decor\/decorazioni\/appendiabiti\/decorazioni-di-natale\/\"><br \/>\n  <strong>Weihnachtsdekoration.<\/strong><br \/>\n<\/a><\/li>\n<li>Perfekte Gr\u00f6\u00dfe: Mit einer Gr\u00f6\u00dfe von 15 x 5 x 29 cm ist die Fairy Dancer &#8218;Laila&#8216; der<strong>ideale Schmuck f\u00fcr Ihren Weihnachtsbaum<\/strong>.<strong><br \/>\n<\/strong><\/li>\n<\/ul>\n<p><strong>Verschenken Sie zu Weihnachten mit der Fairy Dancer &#8218;Laila&#8216; eine raffinierte Weihnachtssch\u00f6nheit<\/strong>. <a href=\"https:\/\/lighthouselocarno.ch\/prodotto\/albero-di-natale-innevato-slim-fit\/\"><br \/>\n  <strong>Schm\u00fccken Sie Ihren Baum<\/strong><br \/>\n<\/a> mit dieser handgefertigten Kreation und lassen Sie sich von der Magie der Weihnachtszeit einh\u00fcllen. Kaufen Sie jetzt und machen Sie Ihr Weihnachten noch sch\u00f6ner!<\/p>\n<\/div><\/div>\n<\/p><\/div>\n<div class=\"mt-1 flex justify-start gap-3 empty:hidden\">\n<div class=\"text-gray-400 flex self-end lg:self-center justify-center lg:justify-start mt-0 gap-1 visible\"><\/div>\n<\/p><\/div>\n","protected":false},"excerpt":{"rendered":"<p>Fairy Dancer &#8218;Laila&#8216;: Handgefertigter Zauber f\u00fcr Ihren Weihnachtsbaum! Goldene Fl\u00fcgel, Boucl\u00e9-Kleid und dazu passende Ballettschuhe.<\/p>\n<div class=\"flex flex-grow flex-col max-w-full\">\n<div class=\"min-h-[20px] text-message flex flex-col items-start gap-3 whitespace-pre-wrap break-words [.text-message+&amp;]:mt-5 overflow-x-auto\" data-message-author-role=\"assistant\" data-message-id=\"f2756c84-f445-4c54-8266-0833095776c1\">\n<div class=\"markdown prose w-full break-words dark:prose-invert light\">\n<p>Verleihen Sie Ihrem <strong>Weihnachtsbaum<\/strong> einen Hauch von Magie und Anmut mit der Fairy Dancer &#8218;Laila&#8216;. Diese bezaubernde<strong>, handgefertigte<\/strong> <strong>Weihnachtsdekoration<\/strong> f\u00e4ngt die Essenz des Festes mit goldenen Fl\u00fcgeln, einem Kleid aus Boucl\u00e9-Stoff und Ballettschuhen in der Farbe des Kleides ein.<\/p>\n<\/div>\n<\/div>\n<\/div>\n<div class=\"mt-1 flex justify-start gap-3 empty:hidden\">\n<div class=\"text-gray-400 flex self-end lg:self-center justify-center lg:justify-start mt-0 gap-1 visible\"><\/div>\n<\/div>\n","protected":false},"featured_media":139861,"template":"","meta":{"_seopress_robots_primary_cat":"none","_seopress_titles_title":"","_seopress_titles_desc":"","_seopress_robots_index":""},"product_brand":[],"product_cat":[4030,5693,4133],"product_tag":[5135,5138,5133,4188,4685],"class_list":{"0":"post-140283","1":"product","2":"type-product","3":"status-publish","4":"has-post-thumbnail","6":"product_cat-deko","7":"product_cat-nachrichten","8":"product_cat-weihnachtsdekoration","9":"product_tag-christbaumschmuck","10":"product_tag-weihnachtsbaum","11":"product_tag-weihnachtsdeko","12":"product_tag-weihnachtsdekoration-de-3","13":"product_tag-weihnachtsdekoration-de-4","15":"first","16":"instock","17":"shipping-taxable","18":"purchasable","19":"product-type-variable"},"jetpack_sharing_enabled":true,"_links":{"self":[{"href":"https:\/\/lighthouselocarno.ch\/de\/wp-json\/wp\/v2\/product\/140283","targetHints":{"allow":["GET"]}}],"collection":[{"href":"https:\/\/lighthouselocarno.ch\/de\/wp-json\/wp\/v2\/product"}],"about":[{"href":"https:\/\/lighthouselocarno.ch\/de\/wp-json\/wp\/v2\/types\/product"}],"wp:featuredmedia":[{"embeddable":true,"href":"https:\/\/lighthouselocarno.ch\/de\/wp-json\/wp\/v2\/media\/139861"}],"wp:attachment":[{"href":"https:\/\/lighthouselocarno.ch\/de\/wp-json\/wp\/v2\/media?parent=140283"}],"wp:term":[{"taxonomy":"product_brand","embeddable":true,"href":"https:\/\/lighthouselocarno.ch\/de\/wp-json\/wp\/v2\/product_brand?post=140283"},{"taxonomy":"product_cat","embeddable":true,"href":"https:\/\/lighthouselocarno.ch\/de\/wp-json\/wp\/v2\/product_cat?post=140283"},{"taxonomy":"product_tag","embeddable":true,"href":"https:\/\/lighthouselocarno.ch\/de\/wp-json\/wp\/v2\/product_tag?post=140283"}],"curies":[{"name":"wp","href":"https:\/\/api.w.org\/{rel}","templated":true}]}}