{"id":140423,"date":"2023-12-19T14:53:19","date_gmt":"2023-12-19T14:53:19","guid":{"rendered":"https:\/\/lighthouselocarno.ch\/prodotto\/goldene-vase\/"},"modified":"2025-10-09T06:59:46","modified_gmt":"2025-10-09T06:59:46","slug":"goldene-vase","status":"publish","type":"product","link":"https:\/\/lighthouselocarno.ch\/de\/produkt\/goldene-vase\/","title":{"rendered":"Goldene Vase"},"content":{"rendered":"<div class=\"flex flex-grow flex-col max-w-full\">\n<div class=\"min-h-[20px] text-message flex flex-col items-start gap-3 whitespace-pre-wrap break-words [.text-message+&amp;]:mt-5 overflow-x-auto\" data-message-author-role=\"assistant\" data-message-id=\"62c413ed-c85b-40aa-9af6-63bb3326666f\">\n<div class=\"markdown prose w-full break-words dark:prose-invert light\">\n<p><em><strong>Hauptmerkmale:<\/strong><\/em><\/p>\n<ol>\n<li><strong>Raffiniertes Design:<\/strong> Die Vase zeichnet sich durch ein exklusives Design mit raffinierten Details aus, die ins Auge fallen und ihrer Umgebung einen Hauch von Klasse verleihen.<\/li>\n<li><strong>Warme und gem\u00fctliche Farben:<\/strong> Die goldene, antikbraune Farbe verleiht der Vase eine warme und raffinierte Ausstrahlung, so dass sie zu jedem Dekor und Stil passt.<\/li>\n<li><strong>Hochwertige Materialien:<\/strong> Aus hochwertigem Glas gefertigt, garantiert diese Vase Langlebigkeit und zeitlose Sch\u00f6nheit.<\/li>\n<li><strong>Perfekte Gr\u00f6\u00dfe:<\/strong> Mit ihren Ma\u00dfen von 15,5 x 15,5 x 72 cm ist diese Vase gro\u00df genug, um die Blicke auf sich zu ziehen, aber auch vielseitig genug, um in jedem Raum ihren Platz zu finden.<\/li>\n<\/ol>\n<p><em><strong>Wo soll sie platziert werden?<\/strong><\/em><\/p>\n<ul>\n<li><strong>Elegantes Wohnzimmer:<\/strong> Verleihen Sie Ihrem Couchtisch oder Regal im Wohnzimmer einen Hauch von Luxus.<\/li>\n<li>Begr\u00fc\u00dfung <strong>im Eingangsbereich:<\/strong> Stellen Sie ihn in der Eingangshalle auf, um Ihre G\u00e4ste schon bei der Ankunft zu beeindrucken.<\/li>\n<li><strong>Schickes Schlafzimmer:<\/strong> Erh\u00f6hen Sie die Atmosph\u00e4re Ihres Schlafzimmers, indem Sie ihn auf einer Kommode oder einem Nachttisch platzieren.<\/li>\n<\/ul>\n<p><em><strong>Ein unverge\u00dfliches Geschenk:<\/strong><\/em><\/p>\n<p>Die <strong>dekorative Glasvase<\/strong> ist auch ein au\u00dfergew\u00f6hnliches Geschenk f\u00fcr Freunde und Familie, die <strong>einzigartige Designobjekte<\/strong> sch\u00e4tzen. Sie verzaubert jeden, der sie erh\u00e4lt, mit der zeitlosen Eleganz dieses au\u00dfergew\u00f6hnlichen St\u00fccks.<\/p>\n<p>&nbsp;<\/p>\n<\/div>\n<\/div>\n<\/div>\n<div class=\"mt-1 flex justify-start gap-3 empty:hidden\">\n<div class=\"text-gray-400 flex self-end lg:self-center justify-center lg:justify-start mt-0 gap-1 visible\"><\/div>\n<\/div>\n","protected":false},"excerpt":{"rendered":"<p>Bereichern Sie Ihren Raum mit der zeitlosen Eleganz der <strong>dekorativen Glasvase<\/strong>, einer perfekten Verschmelzung von Raffinesse und Stil. Mit ihrem filigranen Design und ihrer antiken goldbraunen Farbe wird diese Vase zum idealen Blickfang f\u00fcr Ihr Zuhause.<\/p>\n","protected":false},"featured_media":138660,"template":"","meta":{"_seopress_robots_primary_cat":"none","_seopress_titles_title":"","_seopress_titles_desc":"Bereichern Sie Ihren Raum mit der zeitlosen Eleganz der dekorativen Glasvase, einer perfekten Verschmelzung von Raffinesse und Stil. Mit ihrem filigranen Design und ihrer antiken goldbraunen Farbe wird diese Vase zum idealen Blickfang f\u00fcr Ihr Zuhause.","_seopress_robots_index":""},"product_brand":[],"product_cat":[4030,3891,4133,3748],"product_tag":[7875,7878,7885,7880,7882,7888],"class_list":{"0":"post-140423","1":"product","2":"type-product","3":"status-publish","4":"has-post-thumbnail","6":"product_cat-deko","7":"product_cat-vertrieb","8":"product_cat-weihnachtsdekoration","9":"product_cat-wohnaccessoires","10":"product_tag-glasvase-de","11":"product_tag-glasvase-de-2","12":"product_tag-glasvase-de-3","13":"product_tag-vase-de","14":"product_tag-vase-de-2","15":"product_tag-vase-en-verre-de","17":"first","18":"instock","19":"sale","20":"shipping-taxable","21":"purchasable","22":"product-type-simple"},"jetpack_sharing_enabled":true,"_links":{"self":[{"href":"https:\/\/lighthouselocarno.ch\/de\/wp-json\/wp\/v2\/product\/140423","targetHints":{"allow":["GET"]}}],"collection":[{"href":"https:\/\/lighthouselocarno.ch\/de\/wp-json\/wp\/v2\/product"}],"about":[{"href":"https:\/\/lighthouselocarno.ch\/de\/wp-json\/wp\/v2\/types\/product"}],"wp:featuredmedia":[{"embeddable":true,"href":"https:\/\/lighthouselocarno.ch\/de\/wp-json\/wp\/v2\/media\/138660"}],"wp:attachment":[{"href":"https:\/\/lighthouselocarno.ch\/de\/wp-json\/wp\/v2\/media?parent=140423"}],"wp:term":[{"taxonomy":"product_brand","embeddable":true,"href":"https:\/\/lighthouselocarno.ch\/de\/wp-json\/wp\/v2\/product_brand?post=140423"},{"taxonomy":"product_cat","embeddable":true,"href":"https:\/\/lighthouselocarno.ch\/de\/wp-json\/wp\/v2\/product_cat?post=140423"},{"taxonomy":"product_tag","embeddable":true,"href":"https:\/\/lighthouselocarno.ch\/de\/wp-json\/wp\/v2\/product_tag?post=140423"}],"curies":[{"name":"wp","href":"https:\/\/api.w.org\/{rel}","templated":true}]}}