{"id":140434,"date":"2023-12-19T17:02:25","date_gmt":"2023-12-19T17:02:25","guid":{"rendered":"https:\/\/lighthouselocarno.ch\/prodotto\/goldener-weihnachtsbaum-led-wintergartenbeleuchtung\/"},"modified":"2024-07-16T16:21:38","modified_gmt":"2024-07-16T16:21:38","slug":"goldener-weihnachtsbaum-led-wintergartenbeleuchtung","status":"publish","type":"product","link":"https:\/\/lighthouselocarno.ch\/de\/produkt\/goldener-weihnachtsbaum-led-wintergartenbeleuchtung\/","title":{"rendered":"Goldener Weihnachtsbaum LED Wintergartenbeleuchtung"},"content":{"rendered":"<p>          <em><br \/>\n            <strong>Wo soll sie platziert werden?<\/strong><br \/>\n          <\/em><\/p>\n<ul>\n<li><strong>Modernes Wohnzimmer:<\/strong> Verleihen Sie der Ecke Ihres Wohnzimmers einen modernen Touch.<\/li>\n<li><strong>Begr\u00fc\u00dfung im Eingangsbereich:<\/strong> Hinterlassen Sie einen unvergesslichen ersten Eindruck, indem Sie es im Eingangsbereich platzieren.<\/li>\n<li><strong>Schickes Schlafzimmer:<\/strong> Mit diesem goldenen Weihnachtsbaum wird Ihr Schlafzimmer noch gem\u00fctlicher.<\/li>\n<\/ul>\n","protected":false},"excerpt":{"rendered":"<p>Moderner nude-goldener Weihnachtsbaum mit warmwei\u00dfen Micro-LED-Lichtern. Holen Sie sich den Zauber der Weihnachtszeit in Ihren Raum mit unserem modernen goldenen Weihnachtsbaum, der von warmwei\u00dfen Mikro-LEDs beleuchtet wird. Dieser nackte Baum ist eine zeitgem\u00e4\u00dfe Interpretation einer klassischen Tradition und eignet sich perfekt, um Ihrem Zuhause in der Weihnachtszeit einen Hauch von Eleganz zu verleihen.<\/p>\n<p>Drei Dimensionen:<\/p>\n<p>gro\u00df 70x70x180cm,<\/p>\n<p>mittel 51x51x99cm,<\/p>\n<p>klein 34x30x59cm.<\/p>\n","protected":false},"featured_media":138528,"template":"","meta":{"_seopress_robots_primary_cat":"none","_seopress_titles_title":"","_seopress_titles_desc":"","_seopress_robots_index":""},"product_brand":[],"product_cat":[4030,7193,4133,3748],"product_tag":[7785,7896,7867,5138,5163,7897,6721],"class_list":{"0":"post-140434","1":"product","2":"type-product","3":"status-publish","4":"has-post-thumbnail","6":"product_cat-deko","7":"product_cat-lampen","8":"product_cat-weihnachtsdekoration","9":"product_cat-wohnaccessoires","10":"product_tag-noel-de","11":"product_tag-noel-saft","12":"product_tag-weihnachten-de","13":"product_tag-weihnachtsbaum","14":"product_tag-weihnachtsbaum-de","15":"product_tag-weihnachtsbaum-de-2","16":"product_tag-weihnachtsdekoration-de-6","18":"first","19":"instock","20":"shipping-taxable","21":"purchasable","22":"product-type-variable"},"jetpack_sharing_enabled":true,"_links":{"self":[{"href":"https:\/\/lighthouselocarno.ch\/de\/wp-json\/wp\/v2\/product\/140434","targetHints":{"allow":["GET"]}}],"collection":[{"href":"https:\/\/lighthouselocarno.ch\/de\/wp-json\/wp\/v2\/product"}],"about":[{"href":"https:\/\/lighthouselocarno.ch\/de\/wp-json\/wp\/v2\/types\/product"}],"wp:featuredmedia":[{"embeddable":true,"href":"https:\/\/lighthouselocarno.ch\/de\/wp-json\/wp\/v2\/media\/138528"}],"wp:attachment":[{"href":"https:\/\/lighthouselocarno.ch\/de\/wp-json\/wp\/v2\/media?parent=140434"}],"wp:term":[{"taxonomy":"product_brand","embeddable":true,"href":"https:\/\/lighthouselocarno.ch\/de\/wp-json\/wp\/v2\/product_brand?post=140434"},{"taxonomy":"product_cat","embeddable":true,"href":"https:\/\/lighthouselocarno.ch\/de\/wp-json\/wp\/v2\/product_cat?post=140434"},{"taxonomy":"product_tag","embeddable":true,"href":"https:\/\/lighthouselocarno.ch\/de\/wp-json\/wp\/v2\/product_tag?post=140434"}],"curies":[{"name":"wp","href":"https:\/\/api.w.org\/{rel}","templated":true}]}}