{"id":140452,"date":"2023-12-19T18:04:47","date_gmt":"2023-12-19T18:04:47","guid":{"rendered":"https:\/\/lighthouselocarno.ch\/prodotto\/willkommens-fussmatte\/"},"modified":"2024-08-30T09:23:18","modified_gmt":"2024-08-30T09:23:18","slug":"willkommens-fussmatte","status":"publish","type":"product","link":"https:\/\/lighthouselocarno.ch\/de\/produkt\/willkommens-fussmatte\/","title":{"rendered":"Willkommens-Fu\u00dfmatte"},"content":{"rendered":"","protected":false},"excerpt":{"rendered":"<p><strong>Fu\u00dfmatte &#8218;Welcome&#8216;: Willkommen in Komfort und Eleganz<\/strong> Setzen Sie ein Zeichen der Gastfreundschaft mit der Fu\u00dfmatte &#8218;Welcome&#8216; f\u00fcr den Eingangsbereich. Diese Fu\u00dfmatte mit dem Schriftzug \u201eWelcome\u201c ist ein willkommener Einstieg in Ihr Zuhause.<\/p>\n","protected":false},"featured_media":138664,"template":"","meta":{"_seopress_robots_primary_cat":"none","_seopress_titles_title":"","_seopress_titles_desc":"","_seopress_robots_index":""},"product_brand":[],"product_cat":[6035,5693,6068,3748],"product_tag":[7931,7934,7937,7932,7935,7933,7930,7936],"class_list":{"0":"post-140452","1":"product","2":"type-product","3":"status-publish","4":"has-post-thumbnail","6":"product_cat-accessoires-de","7":"product_cat-nachrichten","8":"product_cat-teppiche","9":"product_cat-wohnaccessoires","10":"product_tag-eingangsmatte","11":"product_tag-eingangsmatte-de","12":"product_tag-entree-tapis","13":"product_tag-fusabtreter-de","14":"product_tag-fusmatte-de-3","15":"product_tag-fusmatte-de-2","16":"product_tag-fusmatte-de","17":"product_tag-paillasson-de","19":"first","20":"instock","21":"shipping-taxable","22":"purchasable","23":"product-type-simple"},"jetpack_sharing_enabled":true,"_links":{"self":[{"href":"https:\/\/lighthouselocarno.ch\/de\/wp-json\/wp\/v2\/product\/140452","targetHints":{"allow":["GET"]}}],"collection":[{"href":"https:\/\/lighthouselocarno.ch\/de\/wp-json\/wp\/v2\/product"}],"about":[{"href":"https:\/\/lighthouselocarno.ch\/de\/wp-json\/wp\/v2\/types\/product"}],"wp:featuredmedia":[{"embeddable":true,"href":"https:\/\/lighthouselocarno.ch\/de\/wp-json\/wp\/v2\/media\/138664"}],"wp:attachment":[{"href":"https:\/\/lighthouselocarno.ch\/de\/wp-json\/wp\/v2\/media?parent=140452"}],"wp:term":[{"taxonomy":"product_brand","embeddable":true,"href":"https:\/\/lighthouselocarno.ch\/de\/wp-json\/wp\/v2\/product_brand?post=140452"},{"taxonomy":"product_cat","embeddable":true,"href":"https:\/\/lighthouselocarno.ch\/de\/wp-json\/wp\/v2\/product_cat?post=140452"},{"taxonomy":"product_tag","embeddable":true,"href":"https:\/\/lighthouselocarno.ch\/de\/wp-json\/wp\/v2\/product_tag?post=140452"}],"curies":[{"name":"wp","href":"https:\/\/api.w.org\/{rel}","templated":true}]}}