{"id":140455,"date":"2023-12-13T15:20:49","date_gmt":"2023-12-13T15:20:49","guid":{"rendered":"https:\/\/lighthouselocarno.ch\/prodotto\/baerenkopf-kinderteppich\/"},"modified":"2023-12-19T18:15:41","modified_gmt":"2023-12-19T18:15:41","slug":"baerenkopf-kinderteppich","status":"publish","type":"product","link":"https:\/\/lighthouselocarno.ch\/de\/produkt\/baerenkopf-kinderteppich\/","title":{"rendered":"Kinderteppich in Form eines B\u00e4renkopfes"},"content":{"rendered":"<p>          <em><br \/>\n            <strong>Hauptmerkmale:<\/strong><br \/>\n          <\/em><\/p>\n<ol>\n<li><strong>Hochwertiger \u00d6ko-Pelz:<\/strong> Unser Kunstpelz bietet die gleiche Weichheit und den gleichen Glanz wie traditionelle Pelze, ohne negative Auswirkungen auf die Umwelt. Entscheiden Sie sich f\u00fcr Nachhaltigkeit, ohne auf Stil zu verzichten.<\/li>\n<li><strong>Realistisches Design:<\/strong> Die realistische Form eines B\u00e4renkopfes verleiht dem Teppich ein faszinierendes und anregendes Aussehen und regt die Fantasie der Kinder an.<\/li>\n<li><strong>Perfekte Gr\u00f6\u00dfe zum Spielen:<\/strong> Mit seinen gro\u00dfz\u00fcgigen Abmessungen bietet der Teppich einen idealen Platz zum Spielen, f\u00fcr kreative Aktivit\u00e4ten und zum Entspannen.<\/li>\n<\/ol>\n<p>          <em><br \/>\n            <strong>Luxus ohne Kompromisse:<\/strong><br \/>\n          <\/em><\/p>\n<ul>\n<li><strong>Weich im Griff:<\/strong> Der Teppich ist unglaublich weich im Griff und schafft einen kuscheligen Spielbereich f\u00fcr maximalen Komfort.<\/li>\n<li><strong>Sicher und hypoallergen:<\/strong> Das umweltfreundliche Fell ist frei von Schadstoffen und gew\u00e4hrleistet eine sichere und hypoallergene Umgebung f\u00fcr Ihre Kinder.<\/li>\n<\/ul>\n<p>          <em><br \/>\n            <strong>Stil und Nachhaltigkeit vereint:<\/strong><br \/>\n          <\/em><\/p>\n<ul>\n<li>Trendiges <strong>Deko-Element:<\/strong> Neben seiner spielerischen Funktion ist der Teppich auch ein trendiges Deko-Element, das jeden Raum aufwertet.<\/li>\n<li><strong>\u00d6kologische Wahl:<\/strong> Entscheiden Sie sich f\u00fcr \u00f6kologische Nachhaltigkeit, ohne auf Stil zu verzichten, und beweisen Sie, dass Luxus und Umweltverantwortung Hand in Hand gehen k\u00f6nnen.<\/li>\n<\/ul>\n","protected":false},"excerpt":{"rendered":"<p><strong>Bear Head Kinderspielteppich: Wo der Spa\u00df beginnt!<\/strong><\/p>\n<p>Bringen Sie eine Welt des Spiels und der Fantasie in das Zimmer Ihrer Kleinen mit der Kinderspielmatte in Form eines B\u00e4renkopfes. Dieser Teppich ist nicht nur eine gem\u00fctliche Erg\u00e4nzung des Fu\u00dfbodens, sondern auch ein verwunschener Raum, in dem die Kreativit\u00e4t zum Leben erwacht.<\/p>\n<p><strong>Verwandeln Sie das Zimmer Ihres Kindes in eine Oase des Stils und des Spa\u00dfes mit der Eco Fur &#8218;Bear Head&#8216; Spielmatte. Kaufen Sie Ihre noch heute und schenken Sie Ihren Kindern ein au\u00dfergew\u00f6hnliches Spielerlebnis!<\/strong><\/p>\n","protected":false},"featured_media":138628,"template":"","meta":{"_seopress_robots_primary_cat":"none","_seopress_titles_title":"","_seopress_titles_desc":"","_seopress_robots_index":""},"product_brand":[],"product_cat":[6035,5693,6068,4133,3748],"product_tag":[7963,7964,7961,7960,7965,7959,7962],"class_list":{"0":"post-140455","1":"product","2":"type-product","3":"status-publish","4":"has-post-thumbnail","6":"product_cat-accessoires-de","7":"product_cat-nachrichten","8":"product_cat-teppiche","9":"product_cat-weihnachtsdekoration","10":"product_cat-wohnaccessoires","11":"product_tag-barenteppich-fur-kinder-de","12":"product_tag-barenteppich-fur-kinder-de-2","13":"product_tag-geschenkideen","14":"product_tag-schlafzimmereinrichtung","15":"product_tag-tapis-en-forme-dours-pour-enfants-de","16":"product_tag-teppich","17":"product_tag-teppich-in-barenform-fur-kinder","19":"first","20":"instock","21":"shipping-taxable","22":"purchasable","23":"product-type-simple"},"jetpack_sharing_enabled":true,"_links":{"self":[{"href":"https:\/\/lighthouselocarno.ch\/de\/wp-json\/wp\/v2\/product\/140455","targetHints":{"allow":["GET"]}}],"collection":[{"href":"https:\/\/lighthouselocarno.ch\/de\/wp-json\/wp\/v2\/product"}],"about":[{"href":"https:\/\/lighthouselocarno.ch\/de\/wp-json\/wp\/v2\/types\/product"}],"wp:featuredmedia":[{"embeddable":true,"href":"https:\/\/lighthouselocarno.ch\/de\/wp-json\/wp\/v2\/media\/138628"}],"wp:attachment":[{"href":"https:\/\/lighthouselocarno.ch\/de\/wp-json\/wp\/v2\/media?parent=140455"}],"wp:term":[{"taxonomy":"product_brand","embeddable":true,"href":"https:\/\/lighthouselocarno.ch\/de\/wp-json\/wp\/v2\/product_brand?post=140455"},{"taxonomy":"product_cat","embeddable":true,"href":"https:\/\/lighthouselocarno.ch\/de\/wp-json\/wp\/v2\/product_cat?post=140455"},{"taxonomy":"product_tag","embeddable":true,"href":"https:\/\/lighthouselocarno.ch\/de\/wp-json\/wp\/v2\/product_tag?post=140455"}],"curies":[{"name":"wp","href":"https:\/\/api.w.org\/{rel}","templated":true}]}}