{"id":140458,"date":"2023-12-19T18:18:07","date_gmt":"2023-12-19T18:18:07","guid":{"rendered":"https:\/\/lighthouselocarno.ch\/prodotto\/baerenkopfteppich-fuer-kinder\/"},"modified":"2023-12-19T18:18:07","modified_gmt":"2023-12-19T18:18:07","slug":"baerenkopfteppich-fuer-kinder","status":"publish","type":"product","link":"https:\/\/lighthouselocarno.ch\/de\/produkt\/baerenkopfteppich-fuer-kinder\/","title":{"rendered":"B\u00e4renkopfteppich f\u00fcr Kinder"},"content":{"rendered":"<p>          <strong>Verwandeln Sie das Zimmer Ihres Kindes in eine Oase des Stils und des Spa\u00dfes mit der Eco Fur &#8218;Bear Head&#8216; Spielmatte. Kaufen Sie Ihre noch heute und schenken Sie Ihren Kindern ein au\u00dfergew\u00f6hnliches Spielerlebnis!<\/strong><\/p>\n","protected":false},"excerpt":{"rendered":"<p><strong>Eco Fur &#8218;Bear Head&#8216; Kinderspielteppich: Luxuri\u00f6ser nachhaltiger Spa\u00df<\/strong><\/p>\n<p>Verleihen Sie Ihrem Kinderzimmer einen Hauch von nachhaltigem Luxus mit der einzigartigen Spielmatte \u201eB\u00e4renkopf\u201c aus Kunstfell. Dieser Teppich bietet nicht nur ein weiches und kuscheliges Erlebnis, sondern bringt auch Stil und Spa\u00df in die Welt der Kleinsten.<\/p>\n","protected":false},"featured_media":138600,"template":"","meta":{"_seopress_robots_primary_cat":"none","_seopress_titles_title":"","_seopress_titles_desc":"","_seopress_robots_index":""},"product_brand":[],"product_cat":[6035,5693,6068],"product_tag":[7963,7964,7965,7962],"class_list":{"0":"post-140458","1":"product","2":"type-product","3":"status-publish","4":"has-post-thumbnail","6":"product_cat-accessoires-de","7":"product_cat-nachrichten","8":"product_cat-teppiche","9":"product_tag-barenteppich-fur-kinder-de","10":"product_tag-barenteppich-fur-kinder-de-2","11":"product_tag-tapis-en-forme-dours-pour-enfants-de","12":"product_tag-teppich-in-barenform-fur-kinder","14":"first","15":"instock","16":"shipping-taxable","17":"product-type-simple"},"jetpack_sharing_enabled":true,"_links":{"self":[{"href":"https:\/\/lighthouselocarno.ch\/de\/wp-json\/wp\/v2\/product\/140458","targetHints":{"allow":["GET"]}}],"collection":[{"href":"https:\/\/lighthouselocarno.ch\/de\/wp-json\/wp\/v2\/product"}],"about":[{"href":"https:\/\/lighthouselocarno.ch\/de\/wp-json\/wp\/v2\/types\/product"}],"wp:featuredmedia":[{"embeddable":true,"href":"https:\/\/lighthouselocarno.ch\/de\/wp-json\/wp\/v2\/media\/138600"}],"wp:attachment":[{"href":"https:\/\/lighthouselocarno.ch\/de\/wp-json\/wp\/v2\/media?parent=140458"}],"wp:term":[{"taxonomy":"product_brand","embeddable":true,"href":"https:\/\/lighthouselocarno.ch\/de\/wp-json\/wp\/v2\/product_brand?post=140458"},{"taxonomy":"product_cat","embeddable":true,"href":"https:\/\/lighthouselocarno.ch\/de\/wp-json\/wp\/v2\/product_cat?post=140458"},{"taxonomy":"product_tag","embeddable":true,"href":"https:\/\/lighthouselocarno.ch\/de\/wp-json\/wp\/v2\/product_tag?post=140458"}],"curies":[{"name":"wp","href":"https:\/\/api.w.org\/{rel}","templated":true}]}}