{"id":140461,"date":"2023-12-19T18:20:28","date_gmt":"2023-12-19T18:20:28","guid":{"rendered":"https:\/\/lighthouselocarno.ch\/prodotto\/baerenteppich-fuer-kinder\/"},"modified":"2023-12-19T18:20:28","modified_gmt":"2023-12-19T18:20:28","slug":"baerenteppich-fuer-kinder","status":"publish","type":"product","link":"https:\/\/lighthouselocarno.ch\/de\/produkt\/baerenteppich-fuer-kinder\/","title":{"rendered":"B\u00e4renteppich f\u00fcr Kinder"},"content":{"rendered":"","protected":false},"excerpt":{"rendered":"<p><strong>Eco-Fur &#8218;Teddy Bear&#8216; Kinderspielteppich: Luxuri\u00f6ser nachhaltiger Spa\u00df.  <\/strong>S\u00fc\u00dfe Wickelauflage in B\u00e4renform f\u00fcr Kinder. Wei\u00dfe Farbe. Waschbar bei 30 Grad. 100% Polyester Abmessungen 103 x 82 x 1,5<\/p>\n","protected":false},"featured_media":138616,"template":"","meta":{"_seopress_robots_primary_cat":"none","_seopress_titles_title":"","_seopress_titles_desc":"","_seopress_robots_index":""},"product_brand":[],"product_cat":[6035,5693,6068],"product_tag":[7973,7959,7972],"class_list":{"0":"post-140461","1":"product","2":"type-product","3":"status-publish","4":"has-post-thumbnail","6":"product_cat-accessoires-de","7":"product_cat-nachrichten","8":"product_cat-teppiche","9":"product_tag-tapis-de","10":"product_tag-teppich","11":"product_tag-teppich-de","13":"first","14":"instock","15":"shipping-taxable","16":"purchasable","17":"product-type-simple"},"jetpack_sharing_enabled":true,"_links":{"self":[{"href":"https:\/\/lighthouselocarno.ch\/de\/wp-json\/wp\/v2\/product\/140461","targetHints":{"allow":["GET"]}}],"collection":[{"href":"https:\/\/lighthouselocarno.ch\/de\/wp-json\/wp\/v2\/product"}],"about":[{"href":"https:\/\/lighthouselocarno.ch\/de\/wp-json\/wp\/v2\/types\/product"}],"wp:featuredmedia":[{"embeddable":true,"href":"https:\/\/lighthouselocarno.ch\/de\/wp-json\/wp\/v2\/media\/138616"}],"wp:attachment":[{"href":"https:\/\/lighthouselocarno.ch\/de\/wp-json\/wp\/v2\/media?parent=140461"}],"wp:term":[{"taxonomy":"product_brand","embeddable":true,"href":"https:\/\/lighthouselocarno.ch\/de\/wp-json\/wp\/v2\/product_brand?post=140461"},{"taxonomy":"product_cat","embeddable":true,"href":"https:\/\/lighthouselocarno.ch\/de\/wp-json\/wp\/v2\/product_cat?post=140461"},{"taxonomy":"product_tag","embeddable":true,"href":"https:\/\/lighthouselocarno.ch\/de\/wp-json\/wp\/v2\/product_tag?post=140461"}],"curies":[{"name":"wp","href":"https:\/\/api.w.org\/{rel}","templated":true}]}}