{"id":140594,"date":"2023-12-20T10:08:46","date_gmt":"2023-12-20T10:08:46","guid":{"rendered":"https:\/\/lighthouselocarno.ch\/prodotto\/glasperle-fuer-gluehwein\/"},"modified":"2025-06-06T08:21:59","modified_gmt":"2025-06-06T08:21:59","slug":"glasperle-fuer-gluehwein","status":"publish","type":"product","link":"https:\/\/lighthouselocarno.ch\/de\/produkt\/glasperle-fuer-gluehwein\/","title":{"rendered":"Glasperle f\u00fcr Gl\u00fchwein"},"content":{"rendered":"","protected":false},"excerpt":{"rendered":"<div class=\"flex flex-grow flex-col max-w-full\">\n<div class=\"min-h-[20px] text-message flex flex-col items-start gap-3 whitespace-pre-wrap break-words [.text-message+&amp;]:mt-5 overflow-x-auto\" data-message-author-role=\"assistant\" data-message-id=\"b7b26148-c1f9-413b-83ef-2058ae539690\">\n<div class=\"markdown prose w-full break-words dark:prose-invert light\">\n<p>Entdecken Sie die Magie des Winters mit der <strong>Gl\u00fchweinkugel aus geh\u00e4rtetem Glas, ein echtes Must-Have, um Ihre besonderen Momente zu erw\u00e4rmen und Ihre G\u00e4ste zu beeindrucken!<\/strong> Diese Kugel ist ideal, um <strong>Hei\u00dfgetr\u00e4nke auf kreative Weise zu servieren<\/strong> und wird Ihre <strong>Winterabende<\/strong> zu einem ganz neuen Erlebnis machen.<\/p>\n<p>Die Kugel aus <strong>hochwertigem, geh\u00e4rtetem Glas<\/strong> verleiht Ihren winterlichen Lieblingsgetr\u00e4nken einen unverwechselbaren Touch<strong> und<\/strong> verleiht jedem Schluck einen Hauch von Magie und Feierlichkeit.<\/p>\n<p>Machen Sie jeden Moment einzigartig mit der Kugel aus geh\u00e4rtetem Glas: <strong>die perfekte Erg\u00e4nzung, um einen duftenden Gl\u00fchwein oder einen k\u00f6stlichen Mandarinenpunsch zu pr\u00e4sentieren<\/strong>. W\u00e4hlen Sie Sch\u00f6nheit, Funktionalit\u00e4t und Eleganz in einem Produkt und machen Sie Ihre Wintermomente zu unvergesslichen Erlebnissen.<\/p>\n<\/div>\n<\/div>\n<\/div>\n<div class=\"mt-1 flex justify-start gap-3 empty:hidden\">\n<div class=\"text-gray-400 flex self-end lg:self-center justify-center lg:justify-start mt-0 gap-1 visible\"><\/div>\n<\/div>\n","protected":false},"featured_media":138480,"template":"","meta":{"_seopress_robots_primary_cat":"none","_seopress_titles_title":"","_seopress_titles_desc":"","_seopress_robots_index":""},"product_brand":[],"product_cat":[4030,5693,7230,3755,4133,3748],"product_tag":[5147,5160,7977,5133,4134,7976,5189],"class_list":{"0":"post-140594","1":"product","2":"type-product","3":"status-publish","4":"has-post-thumbnail","6":"product_cat-deko","7":"product_cat-nachrichten","8":"product_cat-teller-und-tassen","9":"product_cat-tisch-zu-behoer","10":"product_cat-weihnachtsdekoration","11":"product_cat-wohnaccessoires","12":"product_tag-einrichtung-des-arbeitsplatzes","13":"product_tag-geschenkidee","14":"product_tag-grappa","15":"product_tag-weihnachtsdeko","16":"product_tag-weihnachtsdekoration-de","17":"product_tag-weihnachtsgeschenk","18":"product_tag-weihnachtsgeschenkidee","20":"first","21":"instock","22":"shipping-taxable","23":"purchasable","24":"product-type-simple"},"jetpack_sharing_enabled":true,"_links":{"self":[{"href":"https:\/\/lighthouselocarno.ch\/de\/wp-json\/wp\/v2\/product\/140594","targetHints":{"allow":["GET"]}}],"collection":[{"href":"https:\/\/lighthouselocarno.ch\/de\/wp-json\/wp\/v2\/product"}],"about":[{"href":"https:\/\/lighthouselocarno.ch\/de\/wp-json\/wp\/v2\/types\/product"}],"wp:featuredmedia":[{"embeddable":true,"href":"https:\/\/lighthouselocarno.ch\/de\/wp-json\/wp\/v2\/media\/138480"}],"wp:attachment":[{"href":"https:\/\/lighthouselocarno.ch\/de\/wp-json\/wp\/v2\/media?parent=140594"}],"wp:term":[{"taxonomy":"product_brand","embeddable":true,"href":"https:\/\/lighthouselocarno.ch\/de\/wp-json\/wp\/v2\/product_brand?post=140594"},{"taxonomy":"product_cat","embeddable":true,"href":"https:\/\/lighthouselocarno.ch\/de\/wp-json\/wp\/v2\/product_cat?post=140594"},{"taxonomy":"product_tag","embeddable":true,"href":"https:\/\/lighthouselocarno.ch\/de\/wp-json\/wp\/v2\/product_tag?post=140594"}],"curies":[{"name":"wp","href":"https:\/\/api.w.org\/{rel}","templated":true}]}}