{"id":140781,"date":"2024-01-19T14:15:02","date_gmt":"2024-01-19T14:15:02","guid":{"rendered":"https:\/\/lighthouselocarno.ch\/prodotto\/rosegoldfarbene-stahlohrringe-mit-kristallen-und-traubenstein-anhaenger\/"},"modified":"2024-08-06T09:29:04","modified_gmt":"2024-08-06T09:29:04","slug":"rosegoldfarbene-stahlohrringe-mit-kristallen-und-traubenstein-anhaenger","status":"publish","type":"product","link":"https:\/\/lighthouselocarno.ch\/de\/produkt\/rosegoldfarbene-stahlohrringe-mit-kristallen-und-traubenstein-anhaenger\/","title":{"rendered":"Ohrringe aus ros\u00e9vergoldetem Stahl mit Kristallen und violettem Traubenstein-Anh\u00e4nger"},"content":{"rendered":"<p>Entdecken Sie eine au\u00dfergew\u00f6hnliche <strong>Schmuckkollektion<\/strong>, die raffinierte Eleganz ausstrahlt und mit Steinen in einer Vielzahl von Farben veredelt wird, um Ihr<strong> Outfit<\/strong> zu perfektionieren. Entdecken Sie alle Schmuckkombinationen, die <strong>Ihrem Stil einen Hauch von Glamour <\/strong>verleihen werden. W\u00e4hlen Sie aus einer <strong>exklusiven Auswahl an<\/strong> tadellosen <strong>Farben und Designs<\/strong>, um Ihren <strong>Look<\/strong> stilvoll zu vervollst\u00e4ndigen. <em><strong>Zus\u00e4tzliche Informationen<\/strong><\/em><\/p>\n<ul>\n<li>Handgefertigt<\/li>\n<li>Hochwertiger Schmuck<\/li>\n<li>Beschichtete\/plattierte Metallteile<\/li>\n<li>Anallergisch\/Nickelfrei<\/li>\n<li>Zertifiziertes europ\u00e4isches Kristall.<\/li>\n<li>Rostfreier Stahl<\/li>\n<\/ul>\n<p><em><strong>Pflegehinweise f\u00fcr das Produkt<\/strong> <\/em> Um das Produkt in perfektem Zustand zu halten, empfehlen wir, den direkten Kontakt mit Make-up, Parf\u00fcm und Wasser zu vermeiden. Bewahren Sie Ihren Schmuck in der Originalverpackung oder in einem Samtetui auf, um Kratzer zu vermeiden. Gelegentliches Polieren mit einem weichen Tuch erh\u00e4lt den Glanz.  &nbsp;<\/p>\n","protected":false},"excerpt":{"rendered":"<h3><strong>Firenze Deluxe&#8216; INOX-Ohrringe aus Edelstahl mit Kristallpav\u00e9 und Anh\u00e4nger mit violettem Stein Grape\/Uva.<\/strong><\/h3>\n<p><strong>Elegante und raffinierte Ohrringe aus kratzfestem Edelstahl in Ros\u00e9gold, besetzt mit wei\u00dfen Kristallen und einem lilafarbenen Stein als Anh\u00e4nger.<\/strong>  Ein exklusives Schmuckst\u00fcck aus poliertem, nicht allergenem und langlebigem Edelstahl. Diese Ohrringe sind ein exklusives Schmuckst\u00fcck aus rostfreiem Stahl mit einer speziellen Beschichtung, die den Glanz des Metalls \u00fcber die Zeit erh\u00e4lt. Entdecken Sie die zeitlose Eleganz dieser exklusiven <strong>Creole-Ohrringe aus Stahl mit Kristallen und traubenfarbenem Stein<\/strong>. Diese Ohrringe werden mit <strong>handwerklichem Geschick<\/strong> und <strong>hochwertigen Materialien <\/strong> hergestellt.<strong>Kreieren Sie Ihr eigenes Schmuckst\u00fcck:<\/strong> Kombinieren Sie diese Ohrringe mit den Firenze Deluxe Ringen und den Firenze Halskettenanh\u00e4ngern.<br \/>\nFirenze Deluxe Kollektion Gesamtl\u00e4nge 2,5 cm Nickelfrei   &nbsp;<\/p>\n","protected":false},"featured_media":140569,"template":"","meta":{"_seopress_robots_primary_cat":"none","_seopress_titles_title":"Firenze Deluxe' Edelstahl-Ohrringe mit Kristallen und Grape\/Uva-Stein-Anh\u00e4nger.","_seopress_titles_desc":"Entdecken Sie die zeitlose Eleganz dieser exklusiven Stahlohrringe mit Kristallen und traubenf\u00f6rmigen Steinen. Diese Ohrringe werden mit handwerklichem Geschick und hochwertigen Materialien hergestellt und verk\u00f6rpern einen raffinierten und raffinierten Stil.","_seopress_robots_index":""},"product_brand":[],"product_cat":[5693,4114,4110],"product_tag":[4118,8022,8020,5560,5577,4122,5011],"class_list":{"0":"post-140781","1":"product","2":"type-product","3":"status-publish","4":"has-post-thumbnail","6":"product_cat-nachrichten","7":"product_cat-ohrringe","8":"product_cat-schmuck","9":"product_tag-bijoux-de","10":"product_tag-hoher-modeschmuck","11":"product_tag-kreolische-ohrringe","12":"product_tag-ohrringe-de-2","13":"product_tag-ohrringe-de-3","14":"product_tag-ohrringe-de","15":"product_tag-schmuck","17":"first","18":"outofstock","19":"shipping-taxable","20":"purchasable","21":"product-type-simple"},"jetpack_sharing_enabled":true,"_links":{"self":[{"href":"https:\/\/lighthouselocarno.ch\/de\/wp-json\/wp\/v2\/product\/140781","targetHints":{"allow":["GET"]}}],"collection":[{"href":"https:\/\/lighthouselocarno.ch\/de\/wp-json\/wp\/v2\/product"}],"about":[{"href":"https:\/\/lighthouselocarno.ch\/de\/wp-json\/wp\/v2\/types\/product"}],"wp:featuredmedia":[{"embeddable":true,"href":"https:\/\/lighthouselocarno.ch\/de\/wp-json\/wp\/v2\/media\/140569"}],"wp:attachment":[{"href":"https:\/\/lighthouselocarno.ch\/de\/wp-json\/wp\/v2\/media?parent=140781"}],"wp:term":[{"taxonomy":"product_brand","embeddable":true,"href":"https:\/\/lighthouselocarno.ch\/de\/wp-json\/wp\/v2\/product_brand?post=140781"},{"taxonomy":"product_cat","embeddable":true,"href":"https:\/\/lighthouselocarno.ch\/de\/wp-json\/wp\/v2\/product_cat?post=140781"},{"taxonomy":"product_tag","embeddable":true,"href":"https:\/\/lighthouselocarno.ch\/de\/wp-json\/wp\/v2\/product_tag?post=140781"}],"curies":[{"name":"wp","href":"https:\/\/api.w.org\/{rel}","templated":true}]}}