{"id":140787,"date":"2023-07-16T15:28:25","date_gmt":"2023-07-16T15:28:25","guid":{"rendered":"https:\/\/lighthouselocarno.ch\/prodotto\/vergoldetes-edelstahlarmband-mit-kristallen-und-anhaenger\/"},"modified":"2026-01-09T13:42:23","modified_gmt":"2026-01-09T13:42:23","slug":"vergoldetes-edelstahlarmband-mit-kristallen-und-anhaenger","status":"publish","type":"product","link":"https:\/\/lighthouselocarno.ch\/de\/produkt\/vergoldetes-edelstahlarmband-mit-kristallen-und-anhaenger\/","title":{"rendered":"Vergoldetes Edelstahlarmband mit Kristallen und Anh\u00e4nger"},"content":{"rendered":"<p>Entdecken Sie die gesamte, au\u00dfergew\u00f6hnliche Kollektion von <strong>Bijoux-Schmuck<\/strong>, der eine raffinierte Eleganz vermittelt, angereichert mit Steinen in einer Vielzahl von Farben, um die Perfektion Ihres <strong>Outfits zu unterstreichen.<\/strong> Entdecken Sie alle Kombinationen von Bijoux-Schmuck, die <strong>Ihrem Stil einen Hauch von Glamour verleihen.<\/strong> W\u00e4hlen Sie aus der exklusiven Auswahl an Farben und makellosen Designs, um Ihren <strong>Look stilvoll zu vervollst\u00e4ndigen.<\/strong><\/p>\n<p><b><i>Zus\u00e4tzliche Informationen<\/i><\/b><\/p>\n<ul>\n<li>Handgefertigt<\/li>\n<\/ul>\n<ul>\n<li>Hochwertiger Schmuck<\/li>\n<\/ul>\n<ul>\n<li>Beschichtete\/plattierte Metallteile<\/li>\n<\/ul>\n<ul>\n<li>Anallergisch\/Nickelfrei<\/li>\n<\/ul>\n<ul>\n<li>Zertifiziertes europ\u00e4isches Kristall.<\/li>\n<\/ul>\n<ul>\n<li>Rostfreier Stahl<\/li>\n<\/ul>\n<p><b><i>Pflegehinweise f\u00fcr das Produkt<\/i><\/b><\/p>\n<p>Um das Produkt in perfektem Zustand zu halten, empfehlen wir, den direkten Kontakt mit Make-up, Parf\u00fcm und Wasser zu vermeiden. Bewahren Sie Ihre Schmuckst\u00fccke in ihrer Originalverpackung oder in einem Samtbeutel auf, um Kratzer zu vermeiden. Gelegentliches Polieren mit einem weichen Tuch erh\u00e4lt den Glanz.<\/p>\n","protected":false},"excerpt":{"rendered":"<p><strong>Elegantes und raffiniertes goldfarbenes Edelstahlarmband mit Hebelschlie\u00dfe und passendem, mit Kristallen besetztem Ring.  <\/strong><\/p>\n<p>Entdecken Sie die zeitlose Eleganz mit unserem wundersch\u00f6nen <strong>kratzfesten Edelstahlarmband, vergoldet und mit wei\u00dfen Kristallen<\/strong> am Verschluss und einem einzigartigen Anh\u00e4nger verziert. Dieses raffinierte Accessoire vereint modernes Design und Langlebigkeit und verleiht jedem Anlass einen Hauch von Luxus. Ein exklusives, <strong>hochwertiges Schmuckst\u00fcck<\/strong> aus poliertem, nicht allergenem und langlebigem Edelstahl. Dieses Armband ist ein exklusives Schmuckst\u00fcck aus rostfreiem Stahl mit einer speziellen Beschichtung, die den Glanz des polierten Metalls auf Dauer erh\u00e4lt. Das Damenarmband wird mit <b>sorgf\u00e4ltiger Handwerkskunst<\/b> und <b>hochwertigen Materialien<\/b> hergestellt.<\/p>\n<p><b>Kreieren Sie Ihr eigenes Schmuckst\u00fcck: <\/b>Dieses Armband hat ein integriertes Element, das mit allen Elementen der <strong>Interchangeable-Kollektion<\/strong> kombiniert werden kann.<\/p>\n<p>Auswechselbare Kollektion<\/p>\n<p>Das Armband ist in zwei L\u00e4ngen erh\u00e4ltlich: 20 cm und 23 cm.<br \/>\nDurchmesser des Ringes des Knebelverschlusses: 17 mm<\/p>\n<p>Nickelfrei<\/p>\n<p>&nbsp;<\/p>\n","protected":false},"featured_media":140581,"template":"","meta":{"_seopress_robots_primary_cat":"none","_seopress_titles_title":"","_seopress_titles_desc":"","_seopress_robots_index":""},"product_brand":[],"product_cat":[4159,5693,4110],"product_tag":[4165,4161,4118,8035],"class_list":{"0":"post-140787","1":"product","2":"type-product","3":"status-publish","4":"has-post-thumbnail","6":"product_cat-armbander","7":"product_cat-nachrichten","8":"product_cat-schmuck","9":"product_tag-armband","10":"product_tag-armbander","11":"product_tag-bijoux-de","12":"product_tag-modeschmuck","14":"first","15":"outofstock","16":"shipping-taxable","17":"purchasable","18":"product-type-simple"},"jetpack_sharing_enabled":true,"_links":{"self":[{"href":"https:\/\/lighthouselocarno.ch\/de\/wp-json\/wp\/v2\/product\/140787","targetHints":{"allow":["GET"]}}],"collection":[{"href":"https:\/\/lighthouselocarno.ch\/de\/wp-json\/wp\/v2\/product"}],"about":[{"href":"https:\/\/lighthouselocarno.ch\/de\/wp-json\/wp\/v2\/types\/product"}],"wp:featuredmedia":[{"embeddable":true,"href":"https:\/\/lighthouselocarno.ch\/de\/wp-json\/wp\/v2\/media\/140581"}],"wp:attachment":[{"href":"https:\/\/lighthouselocarno.ch\/de\/wp-json\/wp\/v2\/media?parent=140787"}],"wp:term":[{"taxonomy":"product_brand","embeddable":true,"href":"https:\/\/lighthouselocarno.ch\/de\/wp-json\/wp\/v2\/product_brand?post=140787"},{"taxonomy":"product_cat","embeddable":true,"href":"https:\/\/lighthouselocarno.ch\/de\/wp-json\/wp\/v2\/product_cat?post=140787"},{"taxonomy":"product_tag","embeddable":true,"href":"https:\/\/lighthouselocarno.ch\/de\/wp-json\/wp\/v2\/product_tag?post=140787"}],"curies":[{"name":"wp","href":"https:\/\/api.w.org\/{rel}","templated":true}]}}