{"id":140911,"date":"2024-01-20T07:46:48","date_gmt":"2024-01-20T07:46:48","guid":{"rendered":"https:\/\/lighthouselocarno.ch\/prodotto\/ewigkeitsring-aus-edelstahl-in-rosegold-mit-kristallen\/"},"modified":"2026-01-09T16:56:48","modified_gmt":"2026-01-09T16:56:48","slug":"ewigkeitsring-aus-edelstahl-in-rosegold-mit-kristallen","status":"publish","type":"product","link":"https:\/\/lighthouselocarno.ch\/de\/produkt\/ewigkeitsring-aus-edelstahl-in-rosegold-mit-kristallen\/","title":{"rendered":"Ewigkeitsring aus Edelstahl in Ros\u00e9gold mit Kristallen"},"content":{"rendered":"<p>Entdecken Sie die gesamte, au\u00dfergew\u00f6hnliche <strong>Kollektion von<\/strong> <strong>Bijoux-Schmuckst\u00fccken<\/strong>, die eine raffinierte Eleganz ausstrahlen, angereichert mit Steinen in einer Vielzahl von Farben, um die <strong>Perfektion Ihres Outfits zu unterstreichen.<\/strong> Entdecken Sie alle Kombinationen von <strong>Bijoux-Schmuckst\u00fccken der gehobenen Art<\/strong>, die <strong>Ihrem Stil einen Hauch von Glamour verleihen.<\/strong> W\u00e4hlen Sie aus der exklusiven Auswahl an Farben und makellosen Designs, um Ihren <strong>Look stilvoll zu vervollst\u00e4ndigen.<\/strong><\/p>\n<p><b><i>Zus\u00e4tzliche Informationen<\/i><\/b><\/p>\n<ul>\n<li aria-level=\"1\">Handgefertigt<\/li>\n<\/ul>\n<ul>\n<li aria-level=\"1\">Hochwertiger Schmuck<\/li>\n<\/ul>\n<ul>\n<li aria-level=\"1\">Beschichtete\/plattierte Metallteile<\/li>\n<\/ul>\n<ul>\n<li aria-level=\"1\">Anallergisch\/Nickelfrei<\/li>\n<\/ul>\n<ul>\n<li aria-level=\"1\">Zertifiziertes europ\u00e4isches Kristall.<\/li>\n<\/ul>\n<ul>\n<li aria-level=\"1\">Rostfreier Stahl<\/li>\n<\/ul>\n<p><b><i>Pflegehinweise f\u00fcr das Produkt<\/i><\/b><\/p>\n<p>Um das Produkt in perfektem Zustand zu halten, empfehlen wir, den direkten Kontakt mit Make-up, Parf\u00fcm und Wasser zu vermeiden. Bewahren Sie Ihre Schmuckst\u00fccke in ihrer Originalverpackung oder in einem Samtbeutel auf, um Kratzer zu vermeiden. Gelegentliches Polieren mit einem weichen Tuch erh\u00e4lt den Glanz.<\/p>\n","protected":false},"excerpt":{"rendered":"<h3>Die Ewigkeit. Sch\u00f6ner <strong>Ring aus kratzfestem Stahl, Farbe Ros\u00e9gold<\/strong>, Modell Riviera, mit wei\u00dfen Kristallen.<\/h3>\n<p>Der<strong>Eternity Ring aus Edelstahl ist mit funkelnden wei\u00dfen Kristallen verziert<\/strong> und setzt ein stilvolles Statement, das St\u00e4rke mit Eleganz verbindet. Dieser mit handwerklichem Geschick und Liebe zum Detail gefertigte Ring ist Teil der Riviera-Kollektion.<\/p>\n<p>Der Eternity-Ring aus hochwertigem, kratzfestem Stahl mit funkelnden Kristallen ist eine raffinierte und langlebige Wahl, die sich f\u00fcr jeden Anlass eignet. Mit einer Breite von 2 mm bietet dieses <strong>Bijoux<\/strong> einen subtilen Hauch von Glamour, der alle Blicke auf sich zieht.<\/p>\n<p>Ideal als <strong>Ringhalter<\/strong> f\u00fcr einen allt\u00e4glichen Hauch von Klasse oder als perfekte Erg\u00e4nzung zur <strong>Firenze Collection<\/strong>.<\/p>\n<p>Lassen Sie sich von der zeitlosen Sch\u00f6nheit des Eternity-Rings verzaubern und verleihen Sie Ihrem <strong>einzigartigen Stil einen Hauch von Luxus<\/strong>.<\/p>\n","protected":false},"featured_media":140509,"template":"","meta":{"_seopress_robots_primary_cat":"none","_seopress_titles_title":"","_seopress_titles_desc":"","_seopress_robots_index":""},"product_brand":[9674],"product_cat":[5693,4153,4110],"product_tag":[5564,8040,4154,8015,8016],"class_list":{"0":"post-140911","1":"product","2":"type-product","3":"status-publish","4":"has-post-thumbnail","6":"product_brand-qudo","7":"product_cat-nachrichten","8":"product_cat-ringe","9":"product_cat-schmuck","10":"product_tag-bijoux-allergisch","11":"product_tag-handgefertigter-bijoux","12":"product_tag-ring","13":"product_tag-schmuck-de","14":"product_tag-schmuck-de-2","16":"first","17":"outofstock","18":"shipping-taxable","19":"purchasable","20":"product-type-variable","21":"has-default-attributes"},"jetpack_sharing_enabled":true,"_links":{"self":[{"href":"https:\/\/lighthouselocarno.ch\/de\/wp-json\/wp\/v2\/product\/140911","targetHints":{"allow":["GET"]}}],"collection":[{"href":"https:\/\/lighthouselocarno.ch\/de\/wp-json\/wp\/v2\/product"}],"about":[{"href":"https:\/\/lighthouselocarno.ch\/de\/wp-json\/wp\/v2\/types\/product"}],"wp:featuredmedia":[{"embeddable":true,"href":"https:\/\/lighthouselocarno.ch\/de\/wp-json\/wp\/v2\/media\/140509"}],"wp:attachment":[{"href":"https:\/\/lighthouselocarno.ch\/de\/wp-json\/wp\/v2\/media?parent=140911"}],"wp:term":[{"taxonomy":"product_brand","embeddable":true,"href":"https:\/\/lighthouselocarno.ch\/de\/wp-json\/wp\/v2\/product_brand?post=140911"},{"taxonomy":"product_cat","embeddable":true,"href":"https:\/\/lighthouselocarno.ch\/de\/wp-json\/wp\/v2\/product_cat?post=140911"},{"taxonomy":"product_tag","embeddable":true,"href":"https:\/\/lighthouselocarno.ch\/de\/wp-json\/wp\/v2\/product_tag?post=140911"}],"curies":[{"name":"wp","href":"https:\/\/api.w.org\/{rel}","templated":true}]}}