{"id":141089,"date":"2024-01-18T11:36:28","date_gmt":"2024-01-18T11:36:28","guid":{"rendered":"https:\/\/lighthouselocarno.ch\/prodotto\/starres-cassine-armband-aus-rosegoldfarbenem-edelstahl\/"},"modified":"2026-01-09T13:41:25","modified_gmt":"2026-01-09T13:41:25","slug":"starres-cassine-armband-aus-rosegoldfarbenem-edelstahl","status":"publish","type":"product","link":"https:\/\/lighthouselocarno.ch\/de\/produkt\/starres-cassine-armband-aus-rosegoldfarbenem-edelstahl\/","title":{"rendered":"Starres Cassine-Armband aus ros\u00e9goldfarbenem Edelstahl"},"content":{"rendered":"<p>Entdecken Sie die gesamte au\u00dfergew\u00f6hnliche <strong>Bijoux-Kollektion<\/strong>, die raffinierte Eleganz ausstrahlt und mit Steinen in verschiedenen Farben angereichert ist, um Ihr <strong>Outfit<\/strong> zu perfektionieren. Entdecken Sie alle Kombinationen von <strong>handgefertigtem Schmuck<\/strong>, der Ihrem <strong>Stil<\/strong> einen Hauch von <strong>Glamour<\/strong> verleihen wird. W\u00e4hlen Sie aus einer exklusiven Auswahl an tadellosen Farben und Designs, um Ihren <strong>Look<\/strong> stilvoll zu vervollst\u00e4ndigen.<\/p>\n<p><strong><i>Zus\u00e4tzliche Informationen<\/i><\/strong><\/p>\n<ul>\n<li>Handgefertigt<\/li>\n<\/ul>\n<ul>\n<li>Hochwertiger Schmuck<\/li>\n<\/ul>\n<ul>\n<li>Beschichtete\/plattierte Metallteile<\/li>\n<\/ul>\n<ul>\n<li>Anallergisch\/Nickelfrei<\/li>\n<\/ul>\n<ul>\n<li>Zertifiziertes europ\u00e4isches Kristall.<\/li>\n<\/ul>\n<ul>\n<li>Rostfreier Stahl<\/li>\n<\/ul>\n<p><strong><i>Pflegehinweise f\u00fcr das Produkt<\/i><\/strong><\/p>\n<p>Um das Produkt in perfektem Zustand zu halten, empfehlen wir, den direkten Kontakt mit Make-up, Parf\u00fcm und Wasser zu vermeiden. Bewahren Sie Ihren Schmuck in der Originalverpackung oder in einem Samtetui auf, um Kratzer zu vermeiden. Gelegentliches Polieren mit einem weichen Tuch erh\u00e4lt den Glanz.<\/p>\n","protected":false},"excerpt":{"rendered":"<h3>Elegantes und raffiniertes, starres Sklavenarmband aus ros\u00e9goldfarbenem Edelstahl <strong>mit kristallverziertem Ring<\/strong>.<\/h3>\n<p>Der obere Teil des Armbands ist offen und endet in einem Ring mit wei\u00dfen Pav\u00e9-Kristallen. Auf der gegen\u00fcberliegenden Seite befindet sich ein Element zum Aufschrauben eines <strong>Tops aus der Kollektion<\/strong>. Sie k\u00f6nnen dann <strong>Ihr pers\u00f6nliches Schmuckst\u00fcck kreieren<\/strong>, indem Sie den Stein in der Farbe w\u00e4hlen, die Ihnen am besten gef\u00e4llt!<\/p>\n<h3>Das Damenarmband wird mit <b>sorgf\u00e4ltiger Handwerkskunst<\/b> und <b>hochwertigen Materialien<\/b> hergestellt.<\/h3>\n<p>Dieses raffinierte Accessoire vereint modernes Design und Widerstandsf\u00e4higkeit und bietet einen <strong>Hauch von Luxus f\u00fcr jeden Anlass<\/strong>. Ein exklusives Schmuckst\u00fcck aus <strong>hochwertigem Modeschmuck<\/strong>, gefertigt aus poliertem, antiallergischem und langlebigem Edelstahl. Hergestellt mit einer speziellen Beschichtung, die den Glanz der Metallpolitur \u00fcber lange Zeit erh\u00e4lt.<\/p>\n<p><b>Kreieren Sie Ihr eigenes Schmuckst\u00fcck: <\/b>Dieses Armband hat ein integriertes Element, das mit allen Elementen der <strong>Interchangeable-Kollektion<\/strong> kombiniert werden kann.<\/p>\n<p>Auswechselbare Kollektion.<\/p>\n<p>Abmessungen des Armbands: 62 mm \u00d7 55 mm<\/p>\n<p>Nickelfrei<\/p>\n","protected":false},"featured_media":140541,"template":"","meta":{"_seopress_robots_primary_cat":"none","_seopress_titles_title":"","_seopress_titles_desc":"","_seopress_robots_index":""},"product_brand":[],"product_cat":[4159,5693,4110],"product_tag":[4165,4161,8052,4118,5011,8049],"class_list":{"0":"post-141089","1":"product","2":"type-product","3":"status-publish","4":"has-post-thumbnail","6":"product_cat-armbander","7":"product_cat-nachrichten","8":"product_cat-schmuck","9":"product_tag-armband","10":"product_tag-armbander","11":"product_tag-armspange","12":"product_tag-bijoux-de","13":"product_tag-schmuck","14":"product_tag-sklavenarmband","16":"first","17":"instock","18":"shipping-taxable","19":"purchasable","20":"product-type-simple"},"jetpack_sharing_enabled":true,"_links":{"self":[{"href":"https:\/\/lighthouselocarno.ch\/de\/wp-json\/wp\/v2\/product\/141089","targetHints":{"allow":["GET"]}}],"collection":[{"href":"https:\/\/lighthouselocarno.ch\/de\/wp-json\/wp\/v2\/product"}],"about":[{"href":"https:\/\/lighthouselocarno.ch\/de\/wp-json\/wp\/v2\/types\/product"}],"wp:featuredmedia":[{"embeddable":true,"href":"https:\/\/lighthouselocarno.ch\/de\/wp-json\/wp\/v2\/media\/140541"}],"wp:attachment":[{"href":"https:\/\/lighthouselocarno.ch\/de\/wp-json\/wp\/v2\/media?parent=141089"}],"wp:term":[{"taxonomy":"product_brand","embeddable":true,"href":"https:\/\/lighthouselocarno.ch\/de\/wp-json\/wp\/v2\/product_brand?post=141089"},{"taxonomy":"product_cat","embeddable":true,"href":"https:\/\/lighthouselocarno.ch\/de\/wp-json\/wp\/v2\/product_cat?post=141089"},{"taxonomy":"product_tag","embeddable":true,"href":"https:\/\/lighthouselocarno.ch\/de\/wp-json\/wp\/v2\/product_tag?post=141089"}],"curies":[{"name":"wp","href":"https:\/\/api.w.org\/{rel}","templated":true}]}}