{"id":141093,"date":"2024-03-19T08:32:45","date_gmt":"2024-03-19T08:32:45","guid":{"rendered":"https:\/\/lighthouselocarno.ch\/prodotto\/cassine-gold-edelstahlarmband-starr\/"},"modified":"2026-01-09T17:05:01","modified_gmt":"2026-01-09T17:05:01","slug":"cassine-gold-edelstahlarmband-starr","status":"publish","type":"product","link":"https:\/\/lighthouselocarno.ch\/de\/produkt\/cassine-gold-edelstahlarmband-starr\/","title":{"rendered":"Cassine Gold Edelstahlarmband starr"},"content":{"rendered":"<p>Entdecken Sie die au\u00dfergew\u00f6hnliche <strong>Bijoux-Schmuckkollektion<\/strong>, die eine raffinierte Eleganz ausstrahlt und durch Steine in verschiedenen Farben veredelt wird, um Ihr <strong>Outfit<\/strong> zu perfektionieren. Entdecken Sie alle Kombinationen von <strong>handgefertigtem Schmuck<\/strong>, die <strong>Ihrem Stil einen Hauch von Glamour<\/strong> verleihen werden. W\u00e4hlen Sie aus einer exklusiven Auswahl an tadellosen Farben und Designs, um Ihren <strong>Look stilvoll<\/strong> zu vervollst\u00e4ndigen.<\/p>\n<p><strong><i>Zus\u00e4tzliche Informationen<\/i><\/strong><\/p>\n<ul>\n<li aria-level=\"1\">Handgefertigt<\/li>\n<\/ul>\n<ul>\n<li aria-level=\"1\">Hochwertiger Schmuck<\/li>\n<\/ul>\n<ul>\n<li aria-level=\"1\">Beschichtete\/plattierte Metallteile<\/li>\n<\/ul>\n<ul>\n<li aria-level=\"1\">Anallergisch\/Nickelfrei<\/li>\n<\/ul>\n<ul>\n<li aria-level=\"1\">Zertifiziertes europ\u00e4isches Kristall.<\/li>\n<\/ul>\n<ul>\n<li aria-level=\"1\">Rostfreier Stahl<\/li>\n<\/ul>\n<p><strong><i>Pflegehinweise f\u00fcr das Produkt<\/i><\/strong><\/p>\n<p>Um das Produkt in perfektem Zustand zu halten, empfehlen wir, den direkten Kontakt mit Make-up, Parf\u00fcm und Wasser zu vermeiden. Bewahren Sie Ihren Schmuck in der Originalverpackung oder in einem Samtetui auf, um Kratzer zu vermeiden. Gelegentliches Polieren mit einem weichen Tuch erh\u00e4lt den Glanz.<\/p>\n","protected":false},"excerpt":{"rendered":"<h3><b>Elegantes und raffiniertes starres Sklavenarmband aus goldfarbenem Edelstahl mit kristallbesetztem Ring.<\/b><\/h3>\n<p>Der obere Teil des Armbands ist offen und endet in einem Ring mit wei\u00dfen Pav\u00e9-Kristallen. Auf der gegen\u00fcberliegenden Seite befindet sich ein Element zum Aufschrauben eines <b>Tops aus der Kollektion<\/b>. Sie k\u00f6nnen dann <b>Ihr pers\u00f6nliches Schmuckst\u00fcck kreieren<\/b>, indem Sie den Stein in der Farbe w\u00e4hlen, die Ihnen am besten gef\u00e4llt!<\/p>\n<h3><b>Das Damenarmband wird mit sorgf\u00e4ltiger Handwerkskunst und hochwertigen Materialien hergestellt.<\/b><\/h3>\n<p>Dieses raffinierte Accessoire vereint modernes Design und Widerstandsf\u00e4higkeit und bietet einen <b>Hauch von Luxus f\u00fcr jeden Anlass<\/b>. Ein exklusives Schmuckst\u00fcck aus <b>hochwertigem Modeschmuck<\/b>, gefertigt aus poliertem, antiallergischem und langlebigem Edelstahl. Hergestellt mit einer speziellen Beschichtung, die den Glanz der Metallpolitur \u00fcber lange Zeit erh\u00e4lt.<\/p>\n<p><b>Kreieren Sie Ihr eigenes Schmuckst\u00fcck: <\/b>Dieses Armband hat ein integriertes Element, das mit allen Elementen der <b>Interchangeable-Kollektion<\/b> kombiniert werden kann.<\/p>\n<p>Auswechselbare Kollektion.<\/p>\n<p>Abmessungen des Armbands: 62 mm \u00d7 55 mm<\/p>\n<p>Nickelfrei<\/p>\n","protected":false},"featured_media":140545,"template":"","meta":{"_seopress_robots_primary_cat":"none","_seopress_titles_title":"","_seopress_titles_desc":"Elegantes und raffiniertes starres Sklavenarmband aus goldfarbenem Edelstahl mit kristallbesetztem Ring. Das Damenarmband wird mit sorgf\u00e4ltiger Handwerkskunst und hochwertigen Materialien hergestellt.","_seopress_robots_index":""},"product_brand":[9674],"product_cat":[4159,5693,4110],"product_tag":[8037,8036,4161,8052,4118,8055,8015,8049],"class_list":{"0":"post-141093","1":"product","2":"type-product","3":"status-publish","4":"has-post-thumbnail","6":"product_brand-qudo","7":"product_cat-armbander","8":"product_cat-nachrichten","9":"product_cat-schmuck","10":"product_tag-armband-de","11":"product_tag-armbander-de","12":"product_tag-armbander","13":"product_tag-armspange","14":"product_tag-bijoux-de","15":"product_tag-juwelen","16":"product_tag-schmuck-de","17":"product_tag-sklavenarmband","19":"first","20":"instock","21":"shipping-taxable","22":"purchasable","23":"product-type-simple"},"jetpack_sharing_enabled":true,"_links":{"self":[{"href":"https:\/\/lighthouselocarno.ch\/de\/wp-json\/wp\/v2\/product\/141093","targetHints":{"allow":["GET"]}}],"collection":[{"href":"https:\/\/lighthouselocarno.ch\/de\/wp-json\/wp\/v2\/product"}],"about":[{"href":"https:\/\/lighthouselocarno.ch\/de\/wp-json\/wp\/v2\/types\/product"}],"wp:featuredmedia":[{"embeddable":true,"href":"https:\/\/lighthouselocarno.ch\/de\/wp-json\/wp\/v2\/media\/140545"}],"wp:attachment":[{"href":"https:\/\/lighthouselocarno.ch\/de\/wp-json\/wp\/v2\/media?parent=141093"}],"wp:term":[{"taxonomy":"product_brand","embeddable":true,"href":"https:\/\/lighthouselocarno.ch\/de\/wp-json\/wp\/v2\/product_brand?post=141093"},{"taxonomy":"product_cat","embeddable":true,"href":"https:\/\/lighthouselocarno.ch\/de\/wp-json\/wp\/v2\/product_cat?post=141093"},{"taxonomy":"product_tag","embeddable":true,"href":"https:\/\/lighthouselocarno.ch\/de\/wp-json\/wp\/v2\/product_tag?post=141093"}],"curies":[{"name":"wp","href":"https:\/\/api.w.org\/{rel}","templated":true}]}}