{"id":141225,"date":"2024-01-25T10:08:25","date_gmt":"2024-01-25T10:08:25","guid":{"rendered":"https:\/\/lighthouselocarno.ch\/prodotto\/auswechselbarer-ring-aus-rosegoldfarbenem-edelstahl-mit-kristallen\/"},"modified":"2026-01-09T16:56:56","modified_gmt":"2026-01-09T16:56:56","slug":"auswechselbarer-ring-aus-rosegoldfarbenem-edelstahl-mit-kristallen","status":"publish","type":"product","link":"https:\/\/lighthouselocarno.ch\/de\/produkt\/auswechselbarer-ring-aus-rosegoldfarbenem-edelstahl-mit-kristallen\/","title":{"rendered":"Auswechselbarer Ring aus ros\u00e9goldfarbenem Edelstahl mit Kristallen"},"content":{"rendered":"<p>Entdecken Sie die gesamte au\u00dfergew\u00f6hnliche <b>Kollektion von Bijoux-Schmuck<\/b>, die eine raffinierte Eleganz ausstrahlen, bereichert durch Steine in einer Vielzahl von Farben, um die <b>Perfektion Ihres Outfits zu unterstreichen<\/b>. Entdecken Sie alle Kombinationen von <b>handgefertigtem Modeschmuck der Spitzenklasse<\/b>, die <b>Ihrem Stil einen Hauch von Glamour verleihen<\/b>. W\u00e4hlen Sie aus der exklusiven Auswahl an Farben und makellosen Designs, um Ihren <b>Look stilvoll zu vervollst\u00e4ndigen<\/b>.<\/p>\n<p><b><i>Zus\u00e4tzliche Informationen<\/i><\/b><\/p>\n<ul>\n<li aria-level=\"1\">Handgefertigt<\/li>\n<\/ul>\n<ul>\n<li aria-level=\"1\">Hochwertiger Schmuck<\/li>\n<\/ul>\n<ul>\n<li aria-level=\"1\">Beschichtete\/plattierte Metallteile<\/li>\n<\/ul>\n<ul>\n<li aria-level=\"1\">Anallergisch\/Nickelfrei<\/li>\n<\/ul>\n<ul>\n<li aria-level=\"1\">Zertifiziertes europ\u00e4isches Kristall.<\/li>\n<\/ul>\n<ul>\n<li aria-level=\"1\">Rostfreier Stahl<\/li>\n<\/ul>\n<p><b><i>Pflegehinweise f\u00fcr das Produkt<\/i><\/b><\/p>\n<p>Um das Produkt in perfektem Zustand zu halten, empfehlen wir, den direkten Kontakt mit Make-up, Parf\u00fcm und Wasser zu vermeiden. Bewahren Sie Ihren Schmuck in der Originalverpackung oder in einem Samtetui auf, um Kratzer zu vermeiden. Gelegentliches Polieren mit einem weichen Tuch erh\u00e4lt den Glanz.<\/p>\n","protected":false},"excerpt":{"rendered":"<h3><b>Eleganter und raffinierter Wechselring aus kratzfestem ros\u00e9goldfarbenem Edelstahl mit wei\u00dfen Kristallen und der M\u00f6glichkeit, einen Top-Stein aus der Kollektion einzuschrauben<\/b><\/h3>\n<p>Dieses raffinierte Accessoire vereint modernes Design und Widerstandsf\u00e4higkeit und bietet einen <b>Hauch von Luxus f\u00fcr jeden Anlass<\/b>. Ein exklusives Schmuckst\u00fcck aus <b>hochwertigem Modeschmuck<\/b>, gefertigt aus poliertem, antiallergischem und langlebigem Edelstahl. Hergestellt mit einer speziellen Beschichtung, die den Glanz der Metallpolitur \u00fcber lange Zeit erh\u00e4lt.<\/p>\n<p><b>Kreieren Sie Ihr eigenes Schmuckst\u00fcck: <\/b>Dieser Ring enth\u00e4lt ein Element zum Aufschrauben eines <b>Tops aus der Kollektion<\/b>. Der Ring passt zu den <strong>Ohrringen<\/strong>, <a href=\"https:\/\/lighthouselocarno.ch\/de\/produkt\/starres-cassine-armband-aus-rosegoldfarbenem-edelstahl\/\"><br \/>\n  <strong>Armb\u00e4ndern<\/strong><br \/>\n<\/a><strong>Anh\u00e4ngern<\/strong> und anderen Bijoux aus der Kollektion. <strong>Gestalten Sie Ihren Ring ganz nach Ihrem Stil und passen Sie ihn zu Ihren Outfits!<\/strong><\/p>\n<p>Auswechselbare Kollektion.<\/p>\n<p>Nickelfrei<\/p>\n","protected":false},"featured_media":140533,"template":"","meta":{"_seopress_robots_primary_cat":"none","_seopress_titles_title":"Auswechselbarer Ring aus ros\u00e9goldfarbenem Edelstahl mit Kristallen  ","_seopress_titles_desc":"Kratzfester ros\u00e9goldfarbener Edelstahl-Wechselring mit wei\u00dfen Kristallen und der M\u00f6glichkeit, einen Top-Stein aus der Kollektion einzuschrauben.","_seopress_robots_index":""},"product_brand":[9674],"product_cat":[5693,4153,4110],"product_tag":[8071,8069,4118,8070,8078,4154,8072,8016],"class_list":{"0":"post-141225","1":"product","2":"type-product","3":"status-publish","4":"has-post-thumbnail","6":"product_brand-qudo","7":"product_cat-nachrichten","8":"product_cat-ringe","9":"product_cat-schmuck","10":"product_tag-bague-de","11":"product_tag-bague-de-bijouterie-de","12":"product_tag-bijoux-de","13":"product_tag-modeschmuckring-de","14":"product_tag-nickelfrei","15":"product_tag-ring","16":"product_tag-ring-de","17":"product_tag-schmuck-de-2","19":"first","20":"instock","21":"shipping-taxable","22":"purchasable","23":"product-type-variable","24":"has-default-attributes"},"jetpack_sharing_enabled":true,"_links":{"self":[{"href":"https:\/\/lighthouselocarno.ch\/de\/wp-json\/wp\/v2\/product\/141225","targetHints":{"allow":["GET"]}}],"collection":[{"href":"https:\/\/lighthouselocarno.ch\/de\/wp-json\/wp\/v2\/product"}],"about":[{"href":"https:\/\/lighthouselocarno.ch\/de\/wp-json\/wp\/v2\/types\/product"}],"wp:featuredmedia":[{"embeddable":true,"href":"https:\/\/lighthouselocarno.ch\/de\/wp-json\/wp\/v2\/media\/140533"}],"wp:attachment":[{"href":"https:\/\/lighthouselocarno.ch\/de\/wp-json\/wp\/v2\/media?parent=141225"}],"wp:term":[{"taxonomy":"product_brand","embeddable":true,"href":"https:\/\/lighthouselocarno.ch\/de\/wp-json\/wp\/v2\/product_brand?post=141225"},{"taxonomy":"product_cat","embeddable":true,"href":"https:\/\/lighthouselocarno.ch\/de\/wp-json\/wp\/v2\/product_cat?post=141225"},{"taxonomy":"product_tag","embeddable":true,"href":"https:\/\/lighthouselocarno.ch\/de\/wp-json\/wp\/v2\/product_tag?post=141225"}],"curies":[{"name":"wp","href":"https:\/\/api.w.org\/{rel}","templated":true}]}}