{"id":141238,"date":"2024-01-18T11:00:00","date_gmt":"2024-01-18T11:00:00","guid":{"rendered":"https:\/\/lighthouselocarno.ch\/prodotto\/rosegoldfarbene-edelstahl-ohrstecker-mit-kristallen-und-schwarzem-kristallstein\/"},"modified":"2026-01-09T13:42:54","modified_gmt":"2026-01-09T13:42:54","slug":"rosegoldfarbene-edelstahl-ohrstecker-mit-kristallen-und-schwarzem-kristallstein","status":"publish","type":"product","link":"https:\/\/lighthouselocarno.ch\/de\/produkt\/rosegoldfarbene-edelstahl-ohrstecker-mit-kristallen-und-schwarzem-kristallstein\/","title":{"rendered":"Ohrstecker aus ros\u00e9goldfarbenem Edelstahl mit Kristallen und blauem Kristallstein"},"content":{"rendered":"<p>Entdecken Sie die gesamte au\u00dfergew\u00f6hnliche <b>Kollektion von Bijoux-Schmuck<\/b>, die eine raffinierte Eleganz ausstrahlen, bereichert durch Steine in einer Vielzahl von Farben, um die <b>Perfektion Ihres Outfits zu unterstreichen<\/b>. Entdecken Sie alle Kombinationen von <b>handgefertigtem Modeschmuck der Spitzenklasse<\/b>, die <b>Ihrem Stil einen Hauch von Glamour verleihen<\/b>. W\u00e4hlen Sie aus der exklusiven Auswahl an Farben und makellosen Designs, um Ihren <b>Look stilvoll zu vervollst\u00e4ndigen<\/b>.<\/p>\n<p><b><i>Zus\u00e4tzliche Informationen<\/i><\/b><\/p>\n<ul>\n<li>Handgefertigt<\/li>\n<\/ul>\n<ul>\n<li>Hochwertiger Schmuck<\/li>\n<\/ul>\n<ul>\n<li>Beschichtete\/plattierte Metallteile<\/li>\n<\/ul>\n<ul>\n<li>Anallergisch\/Nickelfrei<\/li>\n<\/ul>\n<ul>\n<li>Zertifiziertes europ\u00e4isches Kristall.<\/li>\n<\/ul>\n<ul>\n<li>Rostfreier Stahl<\/li>\n<\/ul>\n<p><b><i>Pflegehinweise f\u00fcr das Produkt<\/i><\/b><\/p>\n<p>Um das Produkt in perfektem Zustand zu halten, empfehlen wir, den direkten Kontakt mit Make-up, Parf\u00fcm und Wasser zu vermeiden. Bewahren Sie Ihren Schmuck in der Originalverpackung oder in einem Samtetui auf, um Kratzer zu vermeiden. Gelegentliches Polieren mit einem weichen Tuch erh\u00e4lt den Glanz.<\/p>\n<p>&nbsp;<\/p>\n","protected":false},"excerpt":{"rendered":"<h3><b>Elegante und raffinierte Ohrringe aus kratzfestem, ros\u00e9goldfarbenem Edelstahl mit wei\u00dfen Kristallen und einem schwarzen Kristallstein.<\/b><\/h3>\n<p>Diese Ohrringe bestehen aus einer mit wei\u00dfen Kristallen verzierten Perle, die mit einem <strong>funkelnden schwarzen Kristall<\/strong> kombiniert ist. Ein exklusives St\u00fcck aus poliertem Edelstahl, hypoallergen und langlebig. Diese Ohrringe sind ein exklusives <strong>Schmuckst\u00fcck aus rostfreiem Stahl<\/strong> mit einer speziellen Beschichtung, die den Glanz des Metalls \u00fcber die Zeit erh\u00e4lt.<\/p>\n<p>Entdecken Sie die zeitlose Eleganz dieser exklusiven <b>Stahl-Ohrstecker mit Kristallen und schwarzem Kristallstein<\/b>. Diese Ohrringe werden mit <b>handwerklichem Geschick<\/b> und <b>hochwertigen Materialien<\/b> hergestellt.<\/p>\n<p><b>Kreieren Sie Ihr eigenes Schmuckst\u00fcck:<\/b> Die Ohrstecker passen zu den Tondo-Kettenelementen, Anh\u00e4ngern und Anh\u00e4ngern.<\/p>\n<p>Durchmesser: 10 mm.<\/p>\n<p>Nickelfrei<\/p>\n","protected":false},"featured_media":140561,"template":"","meta":{"_seopress_robots_primary_cat":"none","_seopress_titles_title":"","_seopress_titles_desc":"","_seopress_robots_index":""},"product_brand":[],"product_cat":[5693,4114,4110],"product_tag":[4118,5564,8044,8078,5577,4122,5560],"class_list":{"0":"post-141238","1":"product","2":"type-product","3":"status-publish","4":"has-post-thumbnail","6":"product_cat-nachrichten","7":"product_cat-ohrringe","8":"product_cat-schmuck","9":"product_tag-bijoux-de","10":"product_tag-bijoux-allergisch","11":"product_tag-hochwertiger-handgefertigter-modeschmuck","12":"product_tag-nickelfrei","13":"product_tag-ohrringe-de-3","14":"product_tag-ohrringe-de","15":"product_tag-ohrringe-de-2","17":"first","18":"instock","19":"shipping-taxable","20":"purchasable","21":"product-type-simple"},"jetpack_sharing_enabled":true,"_links":{"self":[{"href":"https:\/\/lighthouselocarno.ch\/de\/wp-json\/wp\/v2\/product\/141238","targetHints":{"allow":["GET"]}}],"collection":[{"href":"https:\/\/lighthouselocarno.ch\/de\/wp-json\/wp\/v2\/product"}],"about":[{"href":"https:\/\/lighthouselocarno.ch\/de\/wp-json\/wp\/v2\/types\/product"}],"wp:featuredmedia":[{"embeddable":true,"href":"https:\/\/lighthouselocarno.ch\/de\/wp-json\/wp\/v2\/media\/140561"}],"wp:attachment":[{"href":"https:\/\/lighthouselocarno.ch\/de\/wp-json\/wp\/v2\/media?parent=141238"}],"wp:term":[{"taxonomy":"product_brand","embeddable":true,"href":"https:\/\/lighthouselocarno.ch\/de\/wp-json\/wp\/v2\/product_brand?post=141238"},{"taxonomy":"product_cat","embeddable":true,"href":"https:\/\/lighthouselocarno.ch\/de\/wp-json\/wp\/v2\/product_cat?post=141238"},{"taxonomy":"product_tag","embeddable":true,"href":"https:\/\/lighthouselocarno.ch\/de\/wp-json\/wp\/v2\/product_tag?post=141238"}],"curies":[{"name":"wp","href":"https:\/\/api.w.org\/{rel}","templated":true}]}}