{"id":141242,"date":"2024-04-04T10:30:44","date_gmt":"2024-04-04T10:30:44","guid":{"rendered":"https:\/\/lighthouselocarno.ch\/prodotto\/dunkelblaues-knopfoberteil-rosegold-austauschbares-element\/"},"modified":"2026-01-09T17:07:03","modified_gmt":"2026-01-09T17:07:03","slug":"dunkelblaues-knopfoberteil-rosegold-austauschbares-element","status":"publish","type":"product","link":"https:\/\/lighthouselocarno.ch\/de\/produkt\/dunkelblaues-knopfoberteil-rosegold-austauschbares-element\/","title":{"rendered":"Dunkelblaues Knopfoberteil - Ros\u00e9gold - austauschbares Element"},"content":{"rendered":"<div class=\"flex flex-grow flex-col max-w-full\">\n<div class=\"min-h-[20px] text-message flex flex-col items-start gap-3 whitespace-pre-wrap break-words [.text-message+&amp;]:mt-5 overflow-x-auto\" data-message-author-role=\"assistant\" data-message-id=\"0ffd3438-93d9-4082-bb4b-da6444b79df7\">\n<div class=\"markdown prose w-full break-words dark:prose-invert light\">\n<p>Die <strong>Tops Bottoni von QUDO Schmuck<\/strong> werden aus <strong>gl\u00e4nzendem und kratzfestem Edelstahl<\/strong> gefertigt, einige Modelle sind mit <strong>funkelnden Kristallen<\/strong> verziert und alle Elemente sind in zeitlosen Farben und den <strong>trendigsten Farbt\u00f6nen der Saison erh\u00e4ltlich.<\/strong><\/p>\n<p>Jedes Modell pr\u00e4sentiert sich in den leuchtenden T\u00f6nen des <strong>Edelstahls: Gold, Ros\u00e9gold und Silber.<\/strong><\/p>\n<p>Erleben Sie die Vielseitigkeit der Elemente, die sich perfekt <strong>mit <a href=\"https:\/\/lighthouselocarno.ch\/de\/produkt\/auswechselbarer-ring-aus-rosegoldfarbenem-edelstahl-mit-kristallen\/\">Ringen<\/a>, <a href=\"https:\/\/lighthouselocarno.ch\/de\/produkt\/starres-cassine-armband-aus-rosegoldfarbenem-edelstahl\/\">Armb\u00e4ndern<\/a>, Halsketten, Anh\u00e4ngern und Ohrringen kombinieren lassen.<\/strong> Dank des innovativen Befestigungssystems wird die Kombination zum Kinderspiel, sodass Sie Ihr <strong>Bijoux-Schmuckst\u00fcck<\/strong> im Handumdrehen <strong>personalisieren und f\u00fcr jeden Anlass einen einzigartigen Look kreieren k\u00f6nnen.<\/strong><\/p>\n<p>&nbsp;<\/p>\n<\/div>\n<\/div>\n<\/div>\n<div class=\"mt-1 flex justify-start gap-3 empty:hidden\">\n<div class=\"text-gray-400 flex self-end lg:self-center justify-center lg:justify-start mt-0 -ml-1 visible\"><\/div>\n<\/div>\n","protected":false},"excerpt":{"rendered":"<p><strong>Sehr eleganter Aufsatz mit 10 mm Durchmesser, montiert auf kratzfestem ros\u00e9goldenem Stahl, Stein in dunklem Indigoblau.<\/strong><\/p>\n<p><strong>Personalisieren Sie Ihre QUDO Bijoux-Kollektion mit den Top-Steinen<\/strong> zum Aufschrauben auf Ihre Ringe und Armb\u00e4nder. Kreieren Sie jeden Tag ein <strong>neues und raffiniertes Schmuckst\u00fcck, indem Sie es an Ihr Outfit anpassen.<\/strong><\/p>\n<p>Entdecken Sie die unz\u00e4hligen M\u00f6glichkeiten der exklusiven <strong>Interchangeable-Kollektion und personalisieren Sie Ihr einzigartiges Schmuckst\u00fcck\/Bijoux!<\/strong><\/p>\n","protected":false},"featured_media":140493,"template":"","meta":{"_seopress_robots_primary_cat":"none","_seopress_titles_title":"Knopfleiste Dunkelblau - Ros\u00e9gold - austauschbares Element QUDO","_seopress_titles_desc":"","_seopress_robots_index":""},"product_brand":[9674],"product_cat":[4159,5693,4153,4110],"product_tag":[4118,8089,8055,8016,8090],"class_list":{"0":"post-141242","1":"product","2":"type-product","3":"status-publish","4":"has-post-thumbnail","6":"product_brand-qudo","7":"product_cat-armbander","8":"product_cat-nachrichten","9":"product_cat-ringe","10":"product_cat-schmuck","11":"product_tag-bijoux-de","12":"product_tag-bijoux-knopfleiste","13":"product_tag-juwelen","14":"product_tag-schmuck-de-2","15":"product_tag-spitzenbijoux","17":"first","18":"instock","19":"shipping-taxable","20":"purchasable","21":"product-type-simple"},"jetpack_sharing_enabled":true,"_links":{"self":[{"href":"https:\/\/lighthouselocarno.ch\/de\/wp-json\/wp\/v2\/product\/141242","targetHints":{"allow":["GET"]}}],"collection":[{"href":"https:\/\/lighthouselocarno.ch\/de\/wp-json\/wp\/v2\/product"}],"about":[{"href":"https:\/\/lighthouselocarno.ch\/de\/wp-json\/wp\/v2\/types\/product"}],"wp:featuredmedia":[{"embeddable":true,"href":"https:\/\/lighthouselocarno.ch\/de\/wp-json\/wp\/v2\/media\/140493"}],"wp:attachment":[{"href":"https:\/\/lighthouselocarno.ch\/de\/wp-json\/wp\/v2\/media?parent=141242"}],"wp:term":[{"taxonomy":"product_brand","embeddable":true,"href":"https:\/\/lighthouselocarno.ch\/de\/wp-json\/wp\/v2\/product_brand?post=141242"},{"taxonomy":"product_cat","embeddable":true,"href":"https:\/\/lighthouselocarno.ch\/de\/wp-json\/wp\/v2\/product_cat?post=141242"},{"taxonomy":"product_tag","embeddable":true,"href":"https:\/\/lighthouselocarno.ch\/de\/wp-json\/wp\/v2\/product_tag?post=141242"}],"curies":[{"name":"wp","href":"https:\/\/api.w.org\/{rel}","templated":true}]}}