{"id":141245,"date":"2024-01-19T10:23:05","date_gmt":"2024-01-19T10:23:05","guid":{"rendered":"https:\/\/lighthouselocarno.ch\/prodotto\/top-button-pearl-rose-gold-austauschbares-element\/"},"modified":"2026-01-09T13:42:51","modified_gmt":"2026-01-09T13:42:51","slug":"top-button-pearl-rose-gold-austauschbares-element","status":"publish","type":"product","link":"https:\/\/lighthouselocarno.ch\/de\/produkt\/top-button-pearl-rose-gold-austauschbares-element\/","title":{"rendered":"Top Button Pearl - Rose Gold - austauschbares Element"},"content":{"rendered":"<p>Die <b>Tops Bottoni von QUDO Schmuck<\/b> werden aus <b>gl\u00e4nzendem und kratzfestem Edelstahl<\/b> gefertigt, einige Modelle sind mit <b>funkelnden Kristallen<\/b> verziert und alle Elemente sind in zeitlosen Farben und den <b>trendigsten Farbt\u00f6nen der Saison erh\u00e4ltlich.<\/b><\/p>\n<p>Jedes Modell pr\u00e4sentiert sich in den leuchtenden T\u00f6nen von <b>Edelstahl: Gold, Ros\u00e9gold und Silber.<\/b><\/p>\n<p>Erleben Sie die Vielseitigkeit der Elemente, die sich perfekt zum <b>Kombinieren mit<\/b> <a href=\"https:\/\/lighthouselocarno.ch\/de\/produkt\/auswechselbarer-ring-aus-rosegoldfarbenem-edelstahl-mit-kristallen\/\"><b>Ringen<\/b><\/a><b>,<\/b> <a href=\"https:\/\/lighthouselocarno.ch\/de\/produkt\/starres-cassine-armband-aus-rosegoldfarbenem-edelstahl\/\"><b>Armb\u00e4ndern<\/b><\/a><b>, Halsketten, Anh\u00e4ngern und Basis-Ohrringen eignen.<\/b> Dank des innovativen Befestigungssystems wird das Kombinieren zum Kinderspiel, sodass Sie Ihr <b>Bijoux-Schmuckst\u00fcck<\/b> im Handumdrehen <b>personalisieren und f\u00fcr jeden Anlass einen einzigartigen Look kreieren k\u00f6nnen.<\/b><\/p>\n","protected":false},"excerpt":{"rendered":"<p><b>Eleganter Aufsatz mit 10 mm Durchmesser, montiert auf kratzfestem ros\u00e9goldenem Stahl, Stein Cream Pearl.<\/b><\/p>\n<p><b>Personalisieren Sie Ihre QUDO Bijoux-Kollektion mit den Top-Steinen<\/b> zum Aufschrauben auf Ihre Ringe und Armb\u00e4nder. Kreieren Sie jeden Tag ein <b>neues und raffiniertes Schmuckst\u00fcck, indem Sie es an Ihr Outfit anpassen.<\/b><\/p>\n<p>Entdecken Sie die unz\u00e4hligen M\u00f6glichkeiten der exklusiven <b>Interchangeable-Kollektion und personalisieren Sie Ihr einzigartiges Schmuckst\u00fcck\/Bijoux!<\/b><\/p>\n","protected":false},"featured_media":140485,"template":"","meta":{"_seopress_robots_primary_cat":"none","_seopress_titles_title":"Top Button Pearl - Rose Gold - austauschbares Element","_seopress_titles_desc":"Eleganter Aufsatz mit 10 mm Durchmesser, montiert auf kratzfestem ros\u00e9goldenem Stahl, Stein Cream Pearl.\n  Personalisieren Sie Ihre QUDO-Bijoux-Kollektion mit Edelsteinen, die auf Ihre Ringe und Armb\u00e4nder geschraubt werden.","_seopress_robots_index":""},"product_brand":[],"product_cat":[4159,5693,4153,4110],"product_tag":[8044,8055,8035,5011,8090],"class_list":{"0":"post-141245","1":"product","2":"type-product","3":"status-publish","4":"has-post-thumbnail","6":"product_cat-armbander","7":"product_cat-nachrichten","8":"product_cat-ringe","9":"product_cat-schmuck","10":"product_tag-hochwertiger-handgefertigter-modeschmuck","11":"product_tag-juwelen","12":"product_tag-modeschmuck","13":"product_tag-schmuck","14":"product_tag-spitzenbijoux","16":"first","17":"instock","18":"shipping-taxable","19":"purchasable","20":"product-type-simple"},"jetpack_sharing_enabled":true,"_links":{"self":[{"href":"https:\/\/lighthouselocarno.ch\/de\/wp-json\/wp\/v2\/product\/141245","targetHints":{"allow":["GET"]}}],"collection":[{"href":"https:\/\/lighthouselocarno.ch\/de\/wp-json\/wp\/v2\/product"}],"about":[{"href":"https:\/\/lighthouselocarno.ch\/de\/wp-json\/wp\/v2\/types\/product"}],"wp:featuredmedia":[{"embeddable":true,"href":"https:\/\/lighthouselocarno.ch\/de\/wp-json\/wp\/v2\/media\/140485"}],"wp:attachment":[{"href":"https:\/\/lighthouselocarno.ch\/de\/wp-json\/wp\/v2\/media?parent=141245"}],"wp:term":[{"taxonomy":"product_brand","embeddable":true,"href":"https:\/\/lighthouselocarno.ch\/de\/wp-json\/wp\/v2\/product_brand?post=141245"},{"taxonomy":"product_cat","embeddable":true,"href":"https:\/\/lighthouselocarno.ch\/de\/wp-json\/wp\/v2\/product_cat?post=141245"},{"taxonomy":"product_tag","embeddable":true,"href":"https:\/\/lighthouselocarno.ch\/de\/wp-json\/wp\/v2\/product_tag?post=141245"}],"curies":[{"name":"wp","href":"https:\/\/api.w.org\/{rel}","templated":true}]}}