{"id":142242,"date":"2024-01-20T07:46:48","date_gmt":"2024-01-20T07:46:48","guid":{"rendered":"https:\/\/lighthouselocarno.ch\/prodotto\/rosegold-inox-stahl-ewigkeitsring-mit-kristallen\/"},"modified":"2024-01-20T07:46:48","modified_gmt":"2024-01-20T07:46:48","slug":"rosegold-inox-stahl-ewigkeitsring-mit-kristallen","status":"publish","type":"product","link":"https:\/\/lighthouselocarno.ch\/de\/produkt\/rosegold-inox-stahl-ewigkeitsring-mit-kristallen\/","title":{"rendered":"Ros\u00e9gold INOX Stahl Ewigkeitsring mit Kristallen"},"content":{"rendered":"<h3>Entdecken Sie all die au\u00dfergew\u00f6hnlichen  <strong>Kollektion von Bijoux-Schmuck<\/strong>, der raffinierte Eleganz ausstrahlt und mit Steinen in verschiedenen Farben veredelt wird, um die Perfektion Ihres Looks zu unterstreichen.  <strong>Outfit.<\/strong>  Entdecken Sie alle Kombinationen von  <strong>hoher Schmuck<\/strong>, der die  <strong>Ein Hauch von Glamour f\u00fcr Ihren Stil.<\/strong>  W\u00e4hlen Sie aus der exklusiven Auswahl an tadellosen Farben und Designs, die Ihr  <strong>Aussehen mit Stil.<\/strong><\/h3>\n<p><strong><i>Zus\u00e4tzliche Informationen<\/i><\/strong><\/p>\n<ul>\n<li aria-level=\"1\">Handgefertigt<\/li>\n<\/ul>\n<ul>\n<li aria-level=\"1\">Hochwertiger handgefertigter Modeschmuck<\/li>\n<\/ul>\n<ul>\n<li aria-level=\"1\">Beschichtete\/plattierte Metallteile<\/li>\n<\/ul>\n<ul>\n<li aria-level=\"1\">Anallerisch\/Nickelfrei<\/li>\n<\/ul>\n<ul>\n<li aria-level=\"1\">Europ\u00e4ische zertifizierte Kristalle.<\/li>\n<\/ul>\n<ul>\n<li aria-level=\"1\">Rostfreier INOX-Stahl<\/li>\n<\/ul>\n<p><strong><i>Pflegehinweise f\u00fcr das Produkt<\/i><\/strong><\/p>\n<p>Um das Produkt in perfektem Zustand zu halten, empfehlen wir, den direkten Kontakt mit Make-up, Parf\u00fcm und Wasser zu vermeiden. Bewahren Sie Ihre Bijoux in der Originalverpackung oder in einem Samtbeutel auf, um Kratzer zu vermeiden. Gelegentliches Polieren mit einem weichen Tuch h\u00e4lt den Glanz aufrecht.<\/p>\n","protected":false},"excerpt":{"rendered":"<p>Die Ewigkeit. Sch\u00f6ner <strong>Ring aus kratzfestem Stahl, Farbe Ros\u00e9gold<\/strong>, Modell Riviera, mit wei\u00dfen Kristallen.<\/p>\n<p>Dieser<strong>Ewigkeitsring aus Edelstahl ist mit funkelnden wei\u00dfen Kristallen verziert<\/strong>. Ein Stilmerkmal, das St\u00e4rke mit Eleganz verbindet. Dieser Ring aus der Riviera-Kollektion wurde mit handwerklichem Geschick und Liebe zum Detail gefertigt.<\/p>\n<p>Der Eternity-Ring aus hochwertigem, kratzfestem Stahl mit funkelnden Kristallen ist eine raffinierte und langlebige Wahl, die perfekt zu jedem Anlass passt. Mit einer Breite von 2 mm bietet dieses Bijoux-Schmuckst\u00fcck einen subtilen Hauch von Glamour, der alle Blicke auf sich ziehen wird.<\/p>\n<p>Ideal als <strong>Ringhalter<\/strong> f\u00fcr einen allt\u00e4glichen Hauch von Klasse oder als perfekte Erg\u00e4nzung zum Muster der <strong>Firenze Collection<\/strong>.<\/p>\n<p>Lassen Sie sich von der zeitlosen Sch\u00f6nheit des Eternity-Rings umh\u00fcllen und verleihen Sie Ihrem <strong>einzigartigen Stil einen Hauch von Luxus<\/strong>.<\/p>\n","protected":false},"featured_media":140509,"template":"","meta":{"_seopress_robots_primary_cat":"","_seopress_titles_title":"","_seopress_titles_desc":"","_seopress_robots_index":""},"product_brand":[],"product_cat":[4038],"product_tag":[],"class_list":{"0":"post-142242","1":"product","2":"type-product","3":"status-publish","4":"has-post-thumbnail","6":"product_cat-uncategorized-de","8":"first","9":"instock","10":"shipping-taxable","11":"purchasable","12":"product-type-simple"},"jetpack_sharing_enabled":true,"_links":{"self":[{"href":"https:\/\/lighthouselocarno.ch\/de\/wp-json\/wp\/v2\/product\/142242","targetHints":{"allow":["GET"]}}],"collection":[{"href":"https:\/\/lighthouselocarno.ch\/de\/wp-json\/wp\/v2\/product"}],"about":[{"href":"https:\/\/lighthouselocarno.ch\/de\/wp-json\/wp\/v2\/types\/product"}],"wp:featuredmedia":[{"embeddable":true,"href":"https:\/\/lighthouselocarno.ch\/de\/wp-json\/wp\/v2\/media\/140509"}],"wp:attachment":[{"href":"https:\/\/lighthouselocarno.ch\/de\/wp-json\/wp\/v2\/media?parent=142242"}],"wp:term":[{"taxonomy":"product_brand","embeddable":true,"href":"https:\/\/lighthouselocarno.ch\/de\/wp-json\/wp\/v2\/product_brand?post=142242"},{"taxonomy":"product_cat","embeddable":true,"href":"https:\/\/lighthouselocarno.ch\/de\/wp-json\/wp\/v2\/product_cat?post=142242"},{"taxonomy":"product_tag","embeddable":true,"href":"https:\/\/lighthouselocarno.ch\/de\/wp-json\/wp\/v2\/product_tag?post=142242"}],"curies":[{"name":"wp","href":"https:\/\/api.w.org\/{rel}","templated":true}]}}