{"id":155250,"date":"2025-05-12T16:09:24","date_gmt":"2025-05-12T16:09:24","guid":{"rendered":"https:\/\/lighthouselocarno.ch\/prodotto\/weisse-lange-bluse-mit-rueschen-spitze-und-schicken-details\/"},"modified":"2025-05-23T06:56:03","modified_gmt":"2025-05-23T06:56:03","slug":"weisse-lange-bluse-mit-rueschen-spitze-und-schicken-details","status":"publish","type":"product","link":"https:\/\/lighthouselocarno.ch\/de\/produkt\/weisse-lange-bluse-mit-rueschen-spitze-und-schicken-details\/","title":{"rendered":"Wei\u00dfe lange Bluse mit R\u00fcschen, Spitze und schicken Details"},"content":{"rendered":"<h4 class=\"\" data-start=\"804\" data-end=\"872\">Wei\u00dfe lange Bluse mit R\u00fcschen, Spitze und Perlen - Elisa Cavaletti<\/h4>\n<p class=\"\" data-start=\"874\" data-end=\"1058\">Bringen Sie Ihre Weiblichkeit mit der <strong data-start=\"908\" data-end=\"946\">wei\u00dfen Longbluse von Elisa Cavaletti<\/strong> zum Ausdruck. Das raffinierte Design verleiht jedem Look eine schicke und originelle Note.<\/p>\n<p class=\"\" data-start=\"1060\" data-end=\"1369\">Diese Bluse aus <strong data-start=\"1074\" data-end=\"1096\">gecrashtem Cr\u00eape<\/strong> besticht durch <strong data-start=\"1120\" data-end=\"1160\">raffinierte R\u00fcschen und Spitzeneins\u00e4tze<\/strong>, die f\u00fcr Bewegung und Eleganz sorgen. Der <strong data-start=\"1197\" data-end=\"1238\">asymmetrische Zweireiher am unteren Ende<\/strong> sorgt f\u00fcr eine moderne Note, w\u00e4hrend <strong data-start=\"1276\" data-end=\"1329\">Perlenapplikationen und schwarz-wei\u00dfe Akzente<\/strong> das Kleidungsst\u00fcck hell und raffiniert machen. <\/p>\n<p class=\"\" data-start=\"1371\" data-end=\"1566\">Die <strong data-start=\"1374\" data-end=\"1406\">langen Fledermaus\u00e4rmel<\/strong> sorgen f\u00fcr eine flie\u00dfende Eleganz und eine bequeme Passform, die Sie sowohl tags\u00fcber zu klassischen Hosen als auch abends zu einem glamour\u00f6sen Look tragen k\u00f6nnen.<\/p>\n<p class=\"\" data-start=\"1568\" data-end=\"1708\">Die Bluse hat eine <strong data-start=\"1584\" data-end=\"1608\">regul\u00e4re Passform<\/strong> und wurde <strong data-start=\"1625\" data-end=\"1650\">vollst\u00e4ndig in Italien<\/strong> hergestellt, eine Garantie f\u00fcr modische Qualit\u00e4t und unverwechselbaren Stil.<\/p>\n<p class=\"\" data-start=\"1710\" data-end=\"1734\"><strong data-start=\"1710\" data-end=\"1732\">Details zum Produkt:<\/strong><\/p>\n<ul data-start=\"1735\" data-end=\"2086\">\n<li class=\"\" data-start=\"1735\" data-end=\"1774\">\n<p class=\"\" data-start=\"1737\" data-end=\"1774\">Wei\u00dfe lange Bluse aus Kreppstoff<\/p>\n<\/li>\n<li class=\"\" data-start=\"1775\" data-end=\"1814\">\n<p class=\"\" data-start=\"1777\" data-end=\"1814\">Elegante R\u00fcschen und Spitzeneins\u00e4tze<\/p>\n<\/li>\n<li class=\"\" data-start=\"1815\" data-end=\"1860\">\n<p class=\"\" data-start=\"1817\" data-end=\"1860\">Asymmetrischer Boden mit Doppelkopf-Effekt<\/p>\n<\/li>\n<li class=\"\" data-start=\"1861\" data-end=\"1915\">\n<p class=\"\" data-start=\"1863\" data-end=\"1915\">Applikationen mit Perlen und schwarz-wei\u00dfen Highlights<\/p>\n<\/li>\n<li class=\"\" data-start=\"1916\" data-end=\"1952\">\n<p class=\"\" data-start=\"1918\" data-end=\"1952\">Lange \u00c4rmel im Batwing-Stil<\/p>\n<\/li>\n<li class=\"\" data-start=\"1953\" data-end=\"1977\">\n<p class=\"\" data-start=\"1955\" data-end=\"1977\">Normale Passform<\/p>\n<\/li>\n<li class=\"\" data-start=\"1978\" data-end=\"1995\">\n<p class=\"\" data-start=\"1980\" data-end=\"1995\">Hergestellt in Italien<\/p>\n<\/li>\n<li class=\"\" data-start=\"1996\" data-end=\"2035\">\n<p class=\"\" data-start=\"1998\" data-end=\"2035\">Produkt-Code: EJP251008201-03149<\/p>\n<\/li>\n<li class=\"\" data-start=\"2036\" data-end=\"2086\">\n<p class=\"\" data-start=\"2038\" data-end=\"2086\">Das Model ist 178 cm gro\u00df und tr\u00e4gt Gr\u00f6\u00dfe S<\/p>\n<\/li>\n<\/ul>\n<p class=\"\" data-start=\"2088\" data-end=\"2190\">\ud83d\udca1 <em data-start=\"2091\" data-end=\"2190\">Perfekt f\u00fcr Frauen, die mit Stil und Raffinesse auffallen m\u00f6chten, entworfen von Elisa Cavaletti.<\/em><\/p>\n","protected":false},"excerpt":{"rendered":"<p class=\"\" data-start=\"618\" data-end=\"761\">Wei\u00dfe lange Bluse aus Cr\u00eape mit R\u00fcschen und Spitze. Asymmetrischer Saum, Fledermaus\u00e4rmel und Perlenverzierung. Eleganz von Elisa Cavaletti.  <\/p>\n","protected":false},"featured_media":155221,"template":"","meta":{"_seopress_robots_primary_cat":"none","_seopress_titles_title":"Wei\u00dfe lange Bluse mit Spitze und R\u00fcschen - Elisa Cavaletti","_seopress_titles_desc":"Entdecken Sie die wei\u00dfe lange Bluse von Elisa Cavaletti mit R\u00fcschen, Spitze und Perlendetails. Elegant und raffiniert, perfekt f\u00fcr jeden Anlass.  Hergestellt in Italien.","_seopress_robots_index":""},"product_brand":[8563],"product_cat":[3799,5668,3795,3789],"product_tag":[8583,8577,8576,8582,8578,8584,8581,8579,8580,8575],"class_list":{"0":"post-155250","1":"product","2":"type-product","3":"status-publish","4":"has-post-thumbnail","6":"product_brand-elisa-cavaletti","7":"product_cat-damenmode","8":"product_cat-hemden","9":"product_cat-kleider","10":"product_cat-kleidung","11":"product_tag-bluse-mit-fledermausarmeln","12":"product_tag-bluse-mit-ruschen","13":"product_tag-bluse-mit-spitze","14":"product_tag-elegante-damenmode","15":"product_tag-elisa-cavaletti-elegante-bluse","16":"product_tag-mode-elisa-cavaletti","17":"product_tag-mode-made-in-italy","18":"product_tag-schicke-damenbekleidung","19":"product_tag-tages-und-abendlook","20":"product_tag-weise-lange-bluse","21":"pa_taglia-l-de","22":"pa_taglia-m-de","23":"pa_taglia-s-de","24":"pa_taglia-xl-de","25":"pa_taglia-xs-de","27":"first","28":"instock","29":"shipping-taxable","30":"purchasable","31":"product-type-variable"},"jetpack_sharing_enabled":true,"_links":{"self":[{"href":"https:\/\/lighthouselocarno.ch\/de\/wp-json\/wp\/v2\/product\/155250","targetHints":{"allow":["GET"]}}],"collection":[{"href":"https:\/\/lighthouselocarno.ch\/de\/wp-json\/wp\/v2\/product"}],"about":[{"href":"https:\/\/lighthouselocarno.ch\/de\/wp-json\/wp\/v2\/types\/product"}],"wp:featuredmedia":[{"embeddable":true,"href":"https:\/\/lighthouselocarno.ch\/de\/wp-json\/wp\/v2\/media\/155221"}],"wp:attachment":[{"href":"https:\/\/lighthouselocarno.ch\/de\/wp-json\/wp\/v2\/media?parent=155250"}],"wp:term":[{"taxonomy":"product_brand","embeddable":true,"href":"https:\/\/lighthouselocarno.ch\/de\/wp-json\/wp\/v2\/product_brand?post=155250"},{"taxonomy":"product_cat","embeddable":true,"href":"https:\/\/lighthouselocarno.ch\/de\/wp-json\/wp\/v2\/product_cat?post=155250"},{"taxonomy":"product_tag","embeddable":true,"href":"https:\/\/lighthouselocarno.ch\/de\/wp-json\/wp\/v2\/product_tag?post=155250"}],"curies":[{"name":"wp","href":"https:\/\/api.w.org\/{rel}","templated":true}]}}