{"id":155289,"date":"2025-05-19T12:48:34","date_gmt":"2025-05-19T12:48:34","guid":{"rendered":"https:\/\/lighthouselocarno.ch\/prodotto\/weisses-hemd-mit-rueschen-und-devore-spitze-elisa-cavaletti\/"},"modified":"2025-05-23T06:56:10","modified_gmt":"2025-05-23T06:56:10","slug":"weisses-hemd-mit-rueschen-und-devore-spitze-elisa-cavaletti","status":"publish","type":"product","link":"https:\/\/lighthouselocarno.ch\/de\/produkt\/weisses-hemd-mit-rueschen-und-devore-spitze-elisa-cavaletti\/","title":{"rendered":"Wei\u00dfes Hemd mit R\u00fcschen und Devor\u00e9-Spitze - Elisa Cavaletti"},"content":{"rendered":"<h4 class=\"\" data-start=\"564\" data-end=\"628\">Wei\u00dfes Hemd mit R\u00fcschen und Devor\u00e9-Spitze - Elisa Cavaletti<\/h4>\n<p class=\"\" data-start=\"630\" data-end=\"801\">Unterstreichen Sie Ihren Stil mit dem <strong data-start=\"657\" data-end=\"713\">wei\u00dfen Hemd aus einer Seidenmischung von Elisa Cavaletti<\/strong>, einem romantischen und raffinierten Kleidungsst\u00fcck f\u00fcr Frauen, die sich gerne durch Eleganz auszeichnen.<\/p>\n<p class=\"\" data-start=\"803\" data-end=\"1165\">Dieses <strong data-start=\"810\" data-end=\"837\">kurz\u00e4rmelige Hemd<\/strong> ist aus einer feinen Seidenmischung gefertigt und mit <strong data-start=\"894\" data-end=\"920\">R\u00fcschen und Devor\u00e9-Spitze<\/strong> verziert, die ihm einen raffinierten und femininen Touch verleihen. Der <strong data-start=\"969\" data-end=\"1017\">V-Ausschnitt mit verstellbarem Knopfverschluss<\/strong> sorgt f\u00fcr eine individuelle Passform, w\u00e4hrend die <strong data-start=\"1071\" data-end=\"1121\">wei\u00df emaillierte dekorative Herzplakette<\/strong> ein einzigartiges und unverwechselbares Detail darstellt. <\/p>\n<p class=\"\" data-start=\"1167\" data-end=\"1290\">Das Hemd ist perfekt, um <strong data-start=\"1187\" data-end=\"1216\">essentielle und dennoch edle Looks<\/strong> zu kreieren. Es eignet sich sowohl f\u00fcr Alltagsoutfits als auch f\u00fcr besondere Anl\u00e4sse.<\/p>\n<p class=\"\" data-start=\"1292\" data-end=\"1699\"><strong data-start=\"1292\" data-end=\"1318\">Produktdetails:<\/strong><br data-start=\"1318\" data-end=\"1321\">- Wei\u00dfe Seidenbluse<br data-start=\"1351\" data-end=\"1354\">- R\u00fcschen mit eleganter Devor\u00e8-Spitze<br data-start=\"1389\" data-end=\"1392\">- Kurze \u00c4rmel mit emailliertem Herzanh\u00e4nger<br data-start=\"1438\" data-end=\"1441\">- V-Ausschnitt mit verstellbaren Kn\u00f6pfen<br data-start=\"1476\" data-end=\"1479\">- Romantischer, schicker und zeitloser Stil<br data-start=\"1516\" data-end=\"1519\">- Regul\u00e4re Passform<br data-start=\"1541\" data-end=\"1544\">- Made in Italy<br data-start=\"1559\" data-end=\"1562\">- Produktcode: EJP251008200-03149<br data-start=\"1599\" data-end=\"1602\">- Das Model ist 174 cm gro\u00df und tr\u00e4gt Gr\u00f6\u00dfe S (Ma\u00dfe: Oberweite 81 cm, Taille 62 cm, H\u00fcfte 89 cm)<\/p>\n<p class=\"\" data-start=\"1701\" data-end=\"1805\">\ud83d\udca1 <em data-start=\"1704\" data-end=\"1805\">Perfekt f\u00fcr die Frau, die zu jeder Tageszeit Eleganz und Authentizit\u00e4t tragen m\u00f6chte.<\/em><\/p>\n","protected":false},"excerpt":{"rendered":"<p class=\"\" data-start=\"358\" data-end=\"508\">Wei\u00dfes Hemd aus einer Seidenmischung mit R\u00fcschen und Devor\u00e9-Spitze. Kurze \u00c4rmel, verstellbarer V-Ausschnitt und romantische Details. Eleganter Tages- und Abendlook.  <\/p>\n","protected":false},"featured_media":155264,"template":"","meta":{"_seopress_robots_primary_cat":"none","_seopress_titles_title":"Wei\u00dfes Hemd mit R\u00fcschen und Devor\u00e9-Spitze - Elisa Cavaletti","_seopress_titles_desc":"Entdecken Sie das wei\u00dfe Hemd aus einer Seidenmischung mit R\u00fcschen und Devor\u00e9-Spitze von Elisa Cavaletti. Romantische Eleganz f\u00fcr jeden Anlass.  Hergestellt in Italien.","_seopress_robots_index":""},"product_brand":[8563],"product_cat":[3799,5668,3789,4038],"product_tag":[8623,8621,8628,8622,8620,8627,8624,8625,8626,8619],"class_list":{"0":"post-155289","1":"product","2":"type-product","3":"status-publish","4":"has-post-thumbnail","6":"product_brand-elisa-cavaletti","7":"product_cat-damenmode","8":"product_cat-hemden","9":"product_cat-kleidung","10":"product_cat-uncategorized-de","11":"product_tag-damenhemd-de-3","12":"product_tag-devore-spitzenhemd","13":"product_tag-elegantes-sommerhemd","14":"product_tag-elisa-cavaletti-mode","15":"product_tag-hemd-mit-ruschen","16":"product_tag-italienische-damenmode","17":"product_tag-kleidung-hergestellt-in-italien","18":"product_tag-romantischer-look-fur-frauen","19":"product_tag-schicke-hemden","20":"product_tag-weises-damenhemd","21":"pa_taglia-l-de","22":"pa_taglia-m-de","23":"pa_taglia-s-de","24":"pa_taglia-xl-de","25":"pa_taglia-xs-de","26":"pa_taglia-xxl-de","27":"pa_taglia-xxxl-de","29":"first","30":"instock","31":"shipping-taxable","32":"purchasable","33":"product-type-variable"},"jetpack_sharing_enabled":true,"_links":{"self":[{"href":"https:\/\/lighthouselocarno.ch\/de\/wp-json\/wp\/v2\/product\/155289","targetHints":{"allow":["GET"]}}],"collection":[{"href":"https:\/\/lighthouselocarno.ch\/de\/wp-json\/wp\/v2\/product"}],"about":[{"href":"https:\/\/lighthouselocarno.ch\/de\/wp-json\/wp\/v2\/types\/product"}],"wp:featuredmedia":[{"embeddable":true,"href":"https:\/\/lighthouselocarno.ch\/de\/wp-json\/wp\/v2\/media\/155264"}],"wp:attachment":[{"href":"https:\/\/lighthouselocarno.ch\/de\/wp-json\/wp\/v2\/media?parent=155289"}],"wp:term":[{"taxonomy":"product_brand","embeddable":true,"href":"https:\/\/lighthouselocarno.ch\/de\/wp-json\/wp\/v2\/product_brand?post=155289"},{"taxonomy":"product_cat","embeddable":true,"href":"https:\/\/lighthouselocarno.ch\/de\/wp-json\/wp\/v2\/product_cat?post=155289"},{"taxonomy":"product_tag","embeddable":true,"href":"https:\/\/lighthouselocarno.ch\/de\/wp-json\/wp\/v2\/product_tag?post=155289"}],"curies":[{"name":"wp","href":"https:\/\/api.w.org\/{rel}","templated":true}]}}