{"id":155358,"date":"2025-05-19T12:54:28","date_gmt":"2025-05-19T12:54:28","guid":{"rendered":"https:\/\/lighthouselocarno.ch\/prodotto\/weisses-baumwollhemd-mit-blauen-herzen-und-romantischen-details-elisa-cavaletti\/"},"modified":"2025-05-23T07:36:03","modified_gmt":"2025-05-23T07:36:03","slug":"weisses-baumwollhemd-mit-blauen-herzen-und-romantischen-details-elisa-cavaletti","status":"publish","type":"product","link":"https:\/\/lighthouselocarno.ch\/de\/produkt\/weisses-baumwollhemd-mit-blauen-herzen-und-romantischen-details-elisa-cavaletti\/","title":{"rendered":"Wei\u00dfes Baumwollhemd mit blauen Herzen und romantischen Details - Elisa Cavaletti"},"content":{"rendered":"<h4 class=\"\" data-start=\"594\" data-end=\"676\">Wei\u00dfes Baumwollhemd mit blauen Herzen und romantischen Details - Elisa Cavaletti<\/h4>\n<p class=\"\" data-start=\"678\" data-end=\"855\">Lassen Sie sich von dem einzigartigen Charme des <strong data-start=\"723\" data-end=\"789\">wei\u00dfen Baumwollhemds mit blauen Herzen von Elisa Cavaletti<\/strong> \u00fcberzeugen, perfekt f\u00fcr alle, die gerne Romantik und modernen Stil kombinieren.<\/p>\n<p class=\"\" data-start=\"857\" data-end=\"1227\">Dieses Hemd hat einen <strong data-start=\"884\" data-end=\"927\">Popelinekragen mit R\u00fcschenmuster<\/strong>, der dem Kleidungsst\u00fcck Volumen und Pers\u00f6nlichkeit verleiht, w\u00e4hrend der <strong data-start=\"977\" data-end=\"1001\">Knopfverschluss<\/strong> und die <strong data-start=\"1007\" data-end=\"1031\">regul\u00e4re Passform<\/strong> Komfort und Zweckm\u00e4\u00dfigkeit garantieren. Die <strong data-start=\"1070\" data-end=\"1099\">R\u00fcckseite aus wei\u00dfem Georgette<\/strong> sorgt in Kombination mit <strong data-start=\"1110\" data-end=\"1152\">dem perforierten Boden mit dekorativen Fransen<\/strong> f\u00fcr ein raffiniertes Spiel mit Transparenzen, das den gesamten Look versch\u00f6nert. <\/p>\n<p class=\"\" data-start=\"1229\" data-end=\"1508\">Ein letzter Hauch von Originalit\u00e4t wird durch die<strong data-start=\"1272\" data-end=\"1337\">herzf\u00f6rmige Applikation mit roten Lichtpunkten an der Seite<\/strong> verliehen, die dieses Hemd noch besonderer macht. Ideal, um es sowohl tags\u00fcber als auch abends f\u00fcr einen <strong data-start=\"1438\" data-end=\"1463\">schicken und romantischen Look zu<\/strong> tragen, immer im perfekten Elisa Cavaletti Stil. <\/p>\n<p class=\"\" data-start=\"1510\" data-end=\"2014\"><strong data-start=\"1510\" data-end=\"1536\">Produktdetails:<\/strong><br data-start=\"1536\" data-end=\"1539\">- Wei\u00dfe Baumwollbluse mit blauem Herzprint<br data-start=\"1586\" data-end=\"1589\">- Popelinekragen mit R\u00fcschenmotiv<br data-start=\"1628\" data-end=\"1631\">- Knopfverschluss vorne<br data-start=\"1662\" data-end=\"1665\">- Leichter wei\u00dfer Georgette hinten<br data-start=\"1700\" data-end=\"1703\">- Perforierter Saum mit dekorativen Fransen<br data-start=\"1743\" data-end=\"1746\">- Herzapplikation mit roten Punkten an der Seite<br data-start=\"1798\" data-end=\"1801\">- Romantischer Tages- und Abendlook<br data-start=\"1837\" data-end=\"1840\">- Regul\u00e4re Passform<br data-start=\"1862\" data-end=\"1865\">- Made in Italy<br data-start=\"1880\" data-end=\"1883\">- Produktcode: EJP251063107-99461<br data-start=\"1920\" data-end=\"1923\">- Das Model ist 174 cm gro\u00df (Oberweite 81 cm, Taille 62 cm, H\u00fcfte 89 cm) und tr\u00e4gt Gr\u00f6\u00dfe S<\/p>\n<p class=\"\" data-start=\"2016\" data-end=\"2115\">\ud83d\udca1 <em data-start=\"2019\" data-end=\"2115\">Ein elegantes und vertr\u00e4umtes Kleidungsst\u00fcck, perfekt, um Ihre Pers\u00f6nlichkeit durch Details zum Ausdruck zu bringen.<\/em><\/p>\n","protected":false},"excerpt":{"rendered":"<p class=\"\" data-start=\"366\" data-end=\"538\">Wei\u00dfes Baumwollhemd mit blauen Herzen und romantischen Details: perforierter Boden mit Fransen, Georgette-R\u00fccken und rotes Herz mit hellen Punkten. Eleganz von Elisa Cavaletti. <\/p>\n","protected":false},"featured_media":155319,"template":"","meta":{"_seopress_robots_primary_cat":"","_seopress_titles_title":"Wei\u00dfes Hemd mit blauen Herzen und Fransen - Elisa Cavaletti","_seopress_titles_desc":"Entdecken Sie das wei\u00dfe Hemd mit blauem Herz-Print, Fransen unten und rotem Zierherz. Ein romantischer und eleganter Look von Elisa Cavaletti.  Hergestellt in Italien.","_seopress_robots_index":"","_seopress_analysis_target_kw":""},"product_brand":[8563],"product_cat":[3799,5668,3789],"product_tag":[8661,8666,8664,8622,8665,8667,8584,8662,8668,8663],"class_list":{"0":"post-155358","1":"product","2":"type-product","3":"status-publish","4":"has-post-thumbnail","6":"product_brand-elisa-cavaletti","7":"product_cat-damenmode","8":"product_cat-hemden","9":"product_cat-kleidung","10":"product_tag-blaue-herzen-shirt","11":"product_tag-damenmode-made-in-italy","12":"product_tag-elegante-damenbekleidung","13":"product_tag-elisa-cavaletti-mode","14":"product_tag-hemd-mit-fransen","15":"product_tag-hemd-mit-rotem-herz","16":"product_tag-mode-elisa-cavaletti","17":"product_tag-romantisches-hemd-fur-frauen","18":"product_tag-schicker-look-fur-frauen","19":"product_tag-weises-baumwollhemd","20":"pa_taglia-l-de","21":"pa_taglia-m-de","22":"pa_taglia-s-de","23":"pa_taglia-xl-de","24":"pa_taglia-xs-de","25":"pa_taglia-xxl-de","27":"first","28":"instock","29":"shipping-taxable","30":"purchasable","31":"product-type-variable"},"jetpack_sharing_enabled":true,"_links":{"self":[{"href":"https:\/\/lighthouselocarno.ch\/de\/wp-json\/wp\/v2\/product\/155358","targetHints":{"allow":["GET"]}}],"collection":[{"href":"https:\/\/lighthouselocarno.ch\/de\/wp-json\/wp\/v2\/product"}],"about":[{"href":"https:\/\/lighthouselocarno.ch\/de\/wp-json\/wp\/v2\/types\/product"}],"wp:featuredmedia":[{"embeddable":true,"href":"https:\/\/lighthouselocarno.ch\/de\/wp-json\/wp\/v2\/media\/155319"}],"wp:attachment":[{"href":"https:\/\/lighthouselocarno.ch\/de\/wp-json\/wp\/v2\/media?parent=155358"}],"wp:term":[{"taxonomy":"product_brand","embeddable":true,"href":"https:\/\/lighthouselocarno.ch\/de\/wp-json\/wp\/v2\/product_brand?post=155358"},{"taxonomy":"product_cat","embeddable":true,"href":"https:\/\/lighthouselocarno.ch\/de\/wp-json\/wp\/v2\/product_cat?post=155358"},{"taxonomy":"product_tag","embeddable":true,"href":"https:\/\/lighthouselocarno.ch\/de\/wp-json\/wp\/v2\/product_tag?post=155358"}],"curies":[{"name":"wp","href":"https:\/\/api.w.org\/{rel}","templated":true}]}}