{"id":155411,"date":"2025-05-19T13:01:34","date_gmt":"2025-05-19T13:01:34","guid":{"rendered":"https:\/\/lighthouselocarno.ch\/prodotto\/helles-khakifarbenes-hemd-mit-rueschen-und-devore-spitze-elisa-cavaletti\/"},"modified":"2025-05-23T12:40:27","modified_gmt":"2025-05-23T12:40:27","slug":"helles-khakifarbenes-hemd-mit-rueschen-und-devore-spitze-elisa-cavaletti","status":"publish","type":"product","link":"https:\/\/lighthouselocarno.ch\/de\/produkt\/helles-khakifarbenes-hemd-mit-rueschen-und-devore-spitze-elisa-cavaletti\/","title":{"rendered":"Helles khakifarbenes Hemd mit R\u00fcschen und Devor\u00e9-Spitze - Elisa Cavaletti"},"content":{"rendered":"<h4 class=\"\" data-start=\"632\" data-end=\"701\">Helles khakifarbenes Hemd mit R\u00fcschen und Devor\u00e9-Spitze - Elisa Cavaletti<\/h4>\n<p class=\"\" data-start=\"703\" data-end=\"903\">Lassen Sie sich von der Zartheit und Eleganz des <strong data-start=\"761\" data-end=\"798\">leicht khakifarbenen Hemdes aus einer Seidenmischung<\/strong> von <strong data-start=\"807\" data-end=\"826\">Elisa Cavaletti<\/strong> inspirieren, das ideal ist, um Ihren Stil mit einer romantischen und raffinierten Note zu unterstreichen.<\/p>\n<p class=\"\" data-start=\"905\" data-end=\"1260\">Das raffinierte Design umfasst <strong data-start=\"933\" data-end=\"971\">R\u00fcschen und Devor\u00e9-Spitzendetails<\/strong>, die das Kleidungsst\u00fcck versch\u00f6nern und ihm einen femininen und vertr\u00e4umten Charakter verleihen. Der <strong data-start=\"1050\" data-end=\"1098\">V-Ausschnitt mit verstellbarem Knopfverschluss<\/strong> erm\u00f6glicht eine vielseitige Passform, w\u00e4hrend die <strong data-start=\"1145\" data-end=\"1227\">kurzen \u00c4rmel mit einer wei\u00df emaillierten herzf\u00f6rmigen Plakette<\/strong>, dem unverkennbaren Symbol der Marke, <strong data-start=\"1145\" data-end=\"1227\">verziert<\/strong> sind. <\/p>\n<p class=\"\" data-start=\"1262\" data-end=\"1449\">Dieses Hemd ist perfekt, um <strong data-start=\"1282\" data-end=\"1310\">essentielle und edle Looks<\/strong> zu kreieren. Es passt sowohl zu informellen als auch zu eleganteren Anl\u00e4ssen und macht Sie zu jeder Tageszeit zum Hauptdarsteller.<\/p>\n<p class=\"\" data-start=\"1451\" data-end=\"1877\"><strong data-start=\"1451\" data-end=\"1477\">Produktdetails:<\/strong><br data-start=\"1477\" data-end=\"1480\">- Helle khakifarbene Seidenbluse<br data-start=\"1515\" data-end=\"1518\">- R\u00fcschen mit raffinierter Devor\u00e8-Spitze<br data-start=\"1554\" data-end=\"1557\">- Kurze \u00c4rmel mit wei\u00df emaillierter Plakette in Herzform<br data-start=\"1619\" data-end=\"1622\">- V-Ausschnitt mit verstellbarem Knopfverschluss<br data-start=\"1668\" data-end=\"1671\">- Regul\u00e4re Passform<br data-start=\"1693\" data-end=\"1696\">- Romantischer und eleganter Stil<br data-start=\"1725\" data-end=\"1728\">- Made in Italy<br data-start=\"1743\" data-end=\"1746\">- Produktcode: EJP251008200-05079<br data-start=\"1783\" data-end=\"1786\">- Das Model ist 174 cm gro\u00df (Oberweite 81 cm, Taille 62 cm, H\u00fcfte 89 cm) und tr\u00e4gt Gr\u00f6\u00dfe S<\/p>\n<p class=\"\" data-start=\"1879\" data-end=\"1996\">\ud83d\udca1 <em data-start=\"1882\" data-end=\"1996\">Ein perfektes Hemd f\u00fcr alle, die ihre Pers\u00f6nlichkeit mit Zartheit, Weiblichkeit und italienischem Stil ausdr\u00fccken m\u00f6chten.<\/em><\/p>\n","protected":false},"excerpt":{"rendered":"<p class=\"\" data-start=\"404\" data-end=\"576\">Romantische Bluse aus einer leichten khakifarbenen Seidenmischung mit R\u00fcschen und Devor\u00e9-Spitze. V-Ausschnitt, kurze \u00c4rmel und dekoratives emailliertes Herz. Zeitlose Eleganz von Elisa Cavaletti.  <\/p>\n","protected":false},"featured_media":155369,"template":"","meta":{"_seopress_robots_primary_cat":"none","_seopress_titles_title":"Helles khakifarbenes Hemd mit R\u00fcschen und Spitze - Elisa Cavaletti","_seopress_titles_desc":"Leicht khakifarbenes Hemd aus einer Seidenmischung mit R\u00fcschen und Devor\u00e8-Spitze. Ein romantischer und eleganter Look von Elisa Cavaletti, perfekt f\u00fcr jeden Anlass.  Hergestellt in Italien.","_seopress_robots_index":""},"product_brand":[8563],"product_cat":[3799,5668,3789],"product_tag":[8691,8628,8622,8690,8694,8620,8692,8624,8662,8693],"class_list":{"0":"post-155411","1":"product","2":"type-product","3":"status-publish","4":"has-post-thumbnail","6":"product_brand-elisa-cavaletti","7":"product_cat-damenmode","8":"product_cat-hemden","9":"product_cat-kleidung","10":"product_tag-devore-spitzenhemd-de","11":"product_tag-elegantes-sommerhemd","12":"product_tag-elisa-cavaletti-mode","13":"product_tag-helles-khakifarbenes-hemd","14":"product_tag-hemd-mit-dekorativem-herz","15":"product_tag-hemd-mit-ruschen","16":"product_tag-italienische-damenmode-de","17":"product_tag-kleidung-hergestellt-in-italien","18":"product_tag-romantisches-hemd-fur-frauen","19":"product_tag-schicke-damenmode","20":"pa_taglia-l-de","21":"pa_taglia-m-de","22":"pa_taglia-s-de","23":"pa_taglia-xl-de","24":"pa_taglia-xs-de","25":"pa_taglia-xxl-de","27":"first","28":"instock","29":"shipping-taxable","30":"purchasable","31":"product-type-variable"},"jetpack_sharing_enabled":true,"_links":{"self":[{"href":"https:\/\/lighthouselocarno.ch\/de\/wp-json\/wp\/v2\/product\/155411","targetHints":{"allow":["GET"]}}],"collection":[{"href":"https:\/\/lighthouselocarno.ch\/de\/wp-json\/wp\/v2\/product"}],"about":[{"href":"https:\/\/lighthouselocarno.ch\/de\/wp-json\/wp\/v2\/types\/product"}],"wp:featuredmedia":[{"embeddable":true,"href":"https:\/\/lighthouselocarno.ch\/de\/wp-json\/wp\/v2\/media\/155369"}],"wp:attachment":[{"href":"https:\/\/lighthouselocarno.ch\/de\/wp-json\/wp\/v2\/media?parent=155411"}],"wp:term":[{"taxonomy":"product_brand","embeddable":true,"href":"https:\/\/lighthouselocarno.ch\/de\/wp-json\/wp\/v2\/product_brand?post=155411"},{"taxonomy":"product_cat","embeddable":true,"href":"https:\/\/lighthouselocarno.ch\/de\/wp-json\/wp\/v2\/product_cat?post=155411"},{"taxonomy":"product_tag","embeddable":true,"href":"https:\/\/lighthouselocarno.ch\/de\/wp-json\/wp\/v2\/product_tag?post=155411"}],"curies":[{"name":"wp","href":"https:\/\/api.w.org\/{rel}","templated":true}]}}