{"id":155447,"date":"2025-05-19T13:08:39","date_gmt":"2025-05-19T13:08:39","guid":{"rendered":"https:\/\/lighthouselocarno.ch\/prodotto\/weisse-leggings-mit-silbernen-foliendetails-elisa-cavaletti\/"},"modified":"2025-05-22T13:22:17","modified_gmt":"2025-05-22T13:22:17","slug":"weisse-leggings-mit-silbernen-foliendetails-elisa-cavaletti","status":"publish","type":"product","link":"https:\/\/lighthouselocarno.ch\/de\/produkt\/weisse-leggings-mit-silbernen-foliendetails-elisa-cavaletti\/","title":{"rendered":"Wei\u00dfe Leggings mit silbernen Foliendetails - Elisa Cavaletti"},"content":{"rendered":"<h4 class=\"\" data-start=\"626\" data-end=\"696\">Wei\u00dfe Leggings mit silbernen Foliendetails - Elisa Cavaletti<\/h4>\n<p class=\"\" data-start=\"698\" data-end=\"1005\"><strong data-start=\"700\" data-end=\"744\">Die wei\u00dfen Leggings von Elisa Cavaletti<\/strong> vereinen Komfort, Stil und eine Botschaft der Selbsterm\u00e4chtigung. Diese Leggings ist perfekt f\u00fcr vielseitige und raffinierte Looks. Sie verf\u00fcgt \u00fcber <strong data-start=\"870\" data-end=\"891\">funktionelle Taschen<\/strong>, elegante Details <strong data-start=\"914\" data-end=\"932\">aus Silberfolie<\/strong> und den inspirierenden Satz <strong data-start=\"958\" data-end=\"984\">\u201e(selbst-)liebeorientiert\u201c<\/strong>, der an der Seite aufgedruckt ist. <\/p>\n<p class=\"\" data-start=\"1007\" data-end=\"1289\">Aus hochwertigen Materialien gefertigt, sind sie weich, dehnbar und ideal, um Sie sowohl an dynamischen Tagen als auch an l\u00e4ssig-schicken Abenden stilvoll zu begleiten. Die <strong data-start=\"1176\" data-end=\"1200\">regul\u00e4re Passform<\/strong> betont die Silhouette, w\u00e4hrend das raffinierte Design die ganze Essenz der Marke zum Ausdruck bringt. <\/p>\n<p class=\"\" data-start=\"1291\" data-end=\"1792\"><strong data-start=\"1291\" data-end=\"1313\">Produktdetails:<\/strong><br data-start=\"1313\" data-end=\"1316\">- Wei\u00dfe Leggings mit Taschen<br data-start=\"1345\" data-end=\"1348\">- Elegante Silberfolien-Details<br data-start=\"1385\" data-end=\"1388\">- Silberfolien-Schriftzug \u201e(self) love-oriented\u201c<br data-start=\"1438\" data-end=\"1441\">- Schicker und moderner Look, perfekt f\u00fcr jede Gelegenheit<br data-start=\"1497\" data-end=\"1500\">- Normale Passform<br data-start=\"1522\" data-end=\"1525\">- Stoffzusammensetzung 1: 66% Viskose, 31% Nylon, 3% Elasthan<br data-start=\"1585\" data-end=\"1588\">- Stoffzusammensetzung 2: 92% Polyester, 8% Elasthan<br data-start=\"1640\" data-end=\"1643\">- Hergestellt in Italien<br data-start=\"1658\" data-end=\"1661\">- Produktcode: EJP256003710-03160<br data-start=\"1698\" data-end=\"1701\">- Das Model ist 176 cm gro\u00df (Oberweite 86 cm, Taille 66 cm, H\u00fcfte 92 cm) und tr\u00e4gt Gr\u00f6\u00dfe S<\/p>\n<p class=\"\" data-start=\"1794\" data-end=\"1901\">\ud83d\udca1 <em data-start=\"1797\" data-end=\"1901\">Tragen Sie die Eleganz und positive Energie von Elisa Cavaletti: Stil, Identit\u00e4t und Komfort in einem.<\/em><\/p>\n","protected":false},"excerpt":{"rendered":"<p class=\"\" data-start=\"407\" data-end=\"570\">Wei\u00dfe Leggings mit Taschen und silbernen Foliendetails. (Selbst-)Liebesorientiert&#8216; Schriftzug f\u00fcr einen schicken und vielseitigen Look, ideal f\u00fcr Tag und Abend.  Elisa Cavaletti.<\/p>\n","protected":false},"featured_media":155419,"template":"","meta":{"_seopress_robots_primary_cat":"none","_seopress_titles_title":"Wei\u00dfe Leggings mit silbernen Details und Schriftzug - Elisa Cavaletti","_seopress_titles_desc":"Sehen Sie sich die wei\u00dfen Leggings mit silbernen Foliendetails und \"(selbst-)liebevoll\" Schriftzug an. Bequem und schick f\u00fcr jeden Moment.  Elisa Cavaletti. Hergestellt in Italien.","_seopress_robots_index":""},"product_brand":[8563],"product_cat":[3799,4784,3789],"product_tag":[8719,8722,8720,8717,8622,8721,8716,8715,8718,8714],"class_list":{"0":"post-155447","1":"product","2":"type-product","3":"status-publish","4":"has-post-thumbnail","6":"product_brand-elisa-cavaletti","7":"product_cat-damenmode","8":"product_cat-hosen","9":"product_cat-kleidung","10":"product_tag-damenbekleidung-in-italien-hergestellt","11":"product_tag-damenmode","12":"product_tag-elastische-hosen-fur-frauen","13":"product_tag-elegante-damen-leggings","14":"product_tag-elisa-cavaletti-mode","15":"product_tag-leggings-mit-motivationsschrift","16":"product_tag-leggings-mit-silberfolie","17":"product_tag-leggings-mit-taschen","18":"product_tag-schicke-looks-fur-tag-und-abend","19":"product_tag-weise-damen-leggings","20":"pa_taglia-m-de","21":"pa_taglia-s-de","23":"first","24":"instock","25":"shipping-taxable","26":"purchasable","27":"product-type-variable"},"jetpack_sharing_enabled":true,"_links":{"self":[{"href":"https:\/\/lighthouselocarno.ch\/de\/wp-json\/wp\/v2\/product\/155447","targetHints":{"allow":["GET"]}}],"collection":[{"href":"https:\/\/lighthouselocarno.ch\/de\/wp-json\/wp\/v2\/product"}],"about":[{"href":"https:\/\/lighthouselocarno.ch\/de\/wp-json\/wp\/v2\/types\/product"}],"wp:featuredmedia":[{"embeddable":true,"href":"https:\/\/lighthouselocarno.ch\/de\/wp-json\/wp\/v2\/media\/155419"}],"wp:attachment":[{"href":"https:\/\/lighthouselocarno.ch\/de\/wp-json\/wp\/v2\/media?parent=155447"}],"wp:term":[{"taxonomy":"product_brand","embeddable":true,"href":"https:\/\/lighthouselocarno.ch\/de\/wp-json\/wp\/v2\/product_brand?post=155447"},{"taxonomy":"product_cat","embeddable":true,"href":"https:\/\/lighthouselocarno.ch\/de\/wp-json\/wp\/v2\/product_cat?post=155447"},{"taxonomy":"product_tag","embeddable":true,"href":"https:\/\/lighthouselocarno.ch\/de\/wp-json\/wp\/v2\/product_tag?post=155447"}],"curies":[{"name":"wp","href":"https:\/\/api.w.org\/{rel}","templated":true}]}}