{"id":155598,"date":"2025-05-22T13:28:53","date_gmt":"2025-05-22T13:28:53","guid":{"rendered":"https:\/\/lighthouselocarno.ch\/prodotto\/wendbarer-kaftan-mit-rosen-und-wellenprint-elisa-cavaletti\/"},"modified":"2025-05-22T15:10:30","modified_gmt":"2025-05-22T15:10:30","slug":"wendbarer-kaftan-mit-rosen-und-wellenprint-elisa-cavaletti","status":"publish","type":"product","link":"https:\/\/lighthouselocarno.ch\/de\/produkt\/wendbarer-kaftan-mit-rosen-und-wellenprint-elisa-cavaletti\/","title":{"rendered":"Wendbarer Kaftan mit Rosen- und Wellenprint - Elisa Cavaletti"},"content":{"rendered":"<h4 class=\"\" data-start=\"596\" data-end=\"665\"><strong>Wendbarer Kaftan mit \u201eRose\u201c und \u201eWaves\u201c Druck - Elisa Cavaletti<\/strong><\/h4>\n<p class=\"\" data-start=\"667\" data-end=\"812\"><strong>Machen Sie Ihren Stil einzigartig mit dem <\/strong><strong data-start=\"699\" data-end=\"738\">wendbaren Kaftan von Elisa Cavaletti<\/strong><strong>ein raffiniertes und leichtes Kleidungsst\u00fcck, das perfekt f\u00fcr die Fr\u00fchjahr-Sommer-Saison ist.<\/strong><\/p>\n<p class=\"\" data-start=\"814\" data-end=\"1158\"><strong>Hergestellt aus <\/strong><strong data-start=\"828\" data-end=\"854\">weicher, gl\u00e4nzender Viskose<\/strong><strong>Dieser Kaftan vereint zwei Seelen in einem Kleidungsst\u00fcck: zum einen den <\/strong><strong data-start=\"919\" data-end=\"945\">floralen \u201eRose\u201c-Druck<\/strong><strong>auf der anderen Seite die flie\u00dfenden und eleganten \u201e<\/strong><strong data-start=\"989\" data-end=\"997\">Wellen<\/strong><strong>\u201e. Die Vielseitigkeit wird maximiert: Sie k\u00f6nnen es tragen mit   <\/strong><strong data-start=\"1059\" data-end=\"1082\">Fledermaus\u00e4rmel<\/strong><strong> f\u00fcr einen b\u00f6hmischen Touch oder <\/strong><strong data-start=\"1107\" data-end=\"1120\">\u00e4rmellose<\/strong><strong> f\u00fcr einen frischeren, minimalistischeren Stil.<\/strong><\/p>\n<p class=\"\" data-start=\"1160\" data-end=\"1302\"><strong>Dieser Kaftan ist ideal f\u00fcr Tages- und Abendlooks und dr\u00fcckt moderne und authentische Weiblichkeit aus, mit all der Qualit\u00e4t von <\/strong><strong data-start=\"1282\" data-end=\"1299\">In Italien hergestellt<\/strong><strong>.<\/strong><\/p>\n<p class=\"\" data-start=\"1304\" data-end=\"1744\"><strong data-start=\"1304\" data-end=\"1330\">Details zum Produkt:<\/strong><strong><br \/>\n- Kaftan aus gl\u00e4nzender Viskose, wendbar<br \/>\n- Farben: hellblau, beige und wei\u00df<br \/>\n- Seite 1: Blumendruck \u201eRose\u201c<br \/>\n- Seite 2: Grafikdruck \u201eWaves\u201c<br \/>\n- Wendbare \u00c4rmel: Fledermausfl\u00fcgel oder \u00e4rmellos<br \/>\n- Normale Passform<br \/>\n- Fr\u00fchlingslook, schick und vielseitig<br \/>\n- Hergestellt in Italien<br \/>\n- Produktcode: EJP255066702-99459<br \/>\n- Das Model ist 174 cm gro\u00df (Oberweite 81 cm, Taille 62 cm, H\u00fcfte 89 cm) und tr\u00e4gt Gr\u00f6\u00dfe S<\/strong><\/p>\n<p class=\"\" data-start=\"1746\" data-end=\"1858\">\ud83d\udca1<strong> <em data-start=\"1749\" data-end=\"1858\">Zwei Stile in einem: \u00e4ndern Sie Ihren Look mit einer einzigen Geste, dank der wendbaren Eleganz von Elisa Cavaletti.<\/em><\/strong><\/p>\n","protected":false},"excerpt":{"rendered":"<p class=\"\" data-start=\"387\" data-end=\"540\">Wendbarer Kaftan aus gl\u00e4nzender Viskose mit \u201eRose\u201c-Druck auf der einen und \u201eWaves\u201c auf der anderen Seite. Mit Fledermaus\u00e4rmeln oder \u00e4rmellos. Frisch, leicht und Made in Italy.  <\/p>\n","protected":false},"featured_media":155579,"template":"","meta":{"_seopress_robots_primary_cat":"none","_seopress_titles_title":"Wendbarer Kaftan aus gl\u00e4nzender Viskose mit \u201eRose\u201c-Druck auf der einen und \u201eWaves\u201c auf der anderen Seite. Mit Fledermaus\u00e4rmeln oder \u00e4rmellos. Frisch, leicht und Made in Italy.  ","_seopress_titles_desc":"Entdecken Sie den wendbaren Elisa Cavaletti Kaftan: Rosenprint auf der einen Seite und Wellen auf der anderen. Frisch, elegant und vielseitig. Perfekt f\u00fcr Fr\u00fchjahr-Sommer-Looks.  ","_seopress_robots_index":""},"product_brand":[8563],"product_cat":[3799,5668,3789],"product_tag":[8750,8622,8752,8754,8751,8758,8753,8755,8756,8757],"class_list":{"0":"post-155598","1":"product","2":"type-product","3":"status-publish","4":"has-post-thumbnail","6":"product_brand-elisa-cavaletti","7":"product_cat-damenmode","8":"product_cat-hemden","9":"product_cat-kleidung","10":"product_tag-eleganter-kaftan-fur-frauen","11":"product_tag-elisa-cavaletti-mode","12":"product_tag-kaftan-fruhling-sommer","13":"product_tag-kaftan-mit-blumendruck","14":"product_tag-kaftan-zum-wenden","15":"product_tag-lassig-schicker-frauen-look","16":"product_tag-leichte-kleidung-fur-frauen","17":"product_tag-mode-made-in-italy-de","18":"product_tag-schicke-damenbekleidung-de","19":"product_tag-vielseitige-damenbekleidung","20":"pa_taglia-eine-grose-fur-alle","22":"first","23":"instock","24":"shipping-taxable","25":"purchasable","26":"product-type-variable"},"jetpack_sharing_enabled":true,"_links":{"self":[{"href":"https:\/\/lighthouselocarno.ch\/de\/wp-json\/wp\/v2\/product\/155598","targetHints":{"allow":["GET"]}}],"collection":[{"href":"https:\/\/lighthouselocarno.ch\/de\/wp-json\/wp\/v2\/product"}],"about":[{"href":"https:\/\/lighthouselocarno.ch\/de\/wp-json\/wp\/v2\/types\/product"}],"wp:featuredmedia":[{"embeddable":true,"href":"https:\/\/lighthouselocarno.ch\/de\/wp-json\/wp\/v2\/media\/155579"}],"wp:attachment":[{"href":"https:\/\/lighthouselocarno.ch\/de\/wp-json\/wp\/v2\/media?parent=155598"}],"wp:term":[{"taxonomy":"product_brand","embeddable":true,"href":"https:\/\/lighthouselocarno.ch\/de\/wp-json\/wp\/v2\/product_brand?post=155598"},{"taxonomy":"product_cat","embeddable":true,"href":"https:\/\/lighthouselocarno.ch\/de\/wp-json\/wp\/v2\/product_cat?post=155598"},{"taxonomy":"product_tag","embeddable":true,"href":"https:\/\/lighthouselocarno.ch\/de\/wp-json\/wp\/v2\/product_tag?post=155598"}],"curies":[{"name":"wp","href":"https:\/\/api.w.org\/{rel}","templated":true}]}}