{"id":155656,"date":"2025-05-22T13:34:11","date_gmt":"2025-05-22T13:34:11","guid":{"rendered":"https:\/\/lighthouselocarno.ch\/prodotto\/blaues-langes-kleid-mit-weissem-blumendruck-und-keffiyeh-elisa-cavaletti\/"},"modified":"2026-01-09T13:45:35","modified_gmt":"2026-01-09T13:45:35","slug":"blaues-langes-kleid-mit-weissem-blumendruck-und-keffiyeh-elisa-cavaletti","status":"publish","type":"product","link":"https:\/\/lighthouselocarno.ch\/de\/produkt\/blaues-langes-kleid-mit-weissem-blumendruck-und-keffiyeh-elisa-cavaletti\/","title":{"rendered":"Blaues langes Kleid mit wei\u00dfem Blumendruck und Kufiya \u2013 Elisa Cavaletti"},"content":{"rendered":"<h4 class=\"\" data-start=\"644\" data-end=\"711\">Blaues langes Kleid mit Blumendruck und Kufiya \u2013 Elisa Cavaletti<\/h4>\n<p class=\"\" data-start=\"713\" data-end=\"878\">W\u00e4hlen Sie die Raffinesse mit dem <strong data-start=\"742\" data-end=\"783\">nachtblauen, langen Kleid von Elisa Cavaletti<\/strong>, einem flie\u00dfenden und leichten Kleidungsst\u00fcck, das Sie stilvoll bei jeder Gelegenheit im Fr\u00fchling begleitet.<\/p>\n<p class=\"\" data-start=\"880\" data-end=\"1171\">Das Kleid pr\u00e4sentiert einen <strong data-start=\"901\" data-end=\"936\">zarten wei\u00dfen Blumendruck<\/strong>, einen femininen <strong data-start=\"942\" data-end=\"956\">V-Ausschnitt<\/strong> und eine elegante <strong data-start=\"981\" data-end=\"1008\">seitliche Schleife in der Taille<\/strong>, die die Silhouette betont. Der R\u00fccken ist mit dem <strong data-start=\"1079\" data-end=\"1119\">ikonischen Schriftzug \u201eLove is the answer\u201c<\/strong> verziert, einer positiven Botschaft, die das Design einzigartig macht.<\/p>\n<p class=\"\" data-start=\"1173\" data-end=\"1293\">Das Outfit wird durch die <strong data-start=\"1201\" data-end=\"1233\">passende wei\u00dfe und blaue Kufiya<\/strong> vervollst\u00e4ndigt, die Ihrem Look eine unverwechselbare Note verleiht.<\/p>\n<p class=\"\" data-start=\"1295\" data-end=\"1446\">Ideal f\u00fcr Zeremonien, elegante Veranstaltungen oder besondere Abende. Dieses Kleid kombiniert <strong data-start=\"1373\" data-end=\"1412\">Komfort, Stil und eine starke Identit\u00e4t<\/strong> im Geiste von Elisa Cavaletti.<\/p>\n<p class=\"\" data-start=\"1448\" data-end=\"2019\"><strong data-start=\"1448\" data-end=\"1474\">Produktdetails:<\/strong><br data-start=\"1474\" data-end=\"1477\">\u2013 Nachtblaues langes Kleid mit wei\u00dfem Blumendruck<br data-start=\"1526\" data-end=\"1529\">\u2013 Ausgestellter Schnitt mit seitlicher Schleife in der Taille<br data-start=\"1573\" data-end=\"1576\">\u2013 Eleganter V-Ausschnitt<br data-start=\"1597\" data-end=\"1600\">\u2013 Schriftzug \u201eLove is the answer\u201c auf der R\u00fcckseite gedruckt<br data-start=\"1649\" data-end=\"1652\">\u2013 Passende Kufiya<br data-start=\"1683\" data-end=\"1686\">\u2013 Regul\u00e4re Passform<br data-start=\"1708\" data-end=\"1711\">\u2013 Leichter und raffinierter Stoff f\u00fcr Tages- und Abendlooks<br data-start=\"1769\" data-end=\"1772\">\u2013 Made in Italy<br data-start=\"1787\" data-end=\"1790\">\u2013 Produktcode: EJP232071206-18069<br data-start=\"1827\" data-end=\"1830\">\u2013 Zusammensetzung:<br data-start=\"1845\" data-end=\"1848\"> \u2022 Material 1: 56 % Viskose, 44 % Polyester<br data-start=\"1891\" data-end=\"1894\"> \u2022 Material 2: 100 % Polyester<br data-start=\"1925\" data-end=\"1928\">\u2013 Das Model ist 177 cm gro\u00df (Brustumfang 83 cm, Taille 62 cm, H\u00fcfte 93 cm) und tr\u00e4gt Gr\u00f6\u00dfe S<\/p>\n<p class=\"\" data-start=\"2021\" data-end=\"2130\">\ud83d\udca1 <em data-start=\"2024\" data-end=\"2130\">Ein Kleid, das ein Symbol f\u00fcr Eleganz und Freiheit ist, um Ihre Pers\u00f6nlichkeit mit Anmut und Originalit\u00e4t auszudr\u00fccken.<\/em><\/p>\n","protected":false},"excerpt":{"rendered":"<p class=\"\" data-start=\"404\" data-end=\"588\">Nachtblaues langes Kleid mit wei\u00dfem Blumendruck und passender Kufiya. Ausgestellt, mit seitlicher Schleife und dem Schriftzug \u201eLove is the answer\u201c auf der R\u00fcckseite. Fr\u00fchlingshafte Eleganz von Elisa Cavaletti.  <\/p>\n","protected":false},"featured_media":155611,"template":"","meta":{"_seopress_robots_primary_cat":"none","_seopress_titles_title":"Blaues langes Kleid mit wei\u00dfen Blumen und Kufiya \u2013 Elisa Cavaletti","_seopress_titles_desc":"Entdecken Sie das nachtblaue, lange Kleid mit Blumendruck, Schleife in der Taille und dem Schriftzug \u201eLove is the answer\u201c. Inklusive passender Kufiya. Eleganz von Elisa Cavaletti.   Hergestellt in Italien.","_seopress_robots_index":""},"product_brand":[8563],"product_cat":[3799,3795,3789,3891],"product_tag":[8788,8622,8790,8791,8793,8789,8794,8786,8787,8792],"class_list":{"0":"post-155656","1":"product","2":"type-product","3":"status-publish","4":"has-post-thumbnail","6":"product_brand-elisa-cavaletti","7":"product_cat-damenmode","8":"product_cat-kleider","9":"product_cat-kleidung","10":"product_cat-vertrieb","11":"product_tag-elegantes-geblumtes-kleid","12":"product_tag-elisa-cavaletti-mode","13":"product_tag-formelle-kleidung","14":"product_tag-fruhlingslook-fur-frauen","15":"product_tag-kleid-mit-keffiyeh","16":"product_tag-kleid-mit-taillenschleife","17":"product_tag-kleidung-mit-liebe-ist-die-antwort","18":"product_tag-langes-kleid-fur-frauen-de-2","19":"product_tag-mitternachtsblaues-kleid","20":"product_tag-schicke-damenmode-de","21":"pa_taglia-l-de","22":"pa_taglia-m-de","23":"pa_taglia-s-de","24":"pa_taglia-xl-de","25":"pa_taglia-xs-de","27":"first","28":"instock","29":"sale","30":"shipping-taxable","31":"purchasable","32":"product-type-variable"},"jetpack_sharing_enabled":true,"_links":{"self":[{"href":"https:\/\/lighthouselocarno.ch\/de\/wp-json\/wp\/v2\/product\/155656","targetHints":{"allow":["GET"]}}],"collection":[{"href":"https:\/\/lighthouselocarno.ch\/de\/wp-json\/wp\/v2\/product"}],"about":[{"href":"https:\/\/lighthouselocarno.ch\/de\/wp-json\/wp\/v2\/types\/product"}],"wp:featuredmedia":[{"embeddable":true,"href":"https:\/\/lighthouselocarno.ch\/de\/wp-json\/wp\/v2\/media\/155611"}],"wp:attachment":[{"href":"https:\/\/lighthouselocarno.ch\/de\/wp-json\/wp\/v2\/media?parent=155656"}],"wp:term":[{"taxonomy":"product_brand","embeddable":true,"href":"https:\/\/lighthouselocarno.ch\/de\/wp-json\/wp\/v2\/product_brand?post=155656"},{"taxonomy":"product_cat","embeddable":true,"href":"https:\/\/lighthouselocarno.ch\/de\/wp-json\/wp\/v2\/product_cat?post=155656"},{"taxonomy":"product_tag","embeddable":true,"href":"https:\/\/lighthouselocarno.ch\/de\/wp-json\/wp\/v2\/product_tag?post=155656"}],"curies":[{"name":"wp","href":"https:\/\/api.w.org\/{rel}","templated":true}]}}