{"id":155665,"date":"2025-05-22T13:39:04","date_gmt":"2025-05-22T13:39:04","guid":{"rendered":"https:\/\/lighthouselocarno.ch\/prodotto\/ilse-bag-mittlere-weisse-ledertasche-mit-praegung-elisa-cavaletti\/"},"modified":"2025-05-22T13:39:04","modified_gmt":"2025-05-22T13:39:04","slug":"ilse-bag-mittlere-weisse-ledertasche-mit-praegung-elisa-cavaletti","status":"publish","type":"product","link":"https:\/\/lighthouselocarno.ch\/de\/produkt\/ilse-bag-mittlere-weisse-ledertasche-mit-praegung-elisa-cavaletti\/","title":{"rendered":"Ilse Bag mittlere wei\u00dfe Ledertasche mit Pr\u00e4gung - Elisa Cavaletti"},"content":{"rendered":"<h4 class=\"\" data-start=\"612\" data-end=\"683\">Ilse Bag mittlere wei\u00dfe Ledertasche mit Pr\u00e4gung - Elisa Cavaletti<\/h4>\n<p class=\"\" data-start=\"685\" data-end=\"888\">Eine Ikone der Eleganz und des Stils von <strong data-start=\"722\" data-end=\"741\">Elisa Cavaletti<\/strong>: die <strong data-start=\"746\" data-end=\"777\">wei\u00dfe mittelgro\u00dfe Ilse Bag<\/strong> aus <strong data-start=\"793\" data-end=\"826\">100% echtem Leder Made in Italy<\/strong> ist der perfekte Begleiter f\u00fcr raffinierte und moderne Looks.<\/p>\n<p class=\"\" data-start=\"890\" data-end=\"1188\">Das klassische Tote-Design ist mit einem <strong data-start=\"933\" data-end=\"972\">dekorativen Wappenmuster<\/strong> verziert, das Originalit\u00e4t und Liebe zum Detail symbolisiert. Das <strong data-start=\"1103\" data-end=\"1134\">goldfarbene<\/strong> <strong data-start=\"1026\" data-end=\"1065\">\u201eEC\u201c-Logo mit hellen Punkten auf der Vorderseite<\/strong> verleiht der Tasche einen glamour\u00f6sen Touch, w\u00e4hrend der <strong data-start=\"1103\" data-end=\"1134\">goldfarbene Kettenriemen<\/strong> vielseitig tragbar ist: in der Hand oder \u00fcber der Schulter. <\/p>\n<p class=\"\" data-start=\"1190\" data-end=\"1381\">Das Innere der Tasche ist mit <strong data-start=\"1227\" data-end=\"1246\">nat\u00fcrlicher Baumwolle<\/strong> gef\u00fcttert und mit <strong data-start=\"1259\" data-end=\"1280\">funktionellen Taschen<\/strong> ausgestattet, so dass sie praktisch und bequem ist. Der <strong data-start=\"1317\" data-end=\"1349\">goldene Rei\u00dfverschluss<\/strong> garantiert Sicherheit und Stil. <\/p>\n<p class=\"\" data-start=\"1383\" data-end=\"1547\">Diese Tasche ist perfekt f\u00fcr jede Tageszeit: von einem eleganten Meeting bis zu einem besonderen Abend, ihr zeitloser Stil unterstreicht Ihre Pers\u00f6nlichkeit mit Klasse.<\/p>\n<p class=\"\" data-start=\"1549\" data-end=\"2057\"><strong data-start=\"1549\" data-end=\"1575\">Produktdetails:<\/strong><br data-start=\"1575\" data-end=\"1578\">- Mittlere Ilse Bag aus echtem wei\u00dfem Leder<br data-start=\"1621\" data-end=\"1624\">- Wappenpr\u00e4gung auf dem Leder<br data-start=\"1659\" data-end=\"1662\">- Goldenes \u201eEC\u201c-Detail auf der Vorderseite mit hellen Punkten<br data-start=\"1709\" data-end=\"1712\">- Goldfarbener Kettenschulterriemen mit Logo<br data-start=\"1750\" data-end=\"1753\">- Goldener Rei\u00dfverschluss<br data-start=\"1783\" data-end=\"1786\">- Doppelter Henkel aus Leder<br data-start=\"1810\" data-end=\"1813\">- Innenseite mit 100% Baumwolle gef\u00fcttert<br data-start=\"1843\" data-end=\"1846\">- Innentaschen<br data-start=\"1883\" data-end=\"1886\">- In der Hand oder \u00fcber der Schulter getragen<br data-start=\"1916\" data-end=\"1919\">- Elegant, kultig, Made in Italy<br data-start=\"1953\" data-end=\"1956\">- Abmessungen: Breite 30 cm, H\u00f6he 22 cm, Tiefe 8 cm<br data-start=\"2017\" data-end=\"2020\">- Produkt-Code: ELP250686501-03209<\/p>\n<p class=\"\" data-start=\"2059\" data-end=\"2176\">\ud83d\udca1 <em data-start=\"2062\" data-end=\"2176\">Ein unverzichtbares Accessoire f\u00fcr Liebhaber von raffiniertem Design, ein Symbol f\u00fcr die romantische Eleganz von Elisa Cavaletti.<\/em><\/p>\n","protected":false},"excerpt":{"rendered":"<p class=\"\" data-start=\"402\" data-end=\"556\">Mittlere Ilse Tasche aus wei\u00dfem Leder mit gepr\u00e4gtem Wappen, goldenem \u201eEC\u201c Logo und goldenem Kettenriemen. Elegante und ger\u00e4umige Tote, perfekt f\u00fcr den Tag und den Abend. <\/p>\n","protected":false},"featured_media":155664,"template":"","meta":{"_seopress_robots_primary_cat":"none","_seopress_titles_title":"Ilse Bag mittlere wei\u00dfe Ledertasche mit Pr\u00e4gung - Elisa Cavaletti","_seopress_titles_desc":"Wei\u00dfe mittelgro\u00dfe Ilse Bag Tragetasche aus Leder mit gepr\u00e4gtem Wappen und goldenem EC-Logo. Schulterriemen aus Goldkette und Rei\u00dfverschluss. Stil-Ikone von Elisa Cavaletti.  ","_seopress_robots_index":""},"product_brand":[8563],"product_cat":[3799,3789,3880,5551,8824],"product_tag":[8832,8826,8827,8828,8833,8831,8825,8834,8830,8829],"class_list":{"0":"post-155665","1":"product","2":"type-product","3":"status-publish","4":"has-post-thumbnail","6":"product_brand-elisa-cavaletti","7":"product_cat-damenmode","8":"product_cat-kleidung","9":"product_cat-schuhe-und-accessoires","10":"product_cat-taschen","11":"product_cat-taschen-de","12":"product_tag-accessoires-fur-damenmode","13":"product_tag-damen-tasche-aus-weisem-leder","14":"product_tag-elegante-tragetasche","15":"product_tag-elisa-cavaletti-taschen","16":"product_tag-glamourose-tages-und-abendtasche","17":"product_tag-grose-tasche-fur-frauen","18":"product_tag-ilse-tasche","19":"product_tag-in-italien-hergestellte-taschen","20":"product_tag-tasche-mit-goldener-kette","21":"product_tag-tasche-mit-relief","23":"first","24":"instock","25":"shipping-taxable","26":"purchasable","27":"product-type-simple"},"jetpack_sharing_enabled":true,"_links":{"self":[{"href":"https:\/\/lighthouselocarno.ch\/de\/wp-json\/wp\/v2\/product\/155665","targetHints":{"allow":["GET"]}}],"collection":[{"href":"https:\/\/lighthouselocarno.ch\/de\/wp-json\/wp\/v2\/product"}],"about":[{"href":"https:\/\/lighthouselocarno.ch\/de\/wp-json\/wp\/v2\/types\/product"}],"wp:featuredmedia":[{"embeddable":true,"href":"https:\/\/lighthouselocarno.ch\/de\/wp-json\/wp\/v2\/media\/155664"}],"wp:attachment":[{"href":"https:\/\/lighthouselocarno.ch\/de\/wp-json\/wp\/v2\/media?parent=155665"}],"wp:term":[{"taxonomy":"product_brand","embeddable":true,"href":"https:\/\/lighthouselocarno.ch\/de\/wp-json\/wp\/v2\/product_brand?post=155665"},{"taxonomy":"product_cat","embeddable":true,"href":"https:\/\/lighthouselocarno.ch\/de\/wp-json\/wp\/v2\/product_cat?post=155665"},{"taxonomy":"product_tag","embeddable":true,"href":"https:\/\/lighthouselocarno.ch\/de\/wp-json\/wp\/v2\/product_tag?post=155665"}],"curies":[{"name":"wp","href":"https:\/\/api.w.org\/{rel}","templated":true}]}}