{"id":155773,"date":"2025-05-23T13:37:11","date_gmt":"2025-05-23T13:37:11","guid":{"rendered":"https:\/\/lighthouselocarno.ch\/prodotto\/jacinta-bermudashorts-aus-leinen-mit-abnaehern-und-schlaufen-eu-fo-ni-a\/"},"modified":"2025-05-24T11:26:34","modified_gmt":"2025-05-24T11:26:34","slug":"jacinta-bermudashorts-aus-leinen-mit-abnaehern-und-schlaufen-eu-fo-ni-a","status":"publish","type":"product","link":"https:\/\/lighthouselocarno.ch\/de\/produkt\/jacinta-bermudashorts-aus-leinen-mit-abnaehern-und-schlaufen-eu-fo-ni-a\/","title":{"rendered":"Jacinta - Bermudashorts aus Leinen mit Abn\u00e4hern und Schlaufen | eu-fo-n\u00ec-a"},"content":{"rendered":"<h4 data-start=\"566\" data-end=\"619\">Jacinta - Bermudashorts aus Leinen mit Abn\u00e4hern | eu-fo-n\u00ec-a<\/h4>\n<p data-start=\"621\" data-end=\"910\">Frische, Komfort und essentielle Linien: Die <strong data-start=\"663\" data-end=\"682\">Jacinta Bermudashorts<\/strong> sind das Must-Have f\u00fcr einen leichten und nachhaltigen Sommer. Sie sind aus <strong data-start=\"757\" data-end=\"779\">100 % nat\u00fcrlichem Leinen<\/strong> gefertigt und verf\u00fcgen \u00fcber <b>Taschen<\/b><strong data-start=\"796\" data-end=\"833\">, Abn\u00e4her an der Vorderseite und Taillenschlaufen<\/strong>, ideal, um einem locker sitzenden Kleidungsst\u00fcck eine ma\u00dfgeschneiderte Note zu verleihen. <\/p>\n<p data-start=\"912\" data-end=\"1067\">Sie sind in <b>Wei\u00df<\/b>, <strong data-start=\"935\" data-end=\"945\">Sand<\/strong> und <strong data-start=\"948\" data-end=\"956\">Schwarz<\/strong> erh\u00e4ltlich und passen zu einer Vielzahl von Looks: von leger mit einem lockeren Oberteil bis hin zu raffiniert mit einem Leinenhemd oder einem leichten Blazer.<\/p>\n<p data-start=\"1069\" data-end=\"1305\">Die <strong data-start=\"1072\" data-end=\"1095\">lockere Passform<\/strong> macht sie \u00e4u\u00dferst bequem und passt zu jeder Silhouette. Als Teil der <strong data-start=\"1180\" data-end=\"1194\">eu-fo-n\u00ec-a<\/strong> Kollektion stehen diese Bermudashorts f\u00fcr eine bewusste Entscheidung: ethische Mode, transparente Lieferkette und Made-in-Italy-Qualit\u00e4t. <\/p>\n<p data-start=\"1307\" data-end=\"1600\"><strong data-start=\"1307\" data-end=\"1329\">Produktdetails:<\/strong><br data-start=\"1329\" data-end=\"1332\">- Bermudashorts aus 100% nat\u00fcrlichem Leinen<br data-start=\"1363\" data-end=\"1366\">- Abn\u00e4her und G\u00fcrtelschlaufen an der Taille<br data-start=\"1392\" data-end=\"1395\">- Entspannte Passform<br data-start=\"1418\" data-end=\"1421\">- Verf\u00fcgbare Farben: sand und schwarz<br data-start=\"1456\" data-end=\"1459\">- Nat\u00fcrlicher und vielseitiger Sommerlook<br data-start=\"1493\" data-end=\"1496\">- K\u00fchler, atmungsaktiver und nachhaltiger Stoff<br data-start=\"1539\" data-end=\"1542\">- Made in Italy<br data-start=\"1557\" data-end=\"1560\">- Das Model auf dem Foto tr\u00e4gt Gr\u00f6\u00dfe S<\/p>\n<p data-start=\"1602\" data-end=\"1712\">\ud83d\udca1 <em data-start=\"1605\" data-end=\"1712\">Jacinta steht f\u00fcr zeitgen\u00f6ssische Wesentlichkeit: der Komfort der Natur, der Stil des Bewusstseins.<\/em><\/p>\n","protected":false},"excerpt":{"rendered":"<p data-start=\"361\" data-end=\"510\">Bermudashorts aus 100% Leinen mit Taschen, Abn\u00e4hern und Schlaufen. Entspannte Passform f\u00fcr einen nat\u00fcrlichen und modernen Stil. Erh\u00e4ltlich in Wei\u00df, Sand und Schwarz.   Hergestellt in Italien.<\/p>\n","protected":false},"featured_media":155772,"template":"","meta":{"_seopress_robots_primary_cat":"none","_seopress_titles_title":"Jacinta - Bermudas aus sandfarbenem oder schwarzem Leinen in lockerer Passform | eu-fo-n\u00ec-a","_seopress_titles_desc":"Bermudashorts aus Leinen mit Abn\u00e4hern und Schlaufen. Entspannte Passform, nat\u00fcrlicher und frischer Stil. Erh\u00e4ltlich in Sand und Schwarz. Entdecken Sie die ethische eu-fo-n\u00ec-a Kollektion.    Hergestellt in Italien.","_seopress_robots_index":""},"product_brand":[8862],"product_cat":[3799,4784,3789],"product_tag":[8946,9009,8953,8948,8881,8755,8952,8951,8949,8950,8947],"class_list":{"0":"post-155773","1":"product","2":"type-product","3":"status-publish","4":"has-post-thumbnail","6":"product_brand-eufonia","7":"product_cat-damenmode","8":"product_cat-hosen","9":"product_cat-kleidung","10":"product_tag-bermudashorts-aus-leinen-fur-damen","11":"product_tag-bermudashorts-aus-weisem-leinen-fur-damen","12":"product_tag-bermudashorts-in-lockerer-passform","13":"product_tag-ethische-shorts","14":"product_tag-eu-fo-ni-a-strickwaren","15":"product_tag-mode-made-in-italy-de","16":"product_tag-nachhaltige-sommermode","17":"product_tag-naturliche-damenbekleidung","18":"product_tag-sand-bermuda-shorts","19":"product_tag-schwarze-bermudashorts-fur-frauen","20":"product_tag-sommerliche-bermudashorts-aus-leinen","21":"pa_colori-sand","22":"pa_colori-schwarz","23":"pa_colori-weis","24":"pa_taglia-l-de","25":"pa_taglia-m-de","26":"pa_taglia-s-de","27":"pa_taglia-xs-de","29":"first","30":"instock","31":"shipping-taxable","32":"purchasable","33":"product-type-variable"},"jetpack_sharing_enabled":true,"_links":{"self":[{"href":"https:\/\/lighthouselocarno.ch\/de\/wp-json\/wp\/v2\/product\/155773","targetHints":{"allow":["GET"]}}],"collection":[{"href":"https:\/\/lighthouselocarno.ch\/de\/wp-json\/wp\/v2\/product"}],"about":[{"href":"https:\/\/lighthouselocarno.ch\/de\/wp-json\/wp\/v2\/types\/product"}],"wp:featuredmedia":[{"embeddable":true,"href":"https:\/\/lighthouselocarno.ch\/de\/wp-json\/wp\/v2\/media\/155772"}],"wp:attachment":[{"href":"https:\/\/lighthouselocarno.ch\/de\/wp-json\/wp\/v2\/media?parent=155773"}],"wp:term":[{"taxonomy":"product_brand","embeddable":true,"href":"https:\/\/lighthouselocarno.ch\/de\/wp-json\/wp\/v2\/product_brand?post=155773"},{"taxonomy":"product_cat","embeddable":true,"href":"https:\/\/lighthouselocarno.ch\/de\/wp-json\/wp\/v2\/product_cat?post=155773"},{"taxonomy":"product_tag","embeddable":true,"href":"https:\/\/lighthouselocarno.ch\/de\/wp-json\/wp\/v2\/product_tag?post=155773"}],"curies":[{"name":"wp","href":"https:\/\/api.w.org\/{rel}","templated":true}]}}