{"id":155991,"date":"2025-05-26T16:06:47","date_gmt":"2025-05-26T16:06:47","guid":{"rendered":"https:\/\/lighthouselocarno.ch\/prodotto\/leinentop-mit-duennen-traegern-und-offenem-ruecken-eu-fo-ni-a\/"},"modified":"2025-07-30T11:45:28","modified_gmt":"2025-07-30T11:45:28","slug":"leinentop-mit-duennen-traegern-und-offenem-ruecken-eu-fo-ni-a","status":"publish","type":"product","link":"https:\/\/lighthouselocarno.ch\/de\/produkt\/leinentop-mit-duennen-traegern-und-offenem-ruecken-eu-fo-ni-a\/","title":{"rendered":"Leinentop mit d\u00fcnnen Tr\u00e4gern und offenem R\u00fccken | eu-fo-n\u00ec-a"},"content":{"rendered":"<h4 data-start=\"589\" data-end=\"639\">Leinenoberteil mit d\u00fcnnen Tr\u00e4gern - eu-fo-n\u00ec-a<\/h4>\n<p data-start=\"641\" data-end=\"798\">Schlicht in der Form, raffiniert im Detail: das <strong data-start=\"692\" data-end=\"728\">Leinentop mit d\u00fcnnen Tr\u00e4gern<\/strong> von <strong data-start=\"737\" data-end=\"751\">eu-fo-n\u00ec-a<\/strong> ist das unverzichtbare Kleidungsst\u00fcck f\u00fcr die Sommersaison.<\/p>\n<p data-start=\"800\" data-end=\"1094\">Es ist aus <strong data-start=\"814\" data-end=\"836\">100% nat\u00fcrlichem Leinen<\/strong> gefertigt und wurde f\u00fcr all diejenigen entworfen, die Frische, Leichtigkeit und Freiheit in ihrer Alltagsgarderobe suchen. Der <strong data-start=\"928\" data-end=\"949\">gerade Ausschnitt<\/strong> betont dezent das Dekollet\u00e9, w\u00e4hrend die <strong data-start=\"1000\" data-end=\"1020\">d\u00fcnnen Tr\u00e4ger<\/strong> und der <strong data-start=\"1026\" data-end=\"1046\">unbedeckte R\u00fccken<\/strong> dem Kleidungsst\u00fcck Weiblichkeit und einen sinnlichen Touch verleihen. <\/p>\n<p data-start=\"1096\" data-end=\"1392\">Der <strong data-start=\"1099\" data-end=\"1131\">weiche, minimalistische Schnitt<\/strong> passt perfekt zu Palazzohosen, leichten R\u00f6cken oder Shorts aus nat\u00fcrlichen Stoffen. Ein Oberteil, das einen zeitgen\u00f6ssischen, ethischen und l\u00e4ssigen Stil ausdr\u00fcckt, wie die gesamte <strong data-start=\"1310\" data-end=\"1324\">eu-fo-n\u00ec-a<\/strong> Kollektion, die in Italien mit nachhaltigen Materialien und Handwerkskunst hergestellt wird. <\/p>\n<p data-start=\"1394\" data-end=\"1644\"><strong data-start=\"1394\" data-end=\"1416\">Produktdetails:<\/strong><br data-start=\"1416\" data-end=\"1419\">- Oberteil aus 100% Leinen<br data-start=\"1437\" data-end=\"1440\">- D\u00fcnne Schultertr\u00e4ger und nackter R\u00fccken<br data-start=\"1477\" data-end=\"1480\">- Gerader Ausschnitt und einfacher Schnitt<br data-start=\"1519\" data-end=\"1522\">- Bequeme und k\u00fchle Passform<br data-start=\"1551\" data-end=\"1554\">- Ideal f\u00fcr die Sommersaison<br data-start=\"1585\" data-end=\"1588\">- Made in Italy<br data-start=\"1603\" data-end=\"1606\">- Produkt aus der eu-fo-n\u00ec-a Kollektion<\/p>\n<p data-start=\"1646\" data-end=\"1752\">\ud83d\udca1 <em data-start=\"1649\" data-end=\"1752\">Perfekt f\u00fcr warme Tage und essentielle Looks: bei diesem Oberteil trifft Minimalismus auf Nat\u00fcrlichkeit.<\/em><\/p>\n","protected":false},"excerpt":{"rendered":"<p data-start=\"381\" data-end=\"533\">Minimalistisches Oberteil aus 100% Leinen mit geradem Ausschnitt und d\u00fcnnen Tr\u00e4gern. Leicht und raffiniert, ideal f\u00fcr den Sommer. Perfekt mit lockeren Hosen oder flie\u00dfenden R\u00f6cken.  <\/p>\n","protected":false},"featured_media":155972,"template":"","meta":{"_seopress_robots_primary_cat":"none","_seopress_titles_title":"Leinentop mit d\u00fcnnen Tr\u00e4gern und offenem R\u00fccken | eu-fo-n\u00ec-a","_seopress_titles_desc":"Minimalistisches Oberteil aus 100% Leinen mit d\u00fcnnen Tr\u00e4gern und offenem R\u00fccken. Frisch, nat\u00fcrlich und raffiniert. Perfekt f\u00fcr den Sommer. Entdecken Sie die ethische Kollektion eu-fo-n\u00ec-a, Made in Italy.   ","_seopress_robots_index":""},"product_brand":[8862],"product_cat":[3799,3795,3789,5640],"product_tag":[9022,9026,8881,9023,9027,8918,9029,9025,9028,9024],"class_list":{"0":"post-155991","1":"product","2":"type-product","3":"status-publish","4":"has-post-thumbnail","6":"product_brand-eufonia","7":"product_cat-damenmode","8":"product_cat-kleider","9":"product_cat-kleidung","10":"product_cat-oberteile-und-westen","11":"product_tag-damen-leinenoberteil","12":"product_tag-ethische-mode","13":"product_tag-eu-fo-ni-a-strickwaren","14":"product_tag-leichtes-sommertop","15":"product_tag-minimales-schwarzes-oder-beiges-oberteil","16":"product_tag-nachhaltige-damenbekleidung","17":"product_tag-naturliche-damenmode","18":"product_tag-oberteil-in-italien-hergestellt","19":"product_tag-oberteil-mit-offenem-rucken","20":"product_tag-top-mit-dunnen-tragern","21":"pa_colori-sand","22":"pa_colori-schwarz","23":"pa_colori-weis","24":"pa_taglia-m-de","25":"pa_taglia-s-de","26":"pa_taglia-xs-de","28":"first","29":"instock","30":"shipping-taxable","31":"purchasable","32":"product-type-variable"},"jetpack_sharing_enabled":true,"_links":{"self":[{"href":"https:\/\/lighthouselocarno.ch\/de\/wp-json\/wp\/v2\/product\/155991","targetHints":{"allow":["GET"]}}],"collection":[{"href":"https:\/\/lighthouselocarno.ch\/de\/wp-json\/wp\/v2\/product"}],"about":[{"href":"https:\/\/lighthouselocarno.ch\/de\/wp-json\/wp\/v2\/types\/product"}],"wp:featuredmedia":[{"embeddable":true,"href":"https:\/\/lighthouselocarno.ch\/de\/wp-json\/wp\/v2\/media\/155972"}],"wp:attachment":[{"href":"https:\/\/lighthouselocarno.ch\/de\/wp-json\/wp\/v2\/media?parent=155991"}],"wp:term":[{"taxonomy":"product_brand","embeddable":true,"href":"https:\/\/lighthouselocarno.ch\/de\/wp-json\/wp\/v2\/product_brand?post=155991"},{"taxonomy":"product_cat","embeddable":true,"href":"https:\/\/lighthouselocarno.ch\/de\/wp-json\/wp\/v2\/product_cat?post=155991"},{"taxonomy":"product_tag","embeddable":true,"href":"https:\/\/lighthouselocarno.ch\/de\/wp-json\/wp\/v2\/product_tag?post=155991"}],"curies":[{"name":"wp","href":"https:\/\/api.w.org\/{rel}","templated":true}]}}