{"id":156026,"date":"2025-05-26T16:11:46","date_gmt":"2025-05-26T16:11:46","guid":{"rendered":"https:\/\/lighthouselocarno.ch\/prodotto\/schwarzes-langes-leinenkleid-mit-haekeldetails-eu-fo-ni-a\/"},"modified":"2025-07-30T11:45:22","modified_gmt":"2025-07-30T11:45:22","slug":"schwarzes-langes-leinenkleid-mit-haekeldetails-eu-fo-ni-a","status":"publish","type":"product","link":"https:\/\/lighthouselocarno.ch\/de\/produkt\/schwarzes-langes-leinenkleid-mit-haekeldetails-eu-fo-ni-a\/","title":{"rendered":"Langes Leinenkleid mit tailliertem Mieder | eu-fo-n\u00ec-a"},"content":{"rendered":"<h4 data-start=\"599\" data-end=\"664\">Schwarzes langes Leinenkleid mit H\u00e4keldetails - eu-fo-n\u00ec-a<\/h4>\n<p data-start=\"666\" data-end=\"892\">Femininit\u00e4t, Frische und Minimalismus vereinen sich in diesem <strong data-start=\"737\" data-end=\"770\">schwarzen langen Kleid aus reinem Leinen<\/strong> von <strong data-start=\"779\" data-end=\"793\">eu-fo-n\u00ec-a<\/strong>. Ein Kleidungsst\u00fcck, das Sie an Sommerabenden begleitet, zwischen nat\u00fcrlicher Eleganz und raffiniertem Komfort. <\/p>\n<p data-start=\"894\" data-end=\"1187\">Das aus <strong data-start=\"908\" data-end=\"921\">100% Leinen<\/strong> gefertigte <strong data-start=\"935\" data-end=\"986\">Oberteil ist minimalistisch geschnitten<\/strong> und betont das Dekollet\u00e9 mit Geschmack und Zartheit. Die <strong data-start=\"1051\" data-end=\"1071\">d\u00fcnnen Tr\u00e4ger<\/strong> verleihen ihm einen \u00e4therischen Touch, w\u00e4hrend die <strong data-start=\"1110\" data-end=\"1136\">weiche, flie\u00dfende Linie<\/strong> jede Silhouette mit Harmonie und Bewegung unterstreicht. <\/p>\n<p data-start=\"1189\" data-end=\"1395\">Dieses Kleid ist perfekt f\u00fcr besondere Anl\u00e4sse oder einen einfachen Abend unter den Sternen. Es repr\u00e4sentiert die Seele der <strong data-start=\"1325\" data-end=\"1339\">eu-fo-n\u00ec-a<\/strong> Kollektion: <strong data-start=\"1341\" data-end=\"1394\">ethisch, handwerklich und authentisch Made in Italy<\/strong>.<\/p>\n<p data-start=\"1397\" data-end=\"1656\"><strong data-start=\"1397\" data-end=\"1419\">Produktdetails:<\/strong><br data-start=\"1419\" data-end=\"1422\">- Langes Kleid in den Farben Milch und Schwarz aus 100% Leinen<br data-start=\"1453\" data-end=\"1456\">- Minimal tailliertes Oberteil <br data-start=\"1499\" data-end=\"1502\">- D\u00fcnne Schultertr\u00e4ger<br data-start=\"1520\" data-end=\"1523\">- Flie\u00dfende, leichte Linie<br data-start=\"1547\" data-end=\"1550\">- Sommerlicher Minimal Look <br data-start=\"1582\" data-end=\"1585\">- Bequeme Passform<br data-start=\"1611\" data-end=\"1614\">- Made in Italy<br data-start=\"1629\" data-end=\"1632\">- Kollektion: eu-fo-n\u00ec-a<\/p>\n<p data-start=\"1658\" data-end=\"1779\">\ud83d\udca1 <em data-start=\"1661\" data-end=\"1779\">Lassen Sie sich von Leichtigkeit und zeitlosem Stil einh\u00fcllen: ein Kleid, das mit Eleganz und Authentizit\u00e4t von Ihnen spricht.<\/em><\/p>\n","protected":false},"excerpt":{"rendered":"<p data-start=\"393\" data-end=\"543\">Milchwei\u00dfes und schwarzes langes Kleid aus 100% Leinen mit doppeltem Mieder. Flie\u00dfende Linie, d\u00fcnne Tr\u00e4ger und minimaler Charme. Elegant, leicht und Made in Italy.  <\/p>\n","protected":false},"featured_media":156070,"template":"","meta":{"_seopress_robots_primary_cat":"none","_seopress_titles_title":"Langes schwarzes Leinenkleid mit H\u00e4kelarbeit - Boho-Stil | eu-fo-n\u00ec-a","_seopress_titles_desc":"Entdecken Sie das lange schwarze Leinenkleid mit H\u00e4keldetails. Elegant, leicht und Boho-Chic, perfekt f\u00fcr den Sommer. Ethische eu-fo-n\u00ec-a Kollektion.   Hergestellt in Italien.","_seopress_robots_index":""},"product_brand":[8862],"product_cat":[3799,3795,3789],"product_tag":[9067,9064,8878,8881,9063,9068,9062,9066,9069,9065],"class_list":{"0":"post-156026","1":"product","2":"type-product","3":"status-publish","4":"has-post-thumbnail","6":"product_brand-eufonia","7":"product_cat-damenmode","8":"product_cat-kleider","9":"product_cat-kleidung","10":"product_tag-boho-chic-mode","11":"product_tag-elegantes-gehakeltes-kleid","12":"product_tag-ethische-damenmode","13":"product_tag-eu-fo-ni-a-strickwaren","14":"product_tag-frau-leinen-kleid","15":"product_tag-kleid-mit-dunnen-tragern","16":"product_tag-langes-schwarzes-kleid","17":"product_tag-nachhaltige-kleidung","18":"product_tag-schwarzes-gehakeltes-kleid","19":"product_tag-sommerkleid-made-in-italy","20":"pa_colori-schwarz","21":"pa_colori-weis","22":"pa_taglia-m-de","23":"pa_taglia-s-de","24":"pa_taglia-xs-de","26":"first","27":"outofstock","28":"shipping-taxable","29":"purchasable","30":"product-type-variable"},"jetpack_sharing_enabled":true,"_links":{"self":[{"href":"https:\/\/lighthouselocarno.ch\/de\/wp-json\/wp\/v2\/product\/156026","targetHints":{"allow":["GET"]}}],"collection":[{"href":"https:\/\/lighthouselocarno.ch\/de\/wp-json\/wp\/v2\/product"}],"about":[{"href":"https:\/\/lighthouselocarno.ch\/de\/wp-json\/wp\/v2\/types\/product"}],"wp:featuredmedia":[{"embeddable":true,"href":"https:\/\/lighthouselocarno.ch\/de\/wp-json\/wp\/v2\/media\/156070"}],"wp:attachment":[{"href":"https:\/\/lighthouselocarno.ch\/de\/wp-json\/wp\/v2\/media?parent=156026"}],"wp:term":[{"taxonomy":"product_brand","embeddable":true,"href":"https:\/\/lighthouselocarno.ch\/de\/wp-json\/wp\/v2\/product_brand?post=156026"},{"taxonomy":"product_cat","embeddable":true,"href":"https:\/\/lighthouselocarno.ch\/de\/wp-json\/wp\/v2\/product_cat?post=156026"},{"taxonomy":"product_tag","embeddable":true,"href":"https:\/\/lighthouselocarno.ch\/de\/wp-json\/wp\/v2\/product_tag?post=156026"}],"curies":[{"name":"wp","href":"https:\/\/api.w.org\/{rel}","templated":true}]}}