{"id":156123,"date":"2025-05-26T16:22:50","date_gmt":"2025-05-26T16:22:50","guid":{"rendered":"https:\/\/lighthouselocarno.ch\/prodotto\/schwarzes-halbtransparentes-t-shirt-aus-leichtem-crinkle-strick-eu-fo-ni-a\/"},"modified":"2025-08-20T06:36:39","modified_gmt":"2025-08-20T06:36:39","slug":"schwarzes-halbtransparentes-t-shirt-aus-leichtem-crinkle-strick-eu-fo-ni-a","status":"publish","type":"product","link":"https:\/\/lighthouselocarno.ch\/de\/produkt\/schwarzes-halbtransparentes-t-shirt-aus-leichtem-crinkle-strick-eu-fo-ni-a\/","title":{"rendered":"Schwarzes halbtransparentes T-Shirt aus leichtem Crinkle-Strick | eu-fo-n\u00ec-a"},"content":{"rendered":"<h4 data-start=\"610\" data-end=\"670\">Semi-transparentes T-Shirt aus leichtem Strick - eu-fo-n\u00ec-a<\/h4>\n<p data-start=\"672\" data-end=\"823\">Minimalistisch, leicht, <strong data-start=\"690\" data-end=\"717\">raffiniert und gewagt<\/strong>: das <strong data-start=\"722\" data-end=\"755\">halbtransparente schwarze T-Shirt<\/strong> von <strong data-start=\"759\" data-end=\"773\">eu-fo-n\u00ec-a<\/strong> ist die Essenz der zeitgen\u00f6ssischen Sommer\u00e4sthetik.<\/p>\n<p data-start=\"825\" data-end=\"1132\">Dieses T-Shirt aus <strong data-start=\"839\" data-end=\"882\">leichtem Strick mit unregelm\u00e4\u00dfiger Textur<\/strong> besticht durch seinen <strong data-start=\"923\" data-end=\"942\">Crinkle-Effekt<\/strong>, der dem Stoff optische Tiefe und Bewegung verleiht. Der <strong data-start=\"1003\" data-end=\"1023\">halbtransparente<\/strong> Stil macht es perfekt, um es \u00fcber Basic-Tops oder Bralettes <strong data-start=\"1089\" data-end=\"1131\">zu tragen<\/strong> und so <strong data-start=\"1089\" data-end=\"1131\">mehrschichtige, frische und raffinierte Looks<\/strong> zu kreieren <strong data-start=\"1089\" data-end=\"1131\">.<\/strong> <\/p>\n<p data-start=\"1134\" data-end=\"1402\">Der <strong data-start=\"1137\" data-end=\"1155\">weiche Schnitt<\/strong>, die <strong data-start=\"1160\" data-end=\"1177\">kurzen \u00c4rmel<\/strong> und der <strong data-start=\"1183\" data-end=\"1202\">klassische Ausschnitt<\/strong> bieten eine bequeme und vielseitige Passform, die f\u00fcr jede K\u00f6rperform geeignet ist. Getragen zu lockeren Leinenhosen, flie\u00dfenden R\u00f6cken oder unter unstrukturierten Blazern, ist es ein Kleidungsst\u00fcck, das nicht unbemerkt bleibt. <\/p>\n<p data-start=\"1404\" data-end=\"1663\"><strong data-start=\"1404\" data-end=\"1426\">Produktdetails:<\/strong><br data-start=\"1426\" data-end=\"1429\">- Leichtes schwarzes Strick-T-Shirt<br data-start=\"1461\" data-end=\"1464\">- Knittereffekt und unregelm\u00e4\u00dfige Textur<br data-start=\"1502\" data-end=\"1505\">- Halbtransparent<br data-start=\"1523\" data-end=\"1526\">- Kurze \u00c4rmel und Rundhalsausschnitt<br data-start=\"1556\" data-end=\"1559\">- Weiche Passform<br data-start=\"1580\" data-end=\"1583\">- Ideal f\u00fcr den Sommer<br data-start=\"1618\" data-end=\"1621\">- Made in Italy<br data-start=\"1636\" data-end=\"1639\">- Kollektion: eu-fo-n\u00ec-a<\/p>\n<p data-start=\"1665\" data-end=\"1764\">\ud83d\udca1 <em data-start=\"1668\" data-end=\"1764\">Leichtigkeit, Design und Bewusstsein: ein Kleidungsst\u00fcck, das jedes Outfit mit Schlichtheit und Charakter aufwertet.<\/em><\/p>\n","protected":false},"excerpt":{"rendered":"<p data-start=\"397\" data-end=\"554\">Halbtransparentes schwarzes Strick-T-Shirt mit Crinkle-Effekt. Leicht, mit einer weichen Linie, kurzen \u00c4rmeln und einem klassischen Ausschnitt. Ideal f\u00fcr raffinierte Sommerlooks.  <\/p>\n","protected":false},"featured_media":156095,"template":"","meta":{"_seopress_robots_primary_cat":"none","_seopress_titles_title":"Halbtransparentes schwarzes T-Shirt mit Crinkle-Effekt | eu-fo-n\u00ec-a","_seopress_titles_desc":"Halbtransparentes, schwarzes, gestricktes Sommer-T-Shirt mit Crinkle-Effekt. Weiche Linie und raffinierter Stil. Perfekt zum \u00dcberziehen. Entdecken Sie eu-fo-n\u00ec-a, Made in Italy.   ","_seopress_robots_index":""},"product_brand":[8862],"product_cat":[3799,3789,5093],"product_tag":[9131,8878,8881,9125,9129,9127,9130,8952,9126,9128],"class_list":{"0":"post-156123","1":"product","2":"type-product","3":"status-publish","4":"has-post-thumbnail","6":"product_brand-eufonia","7":"product_cat-damenmode","8":"product_cat-kleidung","9":"product_cat-strickwaren","10":"product_tag-elegantes-transparentes-oberteil","11":"product_tag-ethische-damenmode","12":"product_tag-eu-fo-ni-a-strickwaren","13":"product_tag-halbtransparentes-t-shirt","14":"product_tag-in-italien-hergestellte-kleidung","15":"product_tag-leichter-crinkle-jersey","16":"product_tag-leichter-damenstrick","17":"product_tag-nachhaltige-sommermode","18":"product_tag-schwarzes-sommer-t-shirt","19":"product_tag-uberlappendes-t-shirt","20":"pa_colori-sand","21":"pa_colori-schwarz","22":"pa_taglia-m-de","23":"pa_taglia-s-de","24":"pa_taglia-xs-de","26":"first","27":"instock","28":"shipping-taxable","29":"purchasable","30":"product-type-variable"},"jetpack_sharing_enabled":true,"_links":{"self":[{"href":"https:\/\/lighthouselocarno.ch\/de\/wp-json\/wp\/v2\/product\/156123","targetHints":{"allow":["GET"]}}],"collection":[{"href":"https:\/\/lighthouselocarno.ch\/de\/wp-json\/wp\/v2\/product"}],"about":[{"href":"https:\/\/lighthouselocarno.ch\/de\/wp-json\/wp\/v2\/types\/product"}],"wp:featuredmedia":[{"embeddable":true,"href":"https:\/\/lighthouselocarno.ch\/de\/wp-json\/wp\/v2\/media\/156095"}],"wp:attachment":[{"href":"https:\/\/lighthouselocarno.ch\/de\/wp-json\/wp\/v2\/media?parent=156123"}],"wp:term":[{"taxonomy":"product_brand","embeddable":true,"href":"https:\/\/lighthouselocarno.ch\/de\/wp-json\/wp\/v2\/product_brand?post=156123"},{"taxonomy":"product_cat","embeddable":true,"href":"https:\/\/lighthouselocarno.ch\/de\/wp-json\/wp\/v2\/product_cat?post=156123"},{"taxonomy":"product_tag","embeddable":true,"href":"https:\/\/lighthouselocarno.ch\/de\/wp-json\/wp\/v2\/product_tag?post=156123"}],"curies":[{"name":"wp","href":"https:\/\/api.w.org\/{rel}","templated":true}]}}