{"id":156427,"date":"2025-07-30T08:23:55","date_gmt":"2025-07-30T08:23:55","guid":{"rendered":"https:\/\/lighthouselocarno.ch\/prodotto\/leichte-khakifarbene-bundfaltenhose-mit-satineffekt-elisa-cavaletti\/"},"modified":"2025-07-30T08:23:55","modified_gmt":"2025-07-30T08:23:55","slug":"leichte-khakifarbene-bundfaltenhose-mit-satineffekt-elisa-cavaletti","status":"publish","type":"product","link":"https:\/\/lighthouselocarno.ch\/de\/produkt\/leichte-khakifarbene-bundfaltenhose-mit-satineffekt-elisa-cavaletti\/","title":{"rendered":"Leichte khakifarbene Bundfaltenhose mit Satineffekt - Elisa Cavaletti"},"content":{"rendered":"<h4 data-start=\"546\" data-end=\"614\">Leichte khakifarbene Bundfaltenhose mit Satineffekt - Elisa Cavaletti<\/h4>\n<p data-start=\"616\" data-end=\"919\">Flie\u00dfende Eleganz, moderner Komfort. Die <strong data-start=\"652\" data-end=\"708\">leicht khakifarbene Bundfaltenhose von Elisa Cavaletti<\/strong> ist die perfekte Balance zwischen Zweckm\u00e4\u00dfigkeit und raffiniertem Stil. Sie ist aus einem <strong data-start=\"784\" data-end=\"812\">Stoff mit Satin-Effekt<\/strong> gefertigt und hat einen weiten Schnitt <strong data-start=\"849\" data-end=\"860\">im Palazzo-Stil<\/strong>, ideal f\u00fcr <strong data-start=\"880\" data-end=\"918\">vielseitige Tages- und Abendlooks.<\/strong>  <\/p>\n<p data-start=\"921\" data-end=\"1259\">Das <strong data-start=\"924\" data-end=\"965\">elastische Band aus Jacquard-Strick<\/strong> in der Taille, das mit einer <strong data-start=\"992\" data-end=\"1019\">Lurex-S\u00e4ulenstickerei<\/strong> verziert ist, f\u00fcgt ein raffiniertes Detail hinzu und sorgt f\u00fcr einen bequemen und stabilen Sitz, ohne auf \u00c4sthetik zu verzichten. Der plissierte Schnitt und der leichte Stoff verleihen der Silhouette Bewegung und Leichtigkeit und begleiten jeden Schritt auf nat\u00fcrliche Weise. <\/p>\n<p data-start=\"1261\" data-end=\"1405\">Perfekt mit einem flie\u00dfenden Hemd, einem minimalistischen Oberteil oder einer strukturierten Jacke ist diese Hose ein Must-Have f\u00fcr alle, die gerne stilvoll auffallen.<\/p>\n<p data-start=\"1407\" data-end=\"1932\"><strong data-start=\"1407\" data-end=\"1429\">Produktdetails:<\/strong><br data-start=\"1429\" data-end=\"1432\">- Leichte khakifarbene Bundfaltenhose<br data-start=\"1462\" data-end=\"1465\">- Satin-Effekt<br data-start=\"1483\" data-end=\"1486\">- Elastisches Band aus Jacquard-Strick mit Lurex-Stickerei<br data-start=\"1545\" data-end=\"1548\">- Weites Palazzo-Modell<br data-start=\"1571\" data-end=\"1574\">- Regul\u00e4re Passform<br data-start=\"1596\" data-end=\"1599\">- Schicker und bequemer Look<br data-start=\"1625\" data-end=\"1628\">- Made in Italy<br data-start=\"1643\" data-end=\"1646\">- Produkt-Code: EJP256023505-05079<br data-start=\"1683\" data-end=\"1686\">- Zusammensetzung<br data-start=\"1701\" data-end=\"1704\"> - Stoff 1: 100% Polyester<br data-start=\"1733\" data-end=\"1736\"> - Stoff 2: 70% Viskose, 15% Nylon, 15% Metallfasern<br data-start=\"1796\" data-end=\"1799\"> - Stoff 3: 70% Viskose, 30% Polyester<br data-start=\"1840\" data-end=\"1843\">- Das Model ist 176 cm gro\u00df (Oberweite 86 cm, Taille 66 cm, H\u00fcfte 92 cm) und tr\u00e4gt Gr\u00f6\u00dfe S<\/p>\n<p data-start=\"1934\" data-end=\"2024\">\ud83d\udca1 <em data-start=\"1937\" data-end=\"2024\">Bei Elisa Cavaletti erz\u00e4hlt jedes Kleidungsst\u00fcck ein Gef\u00fchl: Tragen Sie Freiheit mit Eleganz.<\/em><\/p>\n","protected":false},"excerpt":{"rendered":"<p data-start=\"333\" data-end=\"490\">Leichte khakifarbene plissierte Palazzohose mit Satineffekt und elastischem Jacquard-Bund. Elegant, bequem und vielseitig. Hergestellt in Italien von Elisa Cavaletti.  <\/p>\n","protected":false},"featured_media":156383,"template":"","meta":{"_seopress_robots_primary_cat":"none","_seopress_titles_title":"Plissierte hellkhakifarbene Palazzohose mit Satineffekt | Elisa Cavaletti","_seopress_titles_desc":"Entdecken Sie die leichte khakifarbene Bundfaltenhose mit Satineffekt und Jacquard-Bund. Elegant, bequem und vielseitig.  Hergestellt in Italien. Elisa Cavaletti unter lighthouselocarno.ch.","_seopress_robots_index":""},"product_brand":[8563],"product_cat":[3799,3789,5904],"product_tag":[9200,9197,9201,8622,9202,9199,9198,8624,8668,9203],"class_list":{"0":"post-156427","1":"product","2":"type-product","3":"status-publish","4":"has-post-thumbnail","6":"product_brand-elisa-cavaletti","7":"product_cat-damenmode","8":"product_cat-kleidung","9":"product_cat-rocke","10":"product_tag-bequeme-und-stilvolle-hose","11":"product_tag-damen-bundfaltenhose","12":"product_tag-elegante-abendhose","13":"product_tag-elisa-cavaletti-mode","14":"product_tag-hose-mit-gummiband","15":"product_tag-hose-mit-satineffekt","16":"product_tag-khakifarbene-palazzo-hose","17":"product_tag-kleidung-hergestellt-in-italien","18":"product_tag-schicker-look-fur-frauen","19":"product_tag-vielseitige-damenmode","20":"pa_taglia-l-de","21":"pa_taglia-m-de","22":"pa_taglia-s-de","23":"pa_taglia-xl-de","24":"pa_taglia-xs-de","25":"pa_taglia-xxl-de","26":"pa_taglia-xxxl-de","28":"first","29":"instock","30":"shipping-taxable","31":"purchasable","32":"product-type-variable"},"jetpack_sharing_enabled":true,"_links":{"self":[{"href":"https:\/\/lighthouselocarno.ch\/de\/wp-json\/wp\/v2\/product\/156427","targetHints":{"allow":["GET"]}}],"collection":[{"href":"https:\/\/lighthouselocarno.ch\/de\/wp-json\/wp\/v2\/product"}],"about":[{"href":"https:\/\/lighthouselocarno.ch\/de\/wp-json\/wp\/v2\/types\/product"}],"wp:featuredmedia":[{"embeddable":true,"href":"https:\/\/lighthouselocarno.ch\/de\/wp-json\/wp\/v2\/media\/156383"}],"wp:attachment":[{"href":"https:\/\/lighthouselocarno.ch\/de\/wp-json\/wp\/v2\/media?parent=156427"}],"wp:term":[{"taxonomy":"product_brand","embeddable":true,"href":"https:\/\/lighthouselocarno.ch\/de\/wp-json\/wp\/v2\/product_brand?post=156427"},{"taxonomy":"product_cat","embeddable":true,"href":"https:\/\/lighthouselocarno.ch\/de\/wp-json\/wp\/v2\/product_cat?post=156427"},{"taxonomy":"product_tag","embeddable":true,"href":"https:\/\/lighthouselocarno.ch\/de\/wp-json\/wp\/v2\/product_tag?post=156427"}],"curies":[{"name":"wp","href":"https:\/\/api.w.org\/{rel}","templated":true}]}}