{"id":156468,"date":"2025-07-30T08:39:18","date_gmt":"2025-07-30T08:39:18","guid":{"rendered":"https:\/\/lighthouselocarno.ch\/prodotto\/weisse-spqr-bluse-aus-baumwolle-mit-sangallo-und-glockenaermeln-elisa-cavaletti\/"},"modified":"2025-07-30T08:39:18","modified_gmt":"2025-07-30T08:39:18","slug":"weisse-spqr-bluse-aus-baumwolle-mit-sangallo-und-glockenaermeln-elisa-cavaletti","status":"publish","type":"product","link":"https:\/\/lighthouselocarno.ch\/de\/produkt\/weisse-spqr-bluse-aus-baumwolle-mit-sangallo-und-glockenaermeln-elisa-cavaletti\/","title":{"rendered":"Wei\u00dfe &#8218;SPQR&#8216; Bluse aus Baumwolle mit Sangallo und Glocken\u00e4rmeln | Elisa Cavaletti"},"content":{"rendered":"<h4 data-start=\"641\" data-end=\"706\">Wei\u00dfe &#8218;SPQR&#8216; Bluse aus Baumwolle mit Sangallo - Elisa Cavaletti<\/h4>\n<p data-start=\"708\" data-end=\"893\">Ein Design, das romantisch und angriffslustig zugleich ist: die <strong data-start=\"761\" data-end=\"818\">wei\u00dfe Baumwollbluse &#8218;SPQR&#8216; von Elisa Cavaletti<\/strong> ist das perfekte Kleidungsst\u00fcck f\u00fcr alle, die bei jeder Gelegenheit stilvoll auffallen m\u00f6chten.<\/p>\n<p data-start=\"895\" data-end=\"1299\">Diese Bluse aus <strong data-start=\"909\" data-end=\"924\">reiner Baumwolle<\/strong> ist mit einer eleganten <strong data-start=\"960\" data-end=\"983\">&#8218;SPQR&#8216;-Applikation<\/strong> versehen, die mit <strong data-start=\"1000\" data-end=\"1041\">silbernen Nieten, Perlen und hellen Punkten<\/strong> verziert ist und dem Kleidungsst\u00fcck eine glamour\u00f6se und raffinierte Seele verleiht. Die <strong data-start=\"1093\" data-end=\"1114\">Glocken\u00e4rmel<\/strong>, die mit einer raffinierten <strong data-start=\"1142\" data-end=\"1193\">Sangallo-Stickerei mit Herzen in Mitternachtsblau<\/strong> verziert sind, verleihen dem Kleidungsst\u00fcck einen romantischen und handwerklichen Touch, mit dem Sie Ihre Pers\u00f6nlichkeit auf einzigartige Weise zum Ausdruck bringen k\u00f6nnen. <\/p>\n<p data-start=\"1301\" data-end=\"1508\">Die <strong data-start=\"1304\" data-end=\"1328\">regul\u00e4re Passform<\/strong>, der <strong data-start=\"1333\" data-end=\"1355\">klassische Rundhalsausschnitt<\/strong> und die Leichtigkeit der Baumwolle machen es f\u00fcr die warme Jahreszeit und f\u00fcr <strong data-start=\"1429\" data-end=\"1457\">Tages- und Abendlooks<\/strong> geeignet, um es mit Jeans, R\u00f6cken oder Palazzohosen zu kombinieren.<\/p>\n<p data-start=\"1510\" data-end=\"1909\"><strong data-start=\"1510\" data-end=\"1532\">Produktdetails:<\/strong><br data-start=\"1532\" data-end=\"1535\">- Wei\u00dfe Baumwollbluse<br data-start=\"1559\" data-end=\"1562\">- \u201eSPQR\u201c Applikation mit Nieten, Perlen und Punkten<br data-start=\"1615\" data-end=\"1618\">- Glocken\u00e4rmel mit mitternachtsblauer Herz-Sangallo-Stickerei<br data-start=\"1685\" data-end=\"1688\">- Rundhalsausschnitt<br data-start=\"1699\" data-end=\"1702\">- Romantischer und femininer Schnitt<br data-start=\"1732\" data-end=\"1735\">- Regul\u00e4re Passform<br data-start=\"1757\" data-end=\"1760\">- Made in Italy<br data-start=\"1775\" data-end=\"1778\">- Produktcode EJP255063101-01612<br data-start=\"1815\" data-end=\"1818\">- Das Model ist 174 cm gro\u00df (Oberweite 81 cm, Taille 62 cm, H\u00fcfte 89 cm) und tr\u00e4gt Gr\u00f6\u00dfe S<\/p>\n<p data-start=\"1911\" data-end=\"1998\">\ud83d\udca1 <em data-start=\"1914\" data-end=\"1998\">Ein Kleidungsst\u00fcck, das von St\u00e4rke und Zartheit zeugt, wie jede Frau von Elisa Cavaletti<\/em>.<\/p>\n","protected":false},"excerpt":{"rendered":"<p data-start=\"382\" data-end=\"585\">Wei\u00dfe Baumwollbluse mit &#8218;SPQR&#8216;-Applikation und Details aus Nieten, Perlen und hellen Punkten. Glocken\u00e4rmel mit mitternachtsblauer Sangallo-Herzstickerei. Romantisch und elegant, perfekt f\u00fcr den Tag und den Abend.  <\/p>\n","protected":false},"featured_media":156440,"template":"","meta":{"_seopress_robots_primary_cat":"none","_seopress_titles_title":"","_seopress_titles_desc":"","_seopress_robots_index":""},"product_brand":[8563],"product_cat":[3799,3789,5093],"product_tag":[9232,9228,9229,8582,9230,9231,9233,9227,8580,9226],"class_list":{"0":"post-156468","1":"product","2":"type-product","3":"status-publish","4":"has-post-thumbnail","6":"product_brand-elisa-cavaletti","7":"product_cat-damenmode","8":"product_cat-kleidung","9":"product_cat-strickwaren","10":"product_tag-bestickte-damenbluse","11":"product_tag-bluse-mit-nieten-und-perlen","12":"product_tag-bluse-mit-sangallo","13":"product_tag-elegante-damenmode","14":"product_tag-glockenarmel","15":"product_tag-romantische-mode-made-in-italy","16":"product_tag-schicke-kleidung","17":"product_tag-spqr-elisa-cavaletti-bluse","18":"product_tag-tages-und-abendlook","19":"product_tag-weise-baumwollbluse-frauen","20":"pa_taglia-l-de","21":"pa_taglia-m-de","22":"pa_taglia-s-de","23":"pa_taglia-xl-de","24":"pa_taglia-xs-de","25":"pa_taglia-xxl-de","27":"first","28":"instock","29":"shipping-taxable","30":"product-type-variable"},"jetpack_sharing_enabled":true,"_links":{"self":[{"href":"https:\/\/lighthouselocarno.ch\/de\/wp-json\/wp\/v2\/product\/156468","targetHints":{"allow":["GET"]}}],"collection":[{"href":"https:\/\/lighthouselocarno.ch\/de\/wp-json\/wp\/v2\/product"}],"about":[{"href":"https:\/\/lighthouselocarno.ch\/de\/wp-json\/wp\/v2\/types\/product"}],"wp:featuredmedia":[{"embeddable":true,"href":"https:\/\/lighthouselocarno.ch\/de\/wp-json\/wp\/v2\/media\/156440"}],"wp:attachment":[{"href":"https:\/\/lighthouselocarno.ch\/de\/wp-json\/wp\/v2\/media?parent=156468"}],"wp:term":[{"taxonomy":"product_brand","embeddable":true,"href":"https:\/\/lighthouselocarno.ch\/de\/wp-json\/wp\/v2\/product_brand?post=156468"},{"taxonomy":"product_cat","embeddable":true,"href":"https:\/\/lighthouselocarno.ch\/de\/wp-json\/wp\/v2\/product_cat?post=156468"},{"taxonomy":"product_tag","embeddable":true,"href":"https:\/\/lighthouselocarno.ch\/de\/wp-json\/wp\/v2\/product_tag?post=156468"}],"curies":[{"name":"wp","href":"https:\/\/api.w.org\/{rel}","templated":true}]}}