{"id":156610,"date":"2025-12-16T13:44:28","date_gmt":"2025-12-16T13:44:28","guid":{"rendered":"https:\/\/lighthouselocarno.ch\/prodotto\/duftkerze-mimosa-mada-essenza-250-g-50-h\/"},"modified":"2025-12-16T13:44:28","modified_gmt":"2025-12-16T13:44:28","slug":"duftkerze-mimosa-mada-essenza-250-g-50-h","status":"publish","type":"product","link":"https:\/\/lighthouselocarno.ch\/de\/produkt\/duftkerze-mimosa-mada-essenza-250-g-50-h\/","title":{"rendered":"Duftkerze Mimosa \u2013 MADA Essenza (250 g, 50 h)"},"content":{"rendered":"<p data-start=\"713\" data-end=\"857\">Entdecken Sie die <strong data-start=\"723\" data-end=\"767\">Duftkerze Mimosa von MADA Essenza<\/strong>, eine perfekte Verbindung aus <strong data-start=\"794\" data-end=\"820\">Schweizer Handwerkskunst<\/strong>, nat\u00fcrlichen D\u00fcften und elegantem Design.<\/p>\n<p data-start=\"859\" data-end=\"1143\">Diese Kerze wird in der Schweiz von Hand gegossen und besteht aus <strong data-start=\"919\" data-end=\"941\">100 % Pflanzenwachs<\/strong>, <strong data-start=\"943\" data-end=\"970\">hochwertigen Duftstoffen<\/strong> und <strong data-start=\"973\" data-end=\"998\">einem Holzdocht<\/strong>, der beim Abbrennen ein entspannendes Ger\u00e4usch erzeugt. Ideal, um eine warme, entspannende und einladende Atmosph\u00e4re in jedem Raum des Hauses zu schaffen. <\/p>\n<h3 data-start=\"1145\" data-end=\"1164\">\ud83c\udf38 Duftrichtung<\/h3>\n<ul data-start=\"1165\" data-end=\"1281\">\n<li data-start=\"1165\" data-end=\"1207\">\n<p data-start=\"1167\" data-end=\"1207\"><strong data-start=\"1167\" data-end=\"1184\">Kopfnoten<\/strong>: Kardamom, Tuberose<\/p>\n<\/li>\n<li data-start=\"1208\" data-end=\"1237\">\n<p data-start=\"1210\" data-end=\"1237\"><strong data-start=\"1210\" data-end=\"1227\">Herznote<\/strong>: Mimose<\/p>\n<\/li>\n<li data-start=\"1238\" data-end=\"1281\">\n<p data-start=\"1240\" data-end=\"1281\"><strong data-start=\"1240\" data-end=\"1257\">Basisnoten<\/strong>: Tonkabohne, Vanille<\/p>\n<\/li>\n<\/ul>\n<h3 data-start=\"1283\" data-end=\"1306\">\ud83d\udd6f\ufe0f Eigenschaften<\/h3>\n<ul data-start=\"1307\" data-end=\"1513\">\n<li data-start=\"1307\" data-end=\"1333\">\n<p data-start=\"1309\" data-end=\"1333\">+50 Stunden Brenndauer<\/p>\n<\/li>\n<li data-start=\"1334\" data-end=\"1353\">\n<p data-start=\"1336\" data-end=\"1353\">Gewicht Wachs: 250 g<\/p>\n<\/li>\n<li data-start=\"1354\" data-end=\"1377\">\n<p data-start=\"1356\" data-end=\"1377\">1 Holzdocht<\/p>\n<\/li>\n<li data-start=\"1378\" data-end=\"1408\">\n<p data-start=\"1380\" data-end=\"1408\">Wiederverwendbarer Beh\u00e4lter<\/p>\n<\/li>\n<li data-start=\"1409\" data-end=\"1442\">\n<p data-start=\"1411\" data-end=\"1442\">Vegan freundlich &amp; cruelty free<\/p>\n<\/li>\n<li data-start=\"1443\" data-end=\"1513\">\n<p data-start=\"1445\" data-end=\"1513\">Ohne Phthalate, reproduktionstoxische Stoffe, Parabene oder Karzinogene<\/p>\n<\/li>\n<\/ul>\n<p data-start=\"1515\" data-end=\"1647\">Diese Kerze ist eine <strong data-start=\"1535\" data-end=\"1559\">perfekte Geschenkidee<\/strong> f\u00fcr Sie selbst oder f\u00fcr Ihre Lieben und ist f\u00fcr alle gedacht, die raffinierte, nat\u00fcrliche und sichere Produkte suchen.<\/p>\n","protected":false},"excerpt":{"rendered":"<p>Handgefertigte Duftkerze mit s\u00fc\u00dfen und blumigen Noten von Mimose, Vanille und Tonkabohne. In der Schweiz von Hand mit 100 % nat\u00fcrlichem Pflanzenwachs gegossen. Holzdocht, \u00fcber 50 Stunden Brenndauer. Vegan &amp; cruelty free.   <\/p>\n","protected":false},"featured_media":156611,"template":"","meta":{"_seopress_robots_primary_cat":"","_seopress_titles_title":"Mimosa Kerze MADA Essenza \u2013 Blumiger und nat\u00fcrlicher Duft","_seopress_titles_desc":"Handgefertigte Mimosa-Kerze mit 100 % Pflanzenwachs, blumigem Duft und Holzdocht. \u00dcber 50 Stunden Entspannung. Made in Switzerland. Vegan & cruelty free.   ","_seopress_robots_index":""},"product_brand":[9367],"product_cat":[4244,7127],"product_tag":[9384,9386,9385,9383,9381,9382,9378,9379,4222,9380,9387,4603],"class_list":{"0":"post-156610","1":"product","2":"type-product","3":"status-publish","4":"has-post-thumbnail","6":"product_brand-mada-essenza","7":"product_cat-kerzen","8":"product_cat-kerzen-de","9":"product_tag-aromatherapie","10":"product_tag-cruelty-free","11":"product_tag-geschenk-fur-frauen","12":"product_tag-holzdocht","13":"product_tag-mada-essenza","14":"product_tag-made-in-switzerland","15":"product_tag-mimose","16":"product_tag-naturliche-kerzen","17":"product_tag-parfumierte-kerze","18":"product_tag-pflanzenwachs","19":"product_tag-vegan","20":"product_tag-wohnkultur","22":"first","23":"instock","24":"shipping-taxable","25":"purchasable","26":"product-type-simple"},"jetpack_sharing_enabled":true,"_links":{"self":[{"href":"https:\/\/lighthouselocarno.ch\/de\/wp-json\/wp\/v2\/product\/156610","targetHints":{"allow":["GET"]}}],"collection":[{"href":"https:\/\/lighthouselocarno.ch\/de\/wp-json\/wp\/v2\/product"}],"about":[{"href":"https:\/\/lighthouselocarno.ch\/de\/wp-json\/wp\/v2\/types\/product"}],"wp:featuredmedia":[{"embeddable":true,"href":"https:\/\/lighthouselocarno.ch\/de\/wp-json\/wp\/v2\/media\/156611"}],"wp:attachment":[{"href":"https:\/\/lighthouselocarno.ch\/de\/wp-json\/wp\/v2\/media?parent=156610"}],"wp:term":[{"taxonomy":"product_brand","embeddable":true,"href":"https:\/\/lighthouselocarno.ch\/de\/wp-json\/wp\/v2\/product_brand?post=156610"},{"taxonomy":"product_cat","embeddable":true,"href":"https:\/\/lighthouselocarno.ch\/de\/wp-json\/wp\/v2\/product_cat?post=156610"},{"taxonomy":"product_tag","embeddable":true,"href":"https:\/\/lighthouselocarno.ch\/de\/wp-json\/wp\/v2\/product_tag?post=156610"}],"curies":[{"name":"wp","href":"https:\/\/api.w.org\/{rel}","templated":true}]}}