{"id":156625,"date":"2025-12-16T13:47:11","date_gmt":"2025-12-16T13:47:11","guid":{"rendered":"https:\/\/lighthouselocarno.ch\/prodotto\/duftkerze-secret-mada-essenza-250-g-50-std\/"},"modified":"2025-12-16T13:47:11","modified_gmt":"2025-12-16T13:47:11","slug":"duftkerze-secret-mada-essenza-250-g-50-std","status":"publish","type":"product","link":"https:\/\/lighthouselocarno.ch\/de\/produkt\/duftkerze-secret-mada-essenza-250-g-50-std\/","title":{"rendered":"Duftkerze Secret \u2013 MADA Essenza (250 g, 50 Std.)"},"content":{"rendered":"<p data-start=\"583\" data-end=\"721\">Entdecken Sie <strong data-start=\"590\" data-end=\"605\">MADA Secret<\/strong>, die Duftkerze, die <strong data-start=\"639\" data-end=\"681\">S\u00fc\u00dfe, Gew\u00fcrze und Zitrusfrische<\/strong> in einem einh\u00fcllenden und sinnlichen Duft vereint.<\/p>\n<p data-start=\"723\" data-end=\"967\">MADA Secret wird in der Schweiz von Hand mit 100 % pflanzlichem Wachs gegossen und ist das Ergebnis hochwertiger Handwerkskunst. Der <strong data-start=\"852\" data-end=\"882\">Docht aus Naturholz<\/strong> erzeugt eine warme Flamme und ein angenehmes Knistern, das das sensorische Erlebnis verst\u00e4rkt. <\/p>\n<h3 data-start=\"969\" data-end=\"988\">\ud83c\udf3f Duft<\/h3>\n<ul data-start=\"989\" data-end=\"1121\">\n<li data-start=\"989\" data-end=\"1037\">\n<p data-start=\"991\" data-end=\"1037\"><strong data-start=\"991\" data-end=\"1008\">Kopfnoten<\/strong>: Amber, Nelken<\/p>\n<\/li>\n<li data-start=\"1038\" data-end=\"1078\">\n<p data-start=\"1040\" data-end=\"1078\"><strong data-start=\"1040\" data-end=\"1057\">Herznoten<\/strong>: Vanille, Weihrauch<\/p>\n<\/li>\n<li data-start=\"1079\" data-end=\"1121\">\n<p data-start=\"1081\" data-end=\"1121\"><strong data-start=\"1081\" data-end=\"1098\">Basisnoten<\/strong>: Bergamotte, Orange<\/p>\n<\/li>\n<\/ul>\n<p data-start=\"1123\" data-end=\"1256\">Eine raffinierte und tiefgr\u00fcndige Mischung, ideal, um in Ihren allt\u00e4glichen R\u00e4umen oder f\u00fcr besondere Momente eine entspannende und anspruchsvolle Atmosph\u00e4re zu schaffen.<\/p>\n<hr data-start=\"1258\" data-end=\"1261\">\n<h3 data-start=\"1263\" data-end=\"1297\">\ud83d\udd6f\ufe0f Hauptmerkmale<\/h3>\n<ul data-start=\"1298\" data-end=\"1618\">\n<li data-start=\"1298\" data-end=\"1346\">\n<p data-start=\"1300\" data-end=\"1346\">Hergestellt aus <strong data-start=\"1315\" data-end=\"1346\">100 % nat\u00fcrlichem Pflanzenwachs<\/strong><\/p>\n<\/li>\n<li data-start=\"1347\" data-end=\"1379\">\n<p data-start=\"1349\" data-end=\"1379\"><strong data-start=\"1349\" data-end=\"1379\">Von Hand in der Schweiz gegossen<\/strong><\/p>\n<\/li>\n<li data-start=\"1380\" data-end=\"1441\">\n<p data-start=\"1382\" data-end=\"1441\"><strong data-start=\"1382\" data-end=\"1403\">Holzdocht<\/strong> f\u00fcr eine saubere und gleichm\u00e4\u00dfige Verbrennung<\/p>\n<\/li>\n<li data-start=\"1442\" data-end=\"1476\">\n<p data-start=\"1444\" data-end=\"1476\">Mehr als <strong data-start=\"1451\" data-end=\"1476\">50 Stunden Brenndauer<\/strong><\/p>\n<\/li>\n<li data-start=\"1477\" data-end=\"1538\">\n<p data-start=\"1479\" data-end=\"1538\">Hochwertige D\u00fcfte, ohne Phthalate oder giftige Substanzen<\/p>\n<\/li>\n<li data-start=\"1539\" data-end=\"1578\">\n<p data-start=\"1541\" data-end=\"1578\"><strong data-start=\"1541\" data-end=\"1559\">Vegan freundlich<\/strong> &amp; <strong data-start=\"1562\" data-end=\"1578\">Tierversuchsfrei<\/strong><\/p>\n<\/li>\n<li data-start=\"1579\" data-end=\"1618\">\n<p data-start=\"1581\" data-end=\"1618\">Eleganter und wiederverwendbarer Beh\u00e4lter<\/p>\n<\/li>\n<\/ul>\n","protected":false},"excerpt":{"rendered":"<p data-start=\"361\" data-end=\"528\">Handgefertigte Kerze mit w\u00fcrzigem, s\u00fc\u00dfem und zitrusartigem Duft. Noten von Amber, Weihrauch und Zitrusfr\u00fcchten. Aus nat\u00fcrlichem Pflanzenwachs, Holzdocht, \u00fcber 50 Stunden Brenndauer.  <\/p>\n","protected":false},"featured_media":156626,"template":"","meta":{"_seopress_robots_primary_cat":"","_seopress_titles_title":"Candela Secret MADA Essenza \u2013 W\u00fcrzig-zitrusartiger Duft","_seopress_titles_desc":"Secret Kerze mit Noten von Amber, Vanille und Zitrusfr\u00fcchten. 100 % pflanzliches Wachs, Holzdocht, \u00fcber 50 Std. Vegan, handgefertigt in der Schweiz. Duftende Entspannung.   ","_seopress_robots_index":""},"product_brand":[9367],"product_cat":[7127,4244],"product_tag":[9418,9386,5160,9420,9381,9382,9379,9417,4222,9380,9419,9387,9421,9416,4603,9415],"class_list":{"0":"post-156625","1":"product","2":"type-product","3":"status-publish","4":"has-post-thumbnail","6":"product_brand-mada-essenza","7":"product_cat-kerzen-de","8":"product_cat-kerzen","9":"product_tag-amber","10":"product_tag-cruelty-free","11":"product_tag-geschenkidee","12":"product_tag-luxuskerze","13":"product_tag-mada-essenza","14":"product_tag-made-in-switzerland","15":"product_tag-naturliche-kerzen","16":"product_tag-orange","17":"product_tag-parfumierte-kerze","18":"product_tag-pflanzenwachs","19":"product_tag-vanille","20":"product_tag-vegan","21":"product_tag-warme-atmosphare","22":"product_tag-weihrauch","23":"product_tag-wohnkultur","24":"product_tag-wurziger-duft","26":"first","27":"instock","28":"shipping-taxable","29":"purchasable","30":"product-type-simple"},"jetpack_sharing_enabled":true,"_links":{"self":[{"href":"https:\/\/lighthouselocarno.ch\/de\/wp-json\/wp\/v2\/product\/156625","targetHints":{"allow":["GET"]}}],"collection":[{"href":"https:\/\/lighthouselocarno.ch\/de\/wp-json\/wp\/v2\/product"}],"about":[{"href":"https:\/\/lighthouselocarno.ch\/de\/wp-json\/wp\/v2\/types\/product"}],"wp:featuredmedia":[{"embeddable":true,"href":"https:\/\/lighthouselocarno.ch\/de\/wp-json\/wp\/v2\/media\/156626"}],"wp:attachment":[{"href":"https:\/\/lighthouselocarno.ch\/de\/wp-json\/wp\/v2\/media?parent=156625"}],"wp:term":[{"taxonomy":"product_brand","embeddable":true,"href":"https:\/\/lighthouselocarno.ch\/de\/wp-json\/wp\/v2\/product_brand?post=156625"},{"taxonomy":"product_cat","embeddable":true,"href":"https:\/\/lighthouselocarno.ch\/de\/wp-json\/wp\/v2\/product_cat?post=156625"},{"taxonomy":"product_tag","embeddable":true,"href":"https:\/\/lighthouselocarno.ch\/de\/wp-json\/wp\/v2\/product_tag?post=156625"}],"curies":[{"name":"wp","href":"https:\/\/api.w.org\/{rel}","templated":true}]}}