{"id":156666,"date":"2025-12-16T13:56:36","date_gmt":"2025-12-16T13:56:36","guid":{"rendered":"https:\/\/lighthouselocarno.ch\/prodotto\/raumspray-pear-freesia-mada-essenza-100-ml\/"},"modified":"2025-12-16T15:09:19","modified_gmt":"2025-12-16T15:09:19","slug":"raumspray-pear-freesia-mada-essenza-100-ml","status":"publish","type":"product","link":"https:\/\/lighthouselocarno.ch\/de\/produkt\/raumspray-pear-freesia-mada-essenza-100-ml\/","title":{"rendered":"Raumspray Pear &amp; Freesia \u2013 MADA Essenza | 100 ml"},"content":{"rendered":"<p data-start=\"545\" data-end=\"782\">Erfrischen Sie Ihre R\u00e4ume mit dem <strong data-start=\"578\" data-end=\"625\">MADA Essenza Pear &amp; Freesia Duftspray<\/strong>, einem blumigen und fruchtigen Duft, der einh\u00fcllend und strahlend ist. Ideal, um Ihrem Zuhause, B\u00fcro oder jedem pers\u00f6nlichen Raum einen Hauch von Eleganz und Wohlbefinden zu verleihen.<\/p>\n<p data-start=\"784\" data-end=\"982\">Hergestellt in der Schweiz mit <strong data-start=\"811\" data-end=\"863\">nat\u00fcrlichen Inhaltsstoffen und hochwertigen D\u00fcften<\/strong>, ist dieses Spray f\u00fcr diejenigen gedacht, die ein raffiniertes und sicheres Dufterlebnis suchen, ohne auf Nachhaltigkeit zu verzichten.<\/p>\n<h3 data-start=\"984\" data-end=\"1004\">\ud83c\udf3f Duft:<\/h3>\n<ul data-start=\"1005\" data-end=\"1142\">\n<li data-start=\"1005\" data-end=\"1052\">\n<p data-start=\"1007\" data-end=\"1052\"><strong data-start=\"1007\" data-end=\"1024\">Kopfnoten<\/strong>: Birne, Zitrone, Bergamotte<\/p>\n<\/li>\n<li data-start=\"1053\" data-end=\"1095\">\n<p data-start=\"1055\" data-end=\"1095\"><strong data-start=\"1055\" data-end=\"1072\">Herznoten<\/strong>: Freesie, Rose, Amber<\/p>\n<\/li>\n<li data-start=\"1096\" data-end=\"1142\">\n<p data-start=\"1098\" data-end=\"1142\"><strong data-start=\"1098\" data-end=\"1115\">Basisnoten<\/strong>: Patschuli, Moschus, H\u00f6lzer<\/p>\n<\/li>\n<\/ul>\n<p data-start=\"1144\" data-end=\"1266\">Eine elegante und erfrischende Kombination, die die Atmosph\u00e4re jedes Raumes in einen Moment des t\u00e4glichen Wohlbefindens verwandelt.<\/p>\n<hr data-start=\"1268\" data-end=\"1271\">\n<h3 data-start=\"1273\" data-end=\"1308\">\ud83d\udd6f\ufe0f Haupteigenschaften:<\/h3>\n<ul data-start=\"1309\" data-end=\"1641\">\n<li data-start=\"1309\" data-end=\"1369\">\n<p data-start=\"1311\" data-end=\"1369\">Duftender Raumspray mit dem Duft von Pear &amp; Freesia<\/p>\n<\/li>\n<li data-start=\"1370\" data-end=\"1416\">\n<p data-start=\"1372\" data-end=\"1416\"><strong data-start=\"1372\" data-end=\"1392\">100-ml-Format<\/strong> mit Spr\u00fchzerst\u00e4uber<\/p>\n<\/li>\n<li data-start=\"1417\" data-end=\"1470\">\n<p data-start=\"1419\" data-end=\"1470\">Frischer und anhaltender blumig-fruchtiger Duft<\/p>\n<\/li>\n<li data-start=\"1471\" data-end=\"1527\">\n<p data-start=\"1473\" data-end=\"1527\"><strong data-start=\"1473\" data-end=\"1527\">Ideal f\u00fcr jeden Raum im Haus oder B\u00fcro<\/strong><\/p>\n<\/li>\n<li data-start=\"1528\" data-end=\"1579\">\n<p data-start=\"1530\" data-end=\"1579\">Nat\u00fcrliche Formel, ohne Toxine oder sch\u00e4dliche Substanzen<\/p>\n<\/li>\n<li data-start=\"1580\" data-end=\"1619\">\n<p data-start=\"1582\" data-end=\"1619\"><strong data-start=\"1582\" data-end=\"1600\">Vegan freundlich<\/strong> &amp; <strong data-start=\"1603\" data-end=\"1619\">Tierversuchsfrei<\/strong><\/p>\n<\/li>\n<li data-start=\"1620\" data-end=\"1641\">\n<p data-start=\"1622\" data-end=\"1641\">Made in Switzerland<\/p>\n<\/li>\n<\/ul>\n<hr data-start=\"1643\" data-end=\"1646\">\n<h3 data-start=\"1648\" data-end=\"1673\">\ud83d\udcdd <strong data-start=\"1655\" data-end=\"1673\">Anwendung<\/strong><\/h3>\n<p data-start=\"1674\" data-end=\"1867\">In den gew\u00fcnschten Raum spr\u00fchen, dabei Stoffe und empfindliche Oberfl\u00e4chen vermeiden. Ideal, um die R\u00e4ume vor der Ankunft von G\u00e4sten zu erfrischen oder den Tag mit einer frischen Note zu beginnen. <\/p>\n","protected":false},"excerpt":{"rendered":"<p data-start=\"340\" data-end=\"490\">Einh\u00fcllender und blumiger Duft mit Birne und Freesie. Raumspray 100 ml, vegan, nat\u00fcrlich und tierversuchsfrei. Eleganz und Frische f\u00fcr jeden Raum.  <\/p>\n","protected":false},"featured_media":156667,"template":"","meta":{"_seopress_robots_primary_cat":"","_seopress_titles_title":"Raumspray MADA Pear & Freesia \u2013 Nat\u00fcrlich 100 ml","_seopress_titles_desc":"Spray MADA Essenza Pear & Freesia: Blumig-frischer Duft f\u00fcr R\u00e4ume. Vegan, nat\u00fcrlich und ohne Toxine. Format 100 ml. Made in Switzerland.   ","_seopress_robots_index":""},"product_brand":[9367],"product_cat":[4244,9498],"product_tag":[9459,9386,9500,9463,9455,9381,9382,9501,9458,9499,9387],"class_list":{"0":"post-156666","1":"product","2":"type-product","3":"status-publish","4":"has-post-thumbnail","6":"product_brand-mada-essenza","7":"product_cat-kerzen","8":"product_cat-spray","9":"product_tag-blumiger-duft","10":"product_tag-cruelty-free","11":"product_tag-duft-fur-zuhause","12":"product_tag-elegantes-geschenk","13":"product_tag-home-fragrance","14":"product_tag-mada-essenza","15":"product_tag-made-in-switzerland","16":"product_tag-naturliches-spray","17":"product_tag-pear-freesia","18":"product_tag-raumspray","19":"product_tag-vegan","21":"first","22":"instock","23":"shipping-taxable","24":"purchasable","25":"product-type-simple"},"jetpack_sharing_enabled":true,"_links":{"self":[{"href":"https:\/\/lighthouselocarno.ch\/de\/wp-json\/wp\/v2\/product\/156666","targetHints":{"allow":["GET"]}}],"collection":[{"href":"https:\/\/lighthouselocarno.ch\/de\/wp-json\/wp\/v2\/product"}],"about":[{"href":"https:\/\/lighthouselocarno.ch\/de\/wp-json\/wp\/v2\/types\/product"}],"wp:featuredmedia":[{"embeddable":true,"href":"https:\/\/lighthouselocarno.ch\/de\/wp-json\/wp\/v2\/media\/156667"}],"wp:attachment":[{"href":"https:\/\/lighthouselocarno.ch\/de\/wp-json\/wp\/v2\/media?parent=156666"}],"wp:term":[{"taxonomy":"product_brand","embeddable":true,"href":"https:\/\/lighthouselocarno.ch\/de\/wp-json\/wp\/v2\/product_brand?post=156666"},{"taxonomy":"product_cat","embeddable":true,"href":"https:\/\/lighthouselocarno.ch\/de\/wp-json\/wp\/v2\/product_cat?post=156666"},{"taxonomy":"product_tag","embeddable":true,"href":"https:\/\/lighthouselocarno.ch\/de\/wp-json\/wp\/v2\/product_tag?post=156666"}],"curies":[{"name":"wp","href":"https:\/\/api.w.org\/{rel}","templated":true}]}}