{"id":156677,"date":"2025-12-16T14:00:16","date_gmt":"2025-12-16T14:00:16","guid":{"rendered":"https:\/\/lighthouselocarno.ch\/prodotto\/duftkerze-christmas-mada-essenza-500-g-80-std\/"},"modified":"2025-12-16T14:00:16","modified_gmt":"2025-12-16T14:00:16","slug":"duftkerze-christmas-mada-essenza-500-g-80-std","status":"publish","type":"product","link":"https:\/\/lighthouselocarno.ch\/de\/produkt\/duftkerze-christmas-mada-essenza-500-g-80-std\/","title":{"rendered":"Duftkerze Christmas \u2013 MADA Essenza (500 g, 80 Std.)"},"content":{"rendered":"<p data-start=\"557\" data-end=\"726\">Weihnachten nimmt Gestalt und Duft an mit der <strong data-start=\"597\" data-end=\"623\">Candela MADA Christmas<\/strong>, einer Sonderedition von <strong data-start=\"654\" data-end=\"670\">MADA Essenza<\/strong>, die zur Feier der magischsten Zeit des Jahres kreiert wurde.<\/p>\n<p data-start=\"728\" data-end=\"1035\">Diese Kerze wird in der Schweiz von Hand mit <strong data-start=\"759\" data-end=\"792\">100 % nat\u00fcrlichem und pflanzlichem Wachs<\/strong> gegossen und verstr\u00f6mt einen <strong data-start=\"833\" data-end=\"862\">intensiven, s\u00fc\u00dfen und w\u00fcrzigen<\/strong> Duft, der Erinnerungen, W\u00e4rme und Geselligkeit hervorruft. Der <strong data-start=\"917\" data-end=\"938\">Holzdocht<\/strong> begleitet die Verbrennung mit einem sanften Knistern und macht das Erlebnis noch einnehmender. <\/p>\n<h3 data-start=\"1037\" data-end=\"1056\">\ud83c\udf1f Duft<\/h3>\n<ul data-start=\"1057\" data-end=\"1176\">\n<li data-start=\"1057\" data-end=\"1108\">\n<p data-start=\"1059\" data-end=\"1108\"><strong data-start=\"1059\" data-end=\"1076\">Kopfnoten<\/strong>: Zimt, Nelken<\/p>\n<\/li>\n<li data-start=\"1109\" data-end=\"1136\">\n<p data-start=\"1111\" data-end=\"1136\"><strong data-start=\"1111\" data-end=\"1128\">Herznote<\/strong>: Apfel<\/p>\n<\/li>\n<li data-start=\"1137\" data-end=\"1176\">\n<p data-start=\"1139\" data-end=\"1176\"><strong data-start=\"1139\" data-end=\"1156\">Basisnoten<\/strong>: Vanille, Gew\u00fcrze<\/p>\n<\/li>\n<\/ul>\n<p data-start=\"1178\" data-end=\"1339\">Ein ikonischer Duft, der alle Nuancen von Weihnachten vereint, ideal, um eine gem\u00fctliche und festliche Atmosph\u00e4re zu Hause zu schaffen oder als <strong data-start=\"1313\" data-end=\"1338\">exklusive Geschenkidee<\/strong>.<\/p>\n<hr data-start=\"1341\" data-end=\"1344\">\n<h3 data-start=\"1346\" data-end=\"1380\">\ud83d\udd6f\ufe0f Hauptmerkmale<\/h3>\n<ul data-start=\"1381\" data-end=\"1737\">\n<li data-start=\"1381\" data-end=\"1445\">\n<p data-start=\"1383\" data-end=\"1445\"><strong data-start=\"1383\" data-end=\"1445\">Limitierte Auflage \u2013 nur in der Weihnachtszeit erh\u00e4ltlich<\/strong><\/p>\n<\/li>\n<li data-start=\"1446\" data-end=\"1481\">\n<p data-start=\"1448\" data-end=\"1481\">Wachs <strong data-start=\"1453\" data-end=\"1481\">100 % pflanzlich und nat\u00fcrlich<\/strong><\/p>\n<\/li>\n<li data-start=\"1482\" data-end=\"1514\">\n<p data-start=\"1484\" data-end=\"1514\"><strong data-start=\"1484\" data-end=\"1514\">Von Hand in der Schweiz gegossen<\/strong><\/p>\n<\/li>\n<li data-start=\"1515\" data-end=\"1578\">\n<p data-start=\"1517\" data-end=\"1578\"><strong data-start=\"1517\" data-end=\"1538\">Holzdocht<\/strong> f\u00fcr eine saubere und entspannende Verbrennung<\/p>\n<\/li>\n<li data-start=\"1579\" data-end=\"1612\">\n<p data-start=\"1581\" data-end=\"1612\">\u00dcber <strong data-start=\"1587\" data-end=\"1612\">80 Stunden Brenndauer<\/strong><\/p>\n<\/li>\n<li data-start=\"1613\" data-end=\"1666\">\n<p data-start=\"1615\" data-end=\"1666\">Luxuri\u00f6se D\u00fcfte, ohne Phthalate oder sch\u00e4dliche Substanzen<\/p>\n<\/li>\n<li data-start=\"1667\" data-end=\"1706\">\n<p data-start=\"1669\" data-end=\"1706\"><strong data-start=\"1669\" data-end=\"1687\">Vegan freundlich<\/strong> &amp; <strong data-start=\"1690\" data-end=\"1706\">Tierversuchsfrei<\/strong><\/p>\n<\/li>\n<li data-start=\"1707\" data-end=\"1737\">\n<p data-start=\"1709\" data-end=\"1737\">Elegantes und bedeutungsvolles Design<\/p>\n<\/li>\n<\/ul>\n","protected":false},"excerpt":{"rendered":"<p data-start=\"306\" data-end=\"502\">Handgefertigte Weihnachtskerze mit s\u00fc\u00dfem und w\u00fcrzigem Duft mit Noten von Zimt, Apfel und Vanille. 100 % pflanzliches Wachs, Holzdocht, \u00fcber 80 Stunden Brenndauer.  <strong data-start=\"472\" data-end=\"502\">Nur zu Weihnachten erh\u00e4ltlich.<\/strong><\/p>\n","protected":false},"featured_media":156678,"template":"","meta":{"_seopress_robots_primary_cat":"","_seopress_titles_title":"Candela Christmas MADA Essenza \u2013 Weihnachtlicher Duft 500 g","_seopress_titles_desc":"Weihnachtskerze MADA Christmas mit Noten von Zimt, Apfel und Vanille. 100 % pflanzliches Wachs, Holzdocht, 80 Std. Limitierte Auflage.  ","_seopress_robots_index":""},"product_brand":[],"product_cat":[4244,7127],"product_tag":[9386,4291,9383,9516,9381,9382,9380,9387,9518,9514,9517,9513,9515],"class_list":{"0":"post-156677","1":"product","2":"type-product","3":"status-publish","4":"has-post-thumbnail","6":"product_cat-kerzen","7":"product_cat-kerzen-de","8":"product_tag-cruelty-free","9":"product_tag-handgefertigte-kerzen","10":"product_tag-holzdocht","11":"product_tag-limitierte-auflage","12":"product_tag-mada-essenza","13":"product_tag-made-in-switzerland","14":"product_tag-pflanzenwachs","15":"product_tag-vegan","16":"product_tag-weihnachtliche-wohndekoration","17":"product_tag-weihnachtsduft","18":"product_tag-weihnachtsgeschenk-2","19":"product_tag-weihnachtskerze","20":"product_tag-zimt-und-vanille","22":"first","23":"instock","24":"shipping-taxable","25":"purchasable","26":"product-type-simple"},"jetpack_sharing_enabled":true,"_links":{"self":[{"href":"https:\/\/lighthouselocarno.ch\/de\/wp-json\/wp\/v2\/product\/156677","targetHints":{"allow":["GET"]}}],"collection":[{"href":"https:\/\/lighthouselocarno.ch\/de\/wp-json\/wp\/v2\/product"}],"about":[{"href":"https:\/\/lighthouselocarno.ch\/de\/wp-json\/wp\/v2\/types\/product"}],"wp:featuredmedia":[{"embeddable":true,"href":"https:\/\/lighthouselocarno.ch\/de\/wp-json\/wp\/v2\/media\/156678"}],"wp:attachment":[{"href":"https:\/\/lighthouselocarno.ch\/de\/wp-json\/wp\/v2\/media?parent=156677"}],"wp:term":[{"taxonomy":"product_brand","embeddable":true,"href":"https:\/\/lighthouselocarno.ch\/de\/wp-json\/wp\/v2\/product_brand?post=156677"},{"taxonomy":"product_cat","embeddable":true,"href":"https:\/\/lighthouselocarno.ch\/de\/wp-json\/wp\/v2\/product_cat?post=156677"},{"taxonomy":"product_tag","embeddable":true,"href":"https:\/\/lighthouselocarno.ch\/de\/wp-json\/wp\/v2\/product_tag?post=156677"}],"curies":[{"name":"wp","href":"https:\/\/api.w.org\/{rel}","templated":true}]}}