{"id":156697,"date":"2025-12-16T14:02:31","date_gmt":"2025-12-16T14:02:31","guid":{"rendered":"https:\/\/lighthouselocarno.ch\/prodotto\/duftkerze-blossom-mada-essenza-maculata-kollektion-450-g-80-std\/"},"modified":"2025-12-16T14:02:31","modified_gmt":"2025-12-16T14:02:31","slug":"duftkerze-blossom-mada-essenza-maculata-kollektion-450-g-80-std","status":"publish","type":"product","link":"https:\/\/lighthouselocarno.ch\/de\/produkt\/duftkerze-blossom-mada-essenza-maculata-kollektion-450-g-80-std\/","title":{"rendered":"Duftkerze Blossom \u2013 MADA Essenza | Maculata Kollektion (450 g, 80 Std.)"},"content":{"rendered":"<p data-start=\"607\" data-end=\"809\">Elegant, leuchtend und raffiniert: Die <strong data-start=\"644\" data-end=\"668\">Candela MADA Blossom<\/strong> aus der <strong data-start=\"675\" data-end=\"698\">Collezione Maculata<\/strong> ist ein wahres sensorisches Erlebnis, das blumigen Duft, Schweizer Handwerkskunst und dekoratives Design vereint.<\/p>\n<p data-start=\"811\" data-end=\"1122\">Diese Kerze wird in der Schweiz von Hand mit <strong data-start=\"842\" data-end=\"875\">100 % nat\u00fcrlichem und pflanzlichem Wachs<\/strong> gegossen und verstr\u00f6mt einen <strong data-start=\"916\" data-end=\"939\">frischen und einladenden<\/strong> Duft, der perfekt ist, um jedem Raum Harmonie und Pers\u00f6nlichkeit zu verleihen. Der <strong data-start=\"1008\" data-end=\"1037\">doppelte Baumwolldocht<\/strong> garantiert ein gleichm\u00e4\u00dfiges Abbrennen und eine intensive und konstante Duftverteilung. <\/p>\n<p data-start=\"1124\" data-end=\"1301\">Ihr bedeutender und raffinierter Beh\u00e4lter macht Blossom nicht nur zu einer Duftkerze, sondern auch zu einem <strong data-start=\"1224\" data-end=\"1270\">Einrichtungsgegenstand von starker \u00e4sthetischer Wirkung<\/strong>, ideal als wertvolles Geschenk.<\/p>\n<h3 data-start=\"1303\" data-end=\"1322\">\ud83c\udf3f Duft<\/h3>\n<ul data-start=\"1323\" data-end=\"1462\">\n<li data-start=\"1323\" data-end=\"1370\">\n<p data-start=\"1325\" data-end=\"1370\"><strong data-start=\"1325\" data-end=\"1342\">Kopfnoten<\/strong>: Birne, Zitrone, Bergamotte<\/p>\n<\/li>\n<li data-start=\"1371\" data-end=\"1413\">\n<p data-start=\"1373\" data-end=\"1413\"><strong data-start=\"1373\" data-end=\"1390\">Herznoten<\/strong>: Freesie, Rose, Amber<\/p>\n<\/li>\n<li data-start=\"1414\" data-end=\"1462\">\n<p data-start=\"1416\" data-end=\"1462\"><strong data-start=\"1416\" data-end=\"1433\">Basisnoten<\/strong>: Patschuli, Moschus, H\u00f6lzer<\/p>\n<\/li>\n<\/ul>\n<p data-start=\"1464\" data-end=\"1596\">Ein eleganter und zeitgem\u00e4\u00dfer Blumenduft, der an die Frische des Fr\u00fchlings und die Raffinesse einer gepflegten Umgebung erinnert.<\/p>\n<hr data-start=\"1598\" data-end=\"1601\">\n<h3 data-start=\"1603\" data-end=\"1637\">\ud83d\udd6f\ufe0f Hauptmerkmale<\/h3>\n<ul data-start=\"1638\" data-end=\"1970\">\n<li data-start=\"1638\" data-end=\"1682\">\n<p data-start=\"1640\" data-end=\"1682\"><strong data-start=\"1640\" data-end=\"1682\">Maculata Kollektion \u2013 exklusives Design<\/strong><\/p>\n<\/li>\n<li data-start=\"1683\" data-end=\"1718\">\n<p data-start=\"1685\" data-end=\"1718\">Wachs <strong data-start=\"1690\" data-end=\"1718\">100 % pflanzlich und nat\u00fcrlich<\/strong><\/p>\n<\/li>\n<li data-start=\"1719\" data-end=\"1751\">\n<p data-start=\"1721\" data-end=\"1751\"><strong data-start=\"1721\" data-end=\"1751\">Von Hand in der Schweiz gegossen<\/strong><\/p>\n<\/li>\n<li data-start=\"1752\" data-end=\"1807\">\n<p data-start=\"1754\" data-end=\"1807\"><strong data-start=\"1754\" data-end=\"1778\">2 Baumwolldochte<\/strong> f\u00fcr ein gleichm\u00e4\u00dfiges Abbrennen<\/p>\n<\/li>\n<li data-start=\"1808\" data-end=\"1841\">\n<p data-start=\"1810\" data-end=\"1841\">\u00dcber <strong data-start=\"1816\" data-end=\"1841\">80 Stunden Brenndauer<\/strong><\/p>\n<\/li>\n<li data-start=\"1842\" data-end=\"1888\">\n<p data-start=\"1844\" data-end=\"1888\">Luxusd\u00fcfte, frei von Schadstoffen<\/p>\n<\/li>\n<li data-start=\"1889\" data-end=\"1928\">\n<p data-start=\"1891\" data-end=\"1928\"><strong data-start=\"1891\" data-end=\"1909\">Vegan freundlich<\/strong> &amp; <strong data-start=\"1912\" data-end=\"1928\">Tierversuchsfrei<\/strong><\/p>\n<\/li>\n<li data-start=\"1929\" data-end=\"1970\">\n<p data-start=\"1931\" data-end=\"1970\">Dekorative Kerze in gro\u00dfen Dimensionen<\/p>\n<\/li>\n<\/ul>\n","protected":false},"excerpt":{"rendered":"<p data-start=\"365\" data-end=\"552\">Handgefertigte, blumige und frische Kerze mit Noten von Birne, Freesie und Moschus. 100 % pflanzliches Wachs, doppelter Baumwolldocht, \u00fcber 80 Stunden Brenndauer. Exklusives Design der Maculata Kollektion.  <\/p>\n","protected":false},"featured_media":156698,"template":"","meta":{"_seopress_robots_primary_cat":"","_seopress_titles_title":"Candela Blossom MADA Essenza \u2013 Blumig 80 Std. | Maculata Kollektion","_seopress_titles_desc":"Candela Blossom MADA Essenza mit floralen Noten von Birne und Freesie. 100 % pflanzliches Wachs, doppelter Docht, 80 Std. Maculata Kollektion, vegan.  ","_seopress_robots_index":""},"product_brand":[9367],"product_cat":[4244,7127],"product_tag":[9537,9536,9386,9539,9463,4291,9540,9538,9381,9382,4222,9380,9387],"class_list":{"0":"post-156697","1":"product","2":"type-product","3":"status-publish","4":"has-post-thumbnail","6":"product_brand-mada-essenza","7":"product_cat-kerzen","8":"product_cat-kerzen-de","9":"product_tag-blossom-kerze","10":"product_tag-blumenkerze","11":"product_tag-cruelty-free","12":"product_tag-doppeldocht","13":"product_tag-elegantes-geschenk","14":"product_tag-handgefertigte-kerzen","15":"product_tag-luxuriose-wohnkultur","16":"product_tag-maculata-kollektion","17":"product_tag-mada-essenza","18":"product_tag-made-in-switzerland","19":"product_tag-parfumierte-kerze","20":"product_tag-pflanzenwachs","21":"product_tag-vegan","23":"first","24":"instock","25":"shipping-taxable","26":"purchasable","27":"product-type-simple"},"jetpack_sharing_enabled":true,"_links":{"self":[{"href":"https:\/\/lighthouselocarno.ch\/de\/wp-json\/wp\/v2\/product\/156697","targetHints":{"allow":["GET"]}}],"collection":[{"href":"https:\/\/lighthouselocarno.ch\/de\/wp-json\/wp\/v2\/product"}],"about":[{"href":"https:\/\/lighthouselocarno.ch\/de\/wp-json\/wp\/v2\/types\/product"}],"wp:featuredmedia":[{"embeddable":true,"href":"https:\/\/lighthouselocarno.ch\/de\/wp-json\/wp\/v2\/media\/156698"}],"wp:attachment":[{"href":"https:\/\/lighthouselocarno.ch\/de\/wp-json\/wp\/v2\/media?parent=156697"}],"wp:term":[{"taxonomy":"product_brand","embeddable":true,"href":"https:\/\/lighthouselocarno.ch\/de\/wp-json\/wp\/v2\/product_brand?post=156697"},{"taxonomy":"product_cat","embeddable":true,"href":"https:\/\/lighthouselocarno.ch\/de\/wp-json\/wp\/v2\/product_cat?post=156697"},{"taxonomy":"product_tag","embeddable":true,"href":"https:\/\/lighthouselocarno.ch\/de\/wp-json\/wp\/v2\/product_tag?post=156697"}],"curies":[{"name":"wp","href":"https:\/\/api.w.org\/{rel}","templated":true}]}}