{"id":156708,"date":"2025-12-16T14:05:09","date_gmt":"2025-12-16T14:05:09","guid":{"rendered":"https:\/\/lighthouselocarno.ch\/prodotto\/duftkerze-adorable-mada-essenza-collezione-maculata-450-g-80-std\/"},"modified":"2025-12-16T14:05:09","modified_gmt":"2025-12-16T14:05:09","slug":"duftkerze-adorable-mada-essenza-collezione-maculata-450-g-80-std","status":"publish","type":"product","link":"https:\/\/lighthouselocarno.ch\/de\/produkt\/duftkerze-adorable-mada-essenza-collezione-maculata-450-g-80-std\/","title":{"rendered":"Duftkerze Adorable \u2013 MADA Essenza | Collezione Maculata (450 g, 80 Std.)"},"content":{"rendered":"<p data-start=\"649\" data-end=\"846\">Umschmeichelnd, elegant und zart: Die <strong data-start=\"685\" data-end=\"710\">Candela MADA Adorable<\/strong> aus der <strong data-start=\"717\" data-end=\"740\">Collezione Maculata<\/strong> ist f\u00fcr alle, die warme und raffinierte D\u00fcfte lieben, die eine intime und elegante Atmosph\u00e4re schaffen.<\/p>\n<p data-start=\"848\" data-end=\"1161\">Diese Kerze wird in der Schweiz von Hand mit <strong data-start=\"879\" data-end=\"912\">100 % nat\u00fcrlichem und pflanzlichem Wachs<\/strong> gegossen und verstr\u00f6mt einen <strong data-start=\"956\" data-end=\"976\">s\u00fc\u00dfen und w\u00fcrzigen<\/strong> Duft, der ausgewogen und nie aufdringlich ist. Die <strong data-start=\"1009\" data-end=\"1035\">zwei Baumwolldochte<\/strong> sorgen f\u00fcr ein gleichm\u00e4\u00dfiges Abbrennen und eine harmonische Duftverteilung, wodurch sie sich ideal f\u00fcr gro\u00dfe und gepflegte R\u00e4ume eignet. <\/p>\n<p data-start=\"1163\" data-end=\"1355\">Ihr markanter Beh\u00e4lter mit dem ikonischen Fleckendesign macht sie auch zu einem <strong data-start=\"1241\" data-end=\"1283\">Einrichtungsgegenstand mit gro\u00dfer Pers\u00f6nlichkeit<\/strong>, perfekt als wertvolles Geschenk oder als besonderes Element f\u00fcr Ihr Zuhause.<\/p>\n<h3 data-start=\"1357\" data-end=\"1376\">\ud83c\udf3f Duft<\/h3>\n<ul data-start=\"1377\" data-end=\"1486\">\n<li data-start=\"1377\" data-end=\"1414\">\n<p data-start=\"1379\" data-end=\"1414\"><strong data-start=\"1379\" data-end=\"1396\">Kopfnoten<\/strong>: Amber, Moschus<\/p>\n<\/li>\n<li data-start=\"1415\" data-end=\"1443\">\n<p data-start=\"1417\" data-end=\"1443\"><strong data-start=\"1417\" data-end=\"1434\">Herznote<\/strong>: Myrrhe<\/p>\n<\/li>\n<li data-start=\"1444\" data-end=\"1486\">\n<p data-start=\"1446\" data-end=\"1486\"><strong data-start=\"1446\" data-end=\"1463\">Basisnoten<\/strong>: Tonkabohne, Sandelholz<\/p>\n<\/li>\n<\/ul>\n<p data-start=\"1488\" data-end=\"1578\">Ein warmer, umh\u00fcllender und sinnlicher Duft, der S\u00fc\u00dfe und Tiefe auf elegante Weise vereint.<\/p>\n<hr data-start=\"1580\" data-end=\"1583\">\n<h3 data-start=\"1585\" data-end=\"1623\">\ud83d\udd6f\ufe0f <strong data-start=\"1593\" data-end=\"1623\">Hauptmerkmale<\/strong><\/h3>\n<ul data-start=\"1624\" data-end=\"1952\">\n<li data-start=\"1624\" data-end=\"1668\">\n<p data-start=\"1626\" data-end=\"1668\"><strong data-start=\"1626\" data-end=\"1668\">Maculata Kollektion \u2013 exklusives Design<\/strong><\/p>\n<\/li>\n<li data-start=\"1669\" data-end=\"1704\">\n<p data-start=\"1671\" data-end=\"1704\">Wachs <strong data-start=\"1676\" data-end=\"1704\">100 % pflanzlich und nat\u00fcrlich<\/strong><\/p>\n<\/li>\n<li data-start=\"1705\" data-end=\"1737\">\n<p data-start=\"1707\" data-end=\"1737\"><strong data-start=\"1707\" data-end=\"1737\">Von Hand in der Schweiz gegossen<\/strong><\/p>\n<\/li>\n<li data-start=\"1738\" data-end=\"1793\">\n<p data-start=\"1740\" data-end=\"1793\"><strong data-start=\"1740\" data-end=\"1764\">2 Baumwolldochte<\/strong> f\u00fcr ein gleichm\u00e4\u00dfiges Abbrennen<\/p>\n<\/li>\n<li data-start=\"1794\" data-end=\"1827\">\n<p data-start=\"1796\" data-end=\"1827\">\u00dcber <strong data-start=\"1802\" data-end=\"1827\">80 Stunden Brenndauer<\/strong><\/p>\n<\/li>\n<li data-start=\"1828\" data-end=\"1873\">\n<p data-start=\"1830\" data-end=\"1873\">Luxuri\u00f6se D\u00fcfte ohne sch\u00e4dliche Substanzen<\/p>\n<\/li>\n<li data-start=\"1874\" data-end=\"1913\">\n<p data-start=\"1876\" data-end=\"1913\"><strong data-start=\"1876\" data-end=\"1894\">Vegan freundlich<\/strong> &amp; <strong data-start=\"1897\" data-end=\"1913\">Tierversuchsfrei<\/strong><\/p>\n<\/li>\n<li data-start=\"1914\" data-end=\"1952\">\n<p data-start=\"1916\" data-end=\"1952\">Dekorative Kerze in gro\u00dfem Format<\/p>\n<\/li>\n<\/ul>\n","protected":false},"excerpt":{"rendered":"<p data-start=\"390\" data-end=\"592\">Handgefertigte Kerze mit s\u00fc\u00dfem und w\u00fcrzigem Duft mit Noten von Amber, Myrrhe und warmen H\u00f6lzern. 100 % pflanzliches Wachs, doppelter Baumwolldocht, \u00fcber 80 Stunden Brenndauer. Exklusives Design der Collezione Maculata.  <\/p>\n","protected":false},"featured_media":156710,"template":"","meta":{"_seopress_robots_primary_cat":"","_seopress_titles_title":"Candela Adorable MADA Essenza \u2013 S\u00fc\u00df und w\u00fcrzig, 80 Std.","_seopress_titles_desc":"Candela Adorable MADA Essenza mit Noten von Amber, Myrrhe und Sandelholz. 100 % pflanzliches Wachs, doppelter Docht, 80 Std. Collezione Maculata, vegan.  ","_seopress_robots_index":""},"product_brand":[9367],"product_cat":[4244,7127],"product_tag":[9556,9386,9539,9463,4291,9540,9538,9381,9382,4222,9380,9555,9387,9554],"class_list":{"0":"post-156708","1":"product","2":"type-product","3":"status-publish","4":"has-post-thumbnail","6":"product_brand-mada-essenza","7":"product_cat-kerzen","8":"product_cat-kerzen-de","9":"product_tag-amber-und-sandelholz","10":"product_tag-cruelty-free","11":"product_tag-doppeldocht","12":"product_tag-elegantes-geschenk","13":"product_tag-handgefertigte-kerzen","14":"product_tag-luxuriose-wohnkultur","15":"product_tag-maculata-kollektion","16":"product_tag-mada-essenza","17":"product_tag-made-in-switzerland","18":"product_tag-parfumierte-kerze","19":"product_tag-pflanzenwachs","20":"product_tag-suse-kerze","21":"product_tag-vegan","22":"product_tag-wurzige-kerze","24":"first","25":"instock","26":"shipping-taxable","27":"purchasable","28":"product-type-simple"},"jetpack_sharing_enabled":true,"_links":{"self":[{"href":"https:\/\/lighthouselocarno.ch\/de\/wp-json\/wp\/v2\/product\/156708","targetHints":{"allow":["GET"]}}],"collection":[{"href":"https:\/\/lighthouselocarno.ch\/de\/wp-json\/wp\/v2\/product"}],"about":[{"href":"https:\/\/lighthouselocarno.ch\/de\/wp-json\/wp\/v2\/types\/product"}],"wp:featuredmedia":[{"embeddable":true,"href":"https:\/\/lighthouselocarno.ch\/de\/wp-json\/wp\/v2\/media\/156710"}],"wp:attachment":[{"href":"https:\/\/lighthouselocarno.ch\/de\/wp-json\/wp\/v2\/media?parent=156708"}],"wp:term":[{"taxonomy":"product_brand","embeddable":true,"href":"https:\/\/lighthouselocarno.ch\/de\/wp-json\/wp\/v2\/product_brand?post=156708"},{"taxonomy":"product_cat","embeddable":true,"href":"https:\/\/lighthouselocarno.ch\/de\/wp-json\/wp\/v2\/product_cat?post=156708"},{"taxonomy":"product_tag","embeddable":true,"href":"https:\/\/lighthouselocarno.ch\/de\/wp-json\/wp\/v2\/product_tag?post=156708"}],"curies":[{"name":"wp","href":"https:\/\/api.w.org\/{rel}","templated":true}]}}