{"id":156725,"date":"2025-12-16T14:07:53","date_gmt":"2025-12-16T14:07:53","guid":{"rendered":"https:\/\/lighthouselocarno.ch\/prodotto\/duftkerze-moody-mada-essenza-maculata-kollektion-450-g-80-std\/"},"modified":"2025-12-16T14:07:53","modified_gmt":"2025-12-16T14:07:53","slug":"duftkerze-moody-mada-essenza-maculata-kollektion-450-g-80-std","status":"publish","type":"product","link":"https:\/\/lighthouselocarno.ch\/de\/produkt\/duftkerze-moody-mada-essenza-maculata-kollektion-450-g-80-std\/","title":{"rendered":"Duftkerze Moody \u2013 MADA Essenza | Maculata Kollektion (450 g, 80 Std.)"},"content":{"rendered":"<p data-start=\"696\" data-end=\"895\">Entschieden, intensiv und einh\u00fcllend: Die <strong data-start=\"729\" data-end=\"751\">MADA Moody Kerze<\/strong> aus der <strong data-start=\"758\" data-end=\"781\">Maculata Kollektion<\/strong> ist f\u00fcr alle, die D\u00fcfte mit einem starken und sinnlichen Charakter lieben, die die Atmosph\u00e4re eines Raumes ver\u00e4ndern k\u00f6nnen.<\/p>\n<p data-start=\"897\" data-end=\"1231\">In der Schweiz von Hand mit <strong data-start=\"928\" data-end=\"961\">100 % nat\u00fcrlichem und pflanzlichem Wachs<\/strong> gegossen, verstr\u00f6mt Moody einen <strong data-start=\"996\" data-end=\"1016\">s\u00fc\u00dfen und w\u00fcrzigen<\/strong> Duft, der durch leuchtende Zitrusnoten und einen warmen und tiefen Fond bereichert wird. Die <strong data-start=\"1089\" data-end=\"1115\">zwei Baumwolldochte<\/strong> sorgen f\u00fcr ein gleichm\u00e4\u00dfiges Abbrennen und eine intensive Duftverteilung, ideal f\u00fcr gro\u00dfe und elegante R\u00e4ume. <\/p>\n<p data-start=\"1233\" data-end=\"1396\">Ihr ikonischer, gefleckter Beh\u00e4lter macht diese Kerze zu einem <strong data-start=\"1293\" data-end=\"1319\">echten Designobjekt<\/strong>, perfekt f\u00fcr alle, die sich eine charaktervolle Wohndekoration oder ein raffiniertes Geschenk w\u00fcnschen.<\/p>\n<h3 data-start=\"1398\" data-end=\"1417\">\ud83c\udf3f Duft<\/h3>\n<ul data-start=\"1418\" data-end=\"1562\">\n<li data-start=\"1418\" data-end=\"1482\">\n<p data-start=\"1420\" data-end=\"1482\"><strong data-start=\"1420\" data-end=\"1437\">Kopfnoten<\/strong>: Orange, Mandarine, Tangerine, Bergamotte<\/p>\n<\/li>\n<li data-start=\"1483\" data-end=\"1524\">\n<p data-start=\"1485\" data-end=\"1524\"><strong data-start=\"1485\" data-end=\"1502\">Herznoten<\/strong>: Patschuli, Sandelholz<\/p>\n<\/li>\n<li data-start=\"1525\" data-end=\"1562\">\n<p data-start=\"1527\" data-end=\"1562\"><strong data-start=\"1527\" data-end=\"1544\">Basisnoten<\/strong>: Amber, Moschus<\/p>\n<\/li>\n<\/ul>\n<p data-start=\"1564\" data-end=\"1648\">Ein vibrierender und raffinierter Mix, der zitrische Frische und w\u00fcrzige Tiefe vereint.<\/p>\n<hr data-start=\"1650\" data-end=\"1653\">\n<h3 data-start=\"1655\" data-end=\"1693\">\ud83d\udd6f\ufe0f <strong data-start=\"1663\" data-end=\"1693\">Hauptmerkmale<\/strong><\/h3>\n<ul data-start=\"1694\" data-end=\"2022\">\n<li data-start=\"1694\" data-end=\"1738\">\n<p data-start=\"1696\" data-end=\"1738\"><strong data-start=\"1696\" data-end=\"1738\">Maculata Kollektion \u2013 exklusives Design<\/strong><\/p>\n<\/li>\n<li data-start=\"1739\" data-end=\"1774\">\n<p data-start=\"1741\" data-end=\"1774\">Wachs <strong data-start=\"1746\" data-end=\"1774\">100 % pflanzlich und nat\u00fcrlich<\/strong><\/p>\n<\/li>\n<li data-start=\"1775\" data-end=\"1807\">\n<p data-start=\"1777\" data-end=\"1807\"><strong data-start=\"1777\" data-end=\"1807\">Von Hand in der Schweiz gegossen<\/strong><\/p>\n<\/li>\n<li data-start=\"1808\" data-end=\"1863\">\n<p data-start=\"1810\" data-end=\"1863\"><strong data-start=\"1810\" data-end=\"1834\">2 Baumwolldochte<\/strong> f\u00fcr ein gleichm\u00e4\u00dfiges Abbrennen<\/p>\n<\/li>\n<li data-start=\"1864\" data-end=\"1897\">\n<p data-start=\"1866\" data-end=\"1897\">\u00dcber <strong data-start=\"1872\" data-end=\"1897\">80 Stunden Brenndauer<\/strong><\/p>\n<\/li>\n<li data-start=\"1898\" data-end=\"1943\">\n<p data-start=\"1900\" data-end=\"1943\">Luxuri\u00f6se D\u00fcfte ohne sch\u00e4dliche Substanzen<\/p>\n<\/li>\n<li data-start=\"1944\" data-end=\"1983\">\n<p data-start=\"1946\" data-end=\"1983\"><strong data-start=\"1946\" data-end=\"1964\">Vegan freundlich<\/strong> &amp; <strong data-start=\"1967\" data-end=\"1983\">Tierversuchsfrei<\/strong><\/p>\n<\/li>\n<li data-start=\"1984\" data-end=\"2022\">\n<p data-start=\"1986\" data-end=\"2022\">Dekorative Kerze in gro\u00dfem Format<\/p>\n<\/li>\n<\/ul>\n","protected":false},"excerpt":{"rendered":"<p data-start=\"437\" data-end=\"639\">Handgefertigte Kerze mit intensivem, s\u00fc\u00dfem und w\u00fcrzigem Duft mit Zitrusfr\u00fcchten, Patschuli und Amber. 100 % pflanzliches Wachs, doppelter Baumwolldocht, \u00fcber 80 Stunden Brenndauer. Exklusives Design der Maculata Kollektion.  <\/p>\n","protected":false},"featured_media":156726,"template":"","meta":{"_seopress_robots_primary_cat":"","_seopress_titles_title":"Moody MADA Essenza Kerze \u2013 W\u00fcrzig und Intensiv 80 Std.","_seopress_titles_desc":"Moody MADA Essenza Kerze mit Zitrusfr\u00fcchten, Patschuli und Amber. 100 % pflanzliches Wachs, doppelter Docht, 80 Std. Maculata Kollektion, vegan.  ","_seopress_robots_index":""},"product_brand":[9367],"product_cat":[4244,7127],"product_tag":[9386,9539,9463,4291,9566,9540,9538,9381,9382,4222,9568,9380,9387,9554,9567],"class_list":{"0":"post-156725","1":"product","2":"type-product","3":"status-publish","4":"has-post-thumbnail","6":"product_brand-mada-essenza","7":"product_cat-kerzen","8":"product_cat-kerzen-de","9":"product_tag-cruelty-free","10":"product_tag-doppeldocht","11":"product_tag-elegantes-geschenk","12":"product_tag-handgefertigte-kerzen","13":"product_tag-intensive-kerze","14":"product_tag-luxuriose-wohnkultur","15":"product_tag-maculata-kollektion","16":"product_tag-mada-essenza","17":"product_tag-made-in-switzerland","18":"product_tag-parfumierte-kerze","19":"product_tag-patschuli-und-sandelholz","20":"product_tag-pflanzenwachs","21":"product_tag-vegan","22":"product_tag-wurzige-kerze","23":"product_tag-zitrusfruchte-und-amber","25":"first","26":"instock","27":"shipping-taxable","28":"purchasable","29":"product-type-simple"},"jetpack_sharing_enabled":true,"_links":{"self":[{"href":"https:\/\/lighthouselocarno.ch\/de\/wp-json\/wp\/v2\/product\/156725","targetHints":{"allow":["GET"]}}],"collection":[{"href":"https:\/\/lighthouselocarno.ch\/de\/wp-json\/wp\/v2\/product"}],"about":[{"href":"https:\/\/lighthouselocarno.ch\/de\/wp-json\/wp\/v2\/types\/product"}],"wp:featuredmedia":[{"embeddable":true,"href":"https:\/\/lighthouselocarno.ch\/de\/wp-json\/wp\/v2\/media\/156726"}],"wp:attachment":[{"href":"https:\/\/lighthouselocarno.ch\/de\/wp-json\/wp\/v2\/media?parent=156725"}],"wp:term":[{"taxonomy":"product_brand","embeddable":true,"href":"https:\/\/lighthouselocarno.ch\/de\/wp-json\/wp\/v2\/product_brand?post=156725"},{"taxonomy":"product_cat","embeddable":true,"href":"https:\/\/lighthouselocarno.ch\/de\/wp-json\/wp\/v2\/product_cat?post=156725"},{"taxonomy":"product_tag","embeddable":true,"href":"https:\/\/lighthouselocarno.ch\/de\/wp-json\/wp\/v2\/product_tag?post=156725"}],"curies":[{"name":"wp","href":"https:\/\/api.w.org\/{rel}","templated":true}]}}