{"id":156740,"date":"2025-12-16T14:10:27","date_gmt":"2025-12-16T14:10:27","guid":{"rendered":"https:\/\/lighthouselocarno.ch\/prodotto\/duftkerze-sweety-mada-essenza-maculata-kollektion-450-g-80-std\/"},"modified":"2025-12-16T14:10:27","modified_gmt":"2025-12-16T14:10:27","slug":"duftkerze-sweety-mada-essenza-maculata-kollektion-450-g-80-std","status":"publish","type":"product","link":"https:\/\/lighthouselocarno.ch\/de\/produkt\/duftkerze-sweety-mada-essenza-maculata-kollektion-450-g-80-std\/","title":{"rendered":"Duftkerze Sweety \u2013 MADA Essenza | Maculata Kollektion (450 g, 80 Std.)"},"content":{"rendered":"<p data-start=\"684\" data-end=\"904\">Sinnlich, einh\u00fcllend und unwiderstehlich feminin: Die <strong data-start=\"739\" data-end=\"762\">MADA Sweety Kerze<\/strong> aus der <strong data-start=\"769\" data-end=\"792\">Maculata Kollektion<\/strong> ist eine Explosion aus wei\u00dfen Bl\u00fcten und warmen Noten, die eine elegante und charaktervolle Atmosph\u00e4re schafft.<\/p>\n<p data-start=\"906\" data-end=\"1199\">Diese Kerze wird in der Schweiz von Hand mit <strong data-start=\"937\" data-end=\"970\">100 % nat\u00fcrlichem und pflanzlichem Wachs<\/strong> gegossen und verstr\u00f6mt einen <strong data-start=\"1011\" data-end=\"1034\">blumigen und exotischen<\/strong> Duft, intensiv, aber harmonisch. Die <strong data-start=\"1060\" data-end=\"1086\">zwei Baumwolldochte<\/strong> sorgen f\u00fcr ein gleichm\u00e4\u00dfiges Abbrennen und eine tiefe Duftentfaltung, ideal f\u00fcr gro\u00dfe und raffinierte R\u00e4ume. <\/p>\n<p data-start=\"1201\" data-end=\"1412\">Der gefleckte Beh\u00e4lter, unverwechselbar und dekorativ, macht Sweety nicht nur zu einer Duftkerze, sondern auch zu einem <strong data-start=\"1307\" data-end=\"1353\">Einrichtungsgegenstand mit starker \u00e4sthetischer Wirkung<\/strong>, perfekt als luxuri\u00f6ses Geschenk oder zur Versch\u00f6nerung des Zuhauses.<\/p>\n<h3 data-start=\"1414\" data-end=\"1433\">\ud83c\udf3f Duft<\/h3>\n<ul data-start=\"1434\" data-end=\"1573\">\n<li data-start=\"1434\" data-end=\"1475\">\n<p data-start=\"1436\" data-end=\"1475\"><strong data-start=\"1436\" data-end=\"1453\">Kopfnoten<\/strong>: Gew\u00fcrznelken<\/p>\n<\/li>\n<li data-start=\"1476\" data-end=\"1531\">\n<p data-start=\"1478\" data-end=\"1531\"><strong data-start=\"1478\" data-end=\"1495\">Herznoten<\/strong>: Tuberose, Jasmin, Ylang-Ylang<\/p>\n<\/li>\n<li data-start=\"1532\" data-end=\"1573\">\n<p data-start=\"1534\" data-end=\"1573\"><strong data-start=\"1534\" data-end=\"1551\">Basisnoten<\/strong>: Vanille, Benzoeharz<\/p>\n<\/li>\n<\/ul>\n<p data-start=\"1575\" data-end=\"1659\">Ein warmer, blumiger und verf\u00fchrerischer Duft, der eine elegante und anhaltende Duftspur hinterl\u00e4sst.<\/p>\n<hr data-start=\"1661\" data-end=\"1664\">\n<h3 data-start=\"1666\" data-end=\"1704\">\ud83d\udd6f\ufe0f <strong data-start=\"1674\" data-end=\"1704\">Hauptmerkmale<\/strong><\/h3>\n<ul data-start=\"1705\" data-end=\"2030\">\n<li data-start=\"1705\" data-end=\"1749\">\n<p data-start=\"1707\" data-end=\"1749\"><strong data-start=\"1707\" data-end=\"1749\">Maculata Kollektion \u2013 exklusives Design<\/strong><\/p>\n<\/li>\n<li data-start=\"1750\" data-end=\"1785\">\n<p data-start=\"1752\" data-end=\"1785\">Wachs <strong data-start=\"1757\" data-end=\"1785\">100 % pflanzlich und nat\u00fcrlich<\/strong><\/p>\n<\/li>\n<li data-start=\"1786\" data-end=\"1818\">\n<p data-start=\"1788\" data-end=\"1818\"><strong data-start=\"1788\" data-end=\"1818\">Von Hand in der Schweiz gegossen<\/strong><\/p>\n<\/li>\n<li data-start=\"1819\" data-end=\"1874\">\n<p data-start=\"1821\" data-end=\"1874\"><strong data-start=\"1821\" data-end=\"1845\">2 Baumwolldochte<\/strong> f\u00fcr ein gleichm\u00e4\u00dfiges Abbrennen<\/p>\n<\/li>\n<li data-start=\"1875\" data-end=\"1908\">\n<p data-start=\"1877\" data-end=\"1908\">\u00dcber <strong data-start=\"1883\" data-end=\"1908\">80 Stunden Brenndauer<\/strong><\/p>\n<\/li>\n<li data-start=\"1909\" data-end=\"1951\">\n<p data-start=\"1911\" data-end=\"1951\">Luxusd\u00fcfte ohne sch\u00e4dliche Substanzen<\/p>\n<\/li>\n<li data-start=\"1952\" data-end=\"1991\">\n<p data-start=\"1954\" data-end=\"1991\"><strong data-start=\"1954\" data-end=\"1972\">Vegan freundlich<\/strong> &amp; <strong data-start=\"1975\" data-end=\"1991\">Tierversuchsfrei<\/strong><\/p>\n<\/li>\n<li data-start=\"1992\" data-end=\"2030\">\n<p data-start=\"1994\" data-end=\"2030\">Dekorative Kerze in gro\u00dfem Format<\/p>\n<\/li>\n<\/ul>\n","protected":false},"excerpt":{"rendered":"<p data-start=\"411\" data-end=\"627\">Handgefertigte Duftkerze mit blumigem, intensivem und exotischem Duft mit Noten von Tuberose, Jasmin und Vanille. 100 % pflanzliches Wachs, doppelter Baumwolldocht, \u00fcber 80 Stunden Brenndauer. Ikonisches Design der Maculata Kollektion.  <\/p>\n","protected":false},"featured_media":156742,"template":"","meta":{"_seopress_robots_primary_cat":"","_seopress_titles_title":"Kerze Sweety MADA Essenza \u2013 Blumig und Exotisch 80 Std.","_seopress_titles_desc":"Sweety MADA Essenza Kerze mit Noten von Tuberose, Jasmin und Vanille. 100 % pflanzliches Wachs, doppelter Docht, 80 Std. Maculata Kollektion, vegan.  ","_seopress_robots_index":""},"product_brand":[9367],"product_cat":[4244,7127],"product_tag":[9536,9386,9539,9463,9578,9540,9538,9381,9382,4222,9380,9579,9580,9387],"class_list":{"0":"post-156740","1":"product","2":"type-product","3":"status-publish","4":"has-post-thumbnail","6":"product_brand-mada-essenza","7":"product_cat-kerzen","8":"product_cat-kerzen-de","9":"product_tag-blumenkerze","10":"product_tag-cruelty-free","11":"product_tag-doppeldocht","12":"product_tag-elegantes-geschenk","13":"product_tag-exotische-kerze","14":"product_tag-luxuriose-wohnkultur","15":"product_tag-maculata-kollektion","16":"product_tag-mada-essenza","17":"product_tag-made-in-switzerland","18":"product_tag-parfumierte-kerze","19":"product_tag-pflanzenwachs","20":"product_tag-sweety-kerze","21":"product_tag-tuberose-und-jasmin","22":"product_tag-vegan","24":"first","25":"instock","26":"shipping-taxable","27":"purchasable","28":"product-type-simple"},"jetpack_sharing_enabled":true,"_links":{"self":[{"href":"https:\/\/lighthouselocarno.ch\/de\/wp-json\/wp\/v2\/product\/156740","targetHints":{"allow":["GET"]}}],"collection":[{"href":"https:\/\/lighthouselocarno.ch\/de\/wp-json\/wp\/v2\/product"}],"about":[{"href":"https:\/\/lighthouselocarno.ch\/de\/wp-json\/wp\/v2\/types\/product"}],"wp:featuredmedia":[{"embeddable":true,"href":"https:\/\/lighthouselocarno.ch\/de\/wp-json\/wp\/v2\/media\/156742"}],"wp:attachment":[{"href":"https:\/\/lighthouselocarno.ch\/de\/wp-json\/wp\/v2\/media?parent=156740"}],"wp:term":[{"taxonomy":"product_brand","embeddable":true,"href":"https:\/\/lighthouselocarno.ch\/de\/wp-json\/wp\/v2\/product_brand?post=156740"},{"taxonomy":"product_cat","embeddable":true,"href":"https:\/\/lighthouselocarno.ch\/de\/wp-json\/wp\/v2\/product_cat?post=156740"},{"taxonomy":"product_tag","embeddable":true,"href":"https:\/\/lighthouselocarno.ch\/de\/wp-json\/wp\/v2\/product_tag?post=156740"}],"curies":[{"name":"wp","href":"https:\/\/api.w.org\/{rel}","templated":true}]}}