{"id":156753,"date":"2025-12-16T14:12:32","date_gmt":"2025-12-16T14:12:32","guid":{"rendered":"https:\/\/lighthouselocarno.ch\/prodotto\/duftkerze-in-love-mada-essenza-collezione-maculata-450-g-80-std\/"},"modified":"2025-12-16T15:09:14","modified_gmt":"2025-12-16T15:09:14","slug":"duftkerze-in-love-mada-essenza-collezione-maculata-450-g-80-std","status":"publish","type":"product","link":"https:\/\/lighthouselocarno.ch\/de\/produkt\/duftkerze-in-love-mada-essenza-collezione-maculata-450-g-80-std\/","title":{"rendered":"Duftkerze In Love \u2013 MADA Essenza | Collezione Maculata (450 g, 80 Std.)"},"content":{"rendered":"<div class=\"text-base my-auto mx-auto pb-10 [--thread-content-margin:--spacing(4)] @w-sm\/main:[--thread-content-margin:--spacing(6)] @w-lg\/main:[--thread-content-margin:--spacing(16)] px-(--thread-content-margin)\">\n<div class=\"[--thread-content-max-width:40rem] @w-lg\/main:[--thread-content-max-width:48rem] mx-auto max-w-(--thread-content-max-width) flex-1 group\/turn-messages focus-visible:outline-hidden relative flex w-full min-w-0 flex-col agent-turn\">\n<div class=\"flex max-w-full flex-col grow\">\n<div class=\"min-h-8 text-message relative flex w-full flex-col items-end gap-2 text-start break-words whitespace-normal [.text-message+&amp;]:mt-1\" dir=\"auto\" data-message-author-role=\"assistant\" data-message-id=\"2ae3841a-b7c0-47a8-b083-aef5c902cf05\" data-message-model-slug=\"gpt-5-2\">\n<div class=\"flex w-full flex-col gap-1 empty:hidden first:pt-[1px]\">\n<div class=\"markdown prose dark:prose-invert w-full break-words dark markdown-new-styling\">\n<p data-start=\"660\" data-end=\"869\">Romantisch, leuchtend und zart umh\u00fcllend: Die <strong data-start=\"711\" data-end=\"735\">Kerze MADA In Love<\/strong> aus der <strong data-start=\"742\" data-end=\"765\">Collezione Maculata<\/strong> ist eine Hommage an die S\u00fc\u00dfe und Weiblichkeit, entworfen, um intime und raffinierte Atmosph\u00e4ren zu schaffen.<\/p>\n<p data-start=\"871\" data-end=\"1222\">Diese Kerze wird in der Schweiz von Hand mit <strong data-start=\"902\" data-end=\"935\">100 % nat\u00fcrlichem und pflanzlichem Wachs<\/strong> gegossen und verstr\u00f6mt einen <strong data-start=\"976\" data-end=\"997\">blumigen und frischen<\/strong> Duft, harmonisch und zart, perfekt, um Momente der Entspannung und des Wohlbefindens zu begleiten. Die <strong data-start=\"1079\" data-end=\"1105\">zwei Baumwolldochte<\/strong> sorgen f\u00fcr ein gleichm\u00e4\u00dfiges Abbrennen und eine ausgewogene Duftverteilung, ideal auch f\u00fcr gro\u00dfe R\u00e4ume. <\/p>\n<p data-start=\"1224\" data-end=\"1449\">Der gefleckte, elegante und unverwechselbare Beh\u00e4lter macht In Love nicht nur zu einer Duftkerze, sondern auch zu einem <strong data-start=\"1330\" data-end=\"1379\">dekorativen Einrichtungsgegenstand von gro\u00dfer Wirkung<\/strong>, perfekt als wertvolles Geschenk oder als raffiniertes Element f\u00fcr das Zuhause.<\/p>\n<h3 data-start=\"1451\" data-end=\"1470\">\ud83c\udf3f Duft<\/h3>\n<ul data-start=\"1471\" data-end=\"1587\">\n<li data-start=\"1471\" data-end=\"1513\">\n<p data-start=\"1473\" data-end=\"1513\"><strong data-start=\"1473\" data-end=\"1490\">Kopfnoten<\/strong>: Kardamom, Tuberose<\/p>\n<\/li>\n<li data-start=\"1514\" data-end=\"1543\">\n<p data-start=\"1516\" data-end=\"1543\"><strong data-start=\"1516\" data-end=\"1533\">Herznote<\/strong>: Mimose<\/p>\n<\/li>\n<li data-start=\"1544\" data-end=\"1587\">\n<p data-start=\"1546\" data-end=\"1587\"><strong data-start=\"1546\" data-end=\"1563\">Basisnoten<\/strong>: Tonkabohne, Vanille<\/p>\n<\/li>\n<\/ul>\n<p data-start=\"1589\" data-end=\"1686\">Ein weicher und blumiger Duft, der ein Gef\u00fchl von Komfort, Leichtigkeit und Romantik hinterl\u00e4sst.<\/p>\n<hr data-start=\"1688\" data-end=\"1691\">\n<h3 data-start=\"1693\" data-end=\"1731\">\ud83d\udd6f\ufe0f <strong data-start=\"1701\" data-end=\"1731\">Hauptmerkmale<\/strong><\/h3>\n<ul data-start=\"1732\" data-end=\"2060\">\n<li data-start=\"1732\" data-end=\"1776\">\n<p data-start=\"1734\" data-end=\"1776\"><strong data-start=\"1734\" data-end=\"1776\">Maculata Kollektion \u2013 exklusives Design<\/strong><\/p>\n<\/li>\n<li data-start=\"1777\" data-end=\"1812\">\n<p data-start=\"1779\" data-end=\"1812\">Wachs <strong data-start=\"1784\" data-end=\"1812\">100 % pflanzlich und nat\u00fcrlich<\/strong><\/p>\n<\/li>\n<li data-start=\"1813\" data-end=\"1845\">\n<p data-start=\"1815\" data-end=\"1845\"><strong data-start=\"1815\" data-end=\"1845\">Von Hand in der Schweiz gegossen<\/strong><\/p>\n<\/li>\n<li data-start=\"1846\" data-end=\"1901\">\n<p data-start=\"1848\" data-end=\"1901\"><strong data-start=\"1848\" data-end=\"1872\">2 Baumwolldochte<\/strong> f\u00fcr ein gleichm\u00e4\u00dfiges Abbrennen<\/p>\n<\/li>\n<li data-start=\"1902\" data-end=\"1935\">\n<p data-start=\"1904\" data-end=\"1935\">\u00dcber <strong data-start=\"1910\" data-end=\"1935\">80 Stunden Brenndauer<\/strong><\/p>\n<\/li>\n<li data-start=\"1936\" data-end=\"1981\">\n<p data-start=\"1938\" data-end=\"1981\">Luxuri\u00f6se D\u00fcfte ohne sch\u00e4dliche Substanzen<\/p>\n<\/li>\n<li data-start=\"1982\" data-end=\"2021\">\n<p data-start=\"1984\" data-end=\"2021\"><strong data-start=\"1984\" data-end=\"2002\">Vegan freundlich<\/strong> &amp; <strong data-start=\"2005\" data-end=\"2021\">Tierversuchsfrei<\/strong><\/p>\n<\/li>\n<li data-start=\"2022\" data-end=\"2060\">\n<p data-start=\"2024\" data-end=\"2060\">Dekorative Kerze in gro\u00dfem Format<\/p>\n<\/li>\n<\/ul>\n<\/div>\n<\/div>\n<\/div>\n<\/div>\n<\/div>\n<\/div>\n","protected":false},"excerpt":{"rendered":"<p data-start=\"394\" data-end=\"603\">Handgefertigte Kerze mit einem s\u00fc\u00dfen, blumigen und frischen Duft mit Noten von Mimose, Tuberose und Vanille. 100 % pflanzliches Wachs, doppelter Baumwolldocht, \u00fcber 80 Stunden Brenndauer. Ikonisches Design der Collezione Maculata.  <\/p>\n","protected":false},"featured_media":156754,"template":"","meta":{"_seopress_robots_primary_cat":"none","_seopress_titles_title":"Kerze In Love MADA Essenza \u2013 Blumig S\u00fc\u00df 80 Std.","_seopress_titles_desc":"Kerze In Love MADA Essenza mit Noten von Mimose, Tuberose und Vanille. 100 % pflanzliches Wachs, doppelter Docht, 80 Std. Collezione Maculata, vegan.  ","_seopress_robots_index":""},"product_brand":[9367],"product_cat":[4244,7127],"product_tag":[9536,9386,9539,9463,9589,9540,9538,9381,9382,9590,4222,9380,9555,9387],"class_list":{"0":"post-156753","1":"product","2":"type-product","3":"status-publish","4":"has-post-thumbnail","6":"product_brand-mada-essenza","7":"product_cat-kerzen","8":"product_cat-kerzen-de","9":"product_tag-blumenkerze","10":"product_tag-cruelty-free","11":"product_tag-doppeldocht","12":"product_tag-elegantes-geschenk","13":"product_tag-in-love-kerze","14":"product_tag-luxuriose-wohnkultur","15":"product_tag-maculata-kollektion","16":"product_tag-mada-essenza","17":"product_tag-made-in-switzerland","18":"product_tag-mimose-und-vanille","19":"product_tag-parfumierte-kerze","20":"product_tag-pflanzenwachs","21":"product_tag-suse-kerze","22":"product_tag-vegan","24":"first","25":"instock","26":"shipping-taxable","27":"purchasable","28":"product-type-simple"},"jetpack_sharing_enabled":true,"_links":{"self":[{"href":"https:\/\/lighthouselocarno.ch\/de\/wp-json\/wp\/v2\/product\/156753","targetHints":{"allow":["GET"]}}],"collection":[{"href":"https:\/\/lighthouselocarno.ch\/de\/wp-json\/wp\/v2\/product"}],"about":[{"href":"https:\/\/lighthouselocarno.ch\/de\/wp-json\/wp\/v2\/types\/product"}],"wp:featuredmedia":[{"embeddable":true,"href":"https:\/\/lighthouselocarno.ch\/de\/wp-json\/wp\/v2\/media\/156754"}],"wp:attachment":[{"href":"https:\/\/lighthouselocarno.ch\/de\/wp-json\/wp\/v2\/media?parent=156753"}],"wp:term":[{"taxonomy":"product_brand","embeddable":true,"href":"https:\/\/lighthouselocarno.ch\/de\/wp-json\/wp\/v2\/product_brand?post=156753"},{"taxonomy":"product_cat","embeddable":true,"href":"https:\/\/lighthouselocarno.ch\/de\/wp-json\/wp\/v2\/product_cat?post=156753"},{"taxonomy":"product_tag","embeddable":true,"href":"https:\/\/lighthouselocarno.ch\/de\/wp-json\/wp\/v2\/product_tag?post=156753"}],"curies":[{"name":"wp","href":"https:\/\/api.w.org\/{rel}","templated":true}]}}