{"id":156778,"date":"2025-12-16T14:17:03","date_gmt":"2025-12-16T14:17:03","guid":{"rendered":"https:\/\/lighthouselocarno.ch\/prodotto\/raumduft-apfel-zimt-mada-essenza-250-ml-oder-500-ml\/"},"modified":"2026-03-23T14:29:28","modified_gmt":"2026-03-23T14:29:28","slug":"raumduft-apfel-zimt-mada-essenza-250-ml-oder-500-ml","status":"publish","type":"product","link":"https:\/\/lighthouselocarno.ch\/de\/produkt\/raumduft-apfel-zimt-mada-essenza-250-ml-oder-500-ml\/","title":{"rendered":"Raumduft Apfel &amp; Zimt \u2013 MADA Essenza | 250 ml oder 500 ml"},"content":{"rendered":"<p data-start=\"632\" data-end=\"847\">Einnehmend, warm und intensiv: Der <strong data-start=\"664\" data-end=\"720\">Raumduft MADA Essenza Apfel &amp; Zimt<\/strong> ist die ideale Wahl f\u00fcr alle, die w\u00fcrzige und entschiedene D\u00fcfte lieben, die eine einladende und charaktervolle Atmosph\u00e4re schaffen.<\/p>\n<p data-start=\"849\" data-end=\"1171\">Die Essenz <strong data-start=\"859\" data-end=\"879\">Apfel &amp; Zimt<\/strong> wird <strong data-start=\"905\" data-end=\"928\">allm\u00e4hlich und konstant<\/strong> durch die St\u00e4bchen freigesetzt, wodurch die Umgebung elegant beduftet und der Diffusor in ein raffiniertes <strong data-start=\"1039\" data-end=\"1060\">Dekorationselement<\/strong> verwandelt wird. Perfekt f\u00fcr Zuhause, das B\u00fcro oder Gesch\u00e4ftsr\u00e4ume, besonders in der Herbst- und Winterzeit. <\/p>\n<h3 data-start=\"1173\" data-end=\"1192\">\ud83c\udf3f Duft<\/h3>\n<ul data-start=\"1193\" data-end=\"1312\">\n<li data-start=\"1193\" data-end=\"1244\">\n<p data-start=\"1195\" data-end=\"1244\"><strong data-start=\"1195\" data-end=\"1212\">Kopfnoten<\/strong>: Zimt, Nelken<\/p>\n<\/li>\n<li data-start=\"1245\" data-end=\"1272\">\n<p data-start=\"1247\" data-end=\"1272\"><strong data-start=\"1247\" data-end=\"1264\">Herznote<\/strong>: Apfel<\/p>\n<\/li>\n<li data-start=\"1273\" data-end=\"1312\">\n<p data-start=\"1275\" data-end=\"1312\"><strong data-start=\"1275\" data-end=\"1292\">Basisnoten<\/strong>: Vanille, Gew\u00fcrze<\/p>\n<\/li>\n<\/ul>\n<p data-start=\"1314\" data-end=\"1403\">Ein warmer und w\u00fcrziger Duft, der an die Atmosph\u00e4re von Weihnachten und gem\u00fctlichen Tagen erinnert.<\/p>\n<hr data-start=\"1405\" data-end=\"1408\">\n<h3 data-start=\"1410\" data-end=\"1448\">\ud83d\udd6f\ufe0f <strong data-start=\"1418\" data-end=\"1448\">Hauptmerkmale<\/strong><\/h3>\n<ul data-start=\"1449\" data-end=\"1795\">\n<li data-start=\"1449\" data-end=\"1485\">\n<p data-start=\"1451\" data-end=\"1485\">Duftender Raumdiffusor<\/p>\n<\/li>\n<li data-start=\"1486\" data-end=\"1528\">\n<p data-start=\"1488\" data-end=\"1528\">Intensiver Duft <strong data-start=\"1506\" data-end=\"1526\">Apfel &amp; Zimt<\/strong><\/p>\n<\/li>\n<li data-start=\"1529\" data-end=\"1600\">\n<p data-start=\"1531\" data-end=\"1564\">Erh\u00e4ltlich in <strong data-start=\"1546\" data-end=\"1561\">zwei Gr\u00f6\u00dfen<\/strong>:<\/p>\n<ul data-start=\"1567\" data-end=\"1600\">\n<li data-start=\"1567\" data-end=\"1583\">\n<p data-start=\"1569\" data-end=\"1583\">KLEIN: 250 ml<\/p>\n<\/li>\n<li data-start=\"1586\" data-end=\"1600\">\n<p data-start=\"1588\" data-end=\"1600\">GROSS: 500 ml<\/p>\n<\/li>\n<\/ul>\n<\/li>\n<li data-start=\"1601\" data-end=\"1635\">\n<p data-start=\"1603\" data-end=\"1635\">Allm\u00e4hliche und dauerhafte Diffusion<\/p>\n<\/li>\n<li data-start=\"1636\" data-end=\"1684\">\n<p data-start=\"1638\" data-end=\"1684\">Ideal zum Beduften und Dekorieren von R\u00e4umen<\/p>\n<\/li>\n<li data-start=\"1685\" data-end=\"1726\">\n<p data-start=\"1687\" data-end=\"1726\"><strong data-start=\"1687\" data-end=\"1705\">Vegan freundlich<\/strong> &amp; <strong data-start=\"1708\" data-end=\"1724\">Tierversuchsfrei<\/strong><\/p>\n<\/li>\n<li data-start=\"1727\" data-end=\"1771\">\n<p data-start=\"1729\" data-end=\"1771\">Ohne Phthalate, Giftstoffe oder sch\u00e4dliche Substanzen<\/p>\n<\/li>\n<li data-start=\"1772\" data-end=\"1795\">\n<p data-start=\"1774\" data-end=\"1795\">Made in Switzerland<\/p>\n<\/li>\n<\/ul>\n<p data-start=\"1797\" data-end=\"1903\">\ud83d\udca1 <em data-start=\"1800\" data-end=\"1811\">Tipp<\/em>: Drehen Sie die St\u00e4bchen jeden Tag um, um die Lebensdauer und Intensit\u00e4t des Duftes zu verl\u00e4ngern.<\/p>\n","protected":false},"excerpt":{"rendered":"<p data-start=\"428\" data-end=\"587\">Raumduft mit s\u00fc\u00dfem, w\u00fcrzigem und intensivem Duft mit Noten von Apfel und Zimt. Erh\u00e4ltlich in 250 ml und 500 ml. Vegan, nat\u00fcrlich und tierversuchsfrei.  <\/p>\n","protected":false},"featured_media":156779,"template":"","meta":{"_seopress_robots_primary_cat":"none","_seopress_titles_title":"Diffusor Apfel & Zimt MADA \u2013 250 ml oder 500 ml Natur","_seopress_titles_desc":"MADA Essenza Apple & Cinnamon Diffuser mit w\u00fcrzigem und intensivem Duft. Vegan, schadstofffrei. Erh\u00e4ltlich in 250 ml und 500 ml. Hergestellt in der Schweiz.","_seopress_robots_index":""},"product_brand":[],"product_cat":[9454,4244],"product_tag":[9599,9600,9386,9602,9456,9463,9455,9381,9382,9601,9457,9387,9415],"class_list":{"0":"post-156778","1":"product","2":"type-product","3":"status-publish","4":"has-post-thumbnail","6":"product_cat-diffusoren","7":"product_cat-kerzen","8":"product_tag-apfel-zimt","9":"product_tag-apfel-und-zimt","10":"product_tag-cruelty-free","11":"product_tag-dekoration-fur-zuhause","12":"product_tag-duftdiffusor","13":"product_tag-elegantes-geschenk","14":"product_tag-home-fragrance","15":"product_tag-mada-essenza","16":"product_tag-made-in-switzerland","17":"product_tag-naturlicher-lufterfrischer","18":"product_tag-raumduft","19":"product_tag-vegan","20":"product_tag-wurziger-duft","22":"first","23":"instock","24":"shipping-taxable","25":"purchasable","26":"product-type-variable"},"jetpack_sharing_enabled":true,"_links":{"self":[{"href":"https:\/\/lighthouselocarno.ch\/de\/wp-json\/wp\/v2\/product\/156778","targetHints":{"allow":["GET"]}}],"collection":[{"href":"https:\/\/lighthouselocarno.ch\/de\/wp-json\/wp\/v2\/product"}],"about":[{"href":"https:\/\/lighthouselocarno.ch\/de\/wp-json\/wp\/v2\/types\/product"}],"wp:featuredmedia":[{"embeddable":true,"href":"https:\/\/lighthouselocarno.ch\/de\/wp-json\/wp\/v2\/media\/156779"}],"wp:attachment":[{"href":"https:\/\/lighthouselocarno.ch\/de\/wp-json\/wp\/v2\/media?parent=156778"}],"wp:term":[{"taxonomy":"product_brand","embeddable":true,"href":"https:\/\/lighthouselocarno.ch\/de\/wp-json\/wp\/v2\/product_brand?post=156778"},{"taxonomy":"product_cat","embeddable":true,"href":"https:\/\/lighthouselocarno.ch\/de\/wp-json\/wp\/v2\/product_cat?post=156778"},{"taxonomy":"product_tag","embeddable":true,"href":"https:\/\/lighthouselocarno.ch\/de\/wp-json\/wp\/v2\/product_tag?post=156778"}],"curies":[{"name":"wp","href":"https:\/\/api.w.org\/{rel}","templated":true}]}}