{"id":156790,"date":"2025-12-16T14:19:42","date_gmt":"2025-12-16T14:19:42","guid":{"rendered":"https:\/\/lighthouselocarno.ch\/prodotto\/raumspray-apfel-zimt-mada-essenza-100-ml\/"},"modified":"2026-01-09T13:46:22","modified_gmt":"2026-01-09T13:46:22","slug":"raumspray-apfel-zimt-mada-essenza-100-ml","status":"publish","type":"product","link":"https:\/\/lighthouselocarno.ch\/de\/produkt\/raumspray-apfel-zimt-mada-essenza-100-ml\/","title":{"rendered":"Raumspray Apfel &amp; Zimt \u2013 MADA Essenza | 100 ml"},"content":{"rendered":"<div class=\"text-base my-auto mx-auto pb-10 [--thread-content-margin:--spacing(4)] @w-sm\/main:[--thread-content-margin:--spacing(6)] @w-lg\/main:[--thread-content-margin:--spacing(16)] px-(--thread-content-margin)\">\n<div class=\"[--thread-content-max-width:40rem] @w-lg\/main:[--thread-content-max-width:48rem] mx-auto max-w-(--thread-content-max-width) flex-1 group\/turn-messages focus-visible:outline-hidden relative flex w-full min-w-0 flex-col agent-turn\">\n<div class=\"flex max-w-full flex-col grow\">\n<div class=\"min-h-8 text-message relative flex w-full flex-col items-end gap-2 text-start break-words whitespace-normal [.text-message+&amp;]:mt-1\" dir=\"auto\" data-message-author-role=\"assistant\" data-message-id=\"2c82b718-2a2e-4368-9c77-178f82582db1\" data-message-model-slug=\"gpt-5-2\">\n<div class=\"flex w-full flex-col gap-1 empty:hidden first:pt-[1px]\">\n<div class=\"markdown prose dark:prose-invert w-full break-words dark markdown-new-styling\">\n<p data-start=\"629\" data-end=\"820\">Umschmeichelnd, intensiv und entschieden: Das <strong data-start=\"662\" data-end=\"714\">Raumspray MADA Essenza Apfel &amp; Zimt<\/strong> ist perfekt f\u00fcr alle, die warme und w\u00fcrzige D\u00fcfte lieben, die die Atmosph\u00e4re im Handumdrehen ver\u00e4ndern k\u00f6nnen.<\/p>\n<p data-start=\"822\" data-end=\"1110\">Der Duft <strong data-start=\"838\" data-end=\"858\">Apfel &amp; Zimt<\/strong> entfaltet s\u00fc\u00dfe und w\u00fcrzige Noten, die an Komfort, Geselligkeit und W\u00e4rme erinnern. Dieses Spray ist ideal, um Wohnr\u00e4ume, B\u00fcros oder Gesch\u00e4ftsr\u00e4ume schnell zu beduften, und ist f\u00fcr alle gedacht, die sich einen anhaltenden, aber eleganten Duft w\u00fcnschen. <\/p>\n<p data-start=\"1112\" data-end=\"1240\">Hergestellt mit <strong data-start=\"1127\" data-end=\"1156\">hochwertigen Duftstoffen<\/strong>, ist das MADA Essenza Spray frei von Schadstoffen und sicher f\u00fcr den t\u00e4glichen Gebrauch.<\/p>\n<h3 data-start=\"1242\" data-end=\"1261\">\ud83c\udf3f Duft<\/h3>\n<ul data-start=\"1262\" data-end=\"1381\">\n<li data-start=\"1262\" data-end=\"1313\">\n<p data-start=\"1264\" data-end=\"1313\"><strong data-start=\"1264\" data-end=\"1281\">Kopfnoten<\/strong>: Zimt, Nelken<\/p>\n<\/li>\n<li data-start=\"1314\" data-end=\"1341\">\n<p data-start=\"1316\" data-end=\"1341\"><strong data-start=\"1316\" data-end=\"1333\">Herznote<\/strong>: Apfel<\/p>\n<\/li>\n<li data-start=\"1342\" data-end=\"1381\">\n<p data-start=\"1344\" data-end=\"1381\"><strong data-start=\"1344\" data-end=\"1361\">Basisnoten<\/strong>: Vanille, Gew\u00fcrze<\/p>\n<\/li>\n<\/ul>\n<p data-start=\"1383\" data-end=\"1471\">Ein intensiver und umh\u00fcllender Duft, der besonders in den Herbst- und Wintermonaten perfekt ist.<\/p>\n<hr data-start=\"1473\" data-end=\"1476\">\n<h3 data-start=\"1478\" data-end=\"1516\">\ud83d\udd6f\ufe0f <strong data-start=\"1486\" data-end=\"1516\">Hauptmerkmale<\/strong><\/h3>\n<ul data-start=\"1517\" data-end=\"1847\">\n<li data-start=\"1517\" data-end=\"1549\">\n<p data-start=\"1519\" data-end=\"1549\">Duftspray f\u00fcr R\u00e4ume<\/p>\n<\/li>\n<li data-start=\"1550\" data-end=\"1601\">\n<p data-start=\"1552\" data-end=\"1601\">Duft <strong data-start=\"1562\" data-end=\"1582\">Apfel &amp; Zimt<\/strong> s\u00fc\u00df und w\u00fcrzig<\/p>\n<\/li>\n<li data-start=\"1602\" data-end=\"1641\">\n<p data-start=\"1604\" data-end=\"1641\"><strong data-start=\"1604\" data-end=\"1621\">Format 100 ml<\/strong> mit Zerst\u00e4uber<\/p>\n<\/li>\n<li data-start=\"1642\" data-end=\"1682\">\n<p data-start=\"1644\" data-end=\"1682\">Sofortige und anhaltende Beduftung<\/p>\n<\/li>\n<li data-start=\"1683\" data-end=\"1736\">\n<p data-start=\"1685\" data-end=\"1736\">Ideal f\u00fcr Zuhause, B\u00fcro und Gesch\u00e4ftsr\u00e4ume<\/p>\n<\/li>\n<li data-start=\"1737\" data-end=\"1781\">\n<p data-start=\"1739\" data-end=\"1781\">Ohne Phthalate, Giftstoffe oder sch\u00e4dliche Substanzen<\/p>\n<\/li>\n<li data-start=\"1782\" data-end=\"1823\">\n<p data-start=\"1784\" data-end=\"1823\"><strong data-start=\"1784\" data-end=\"1802\">Vegan freundlich<\/strong> &amp; <strong data-start=\"1805\" data-end=\"1821\">Tierversuchsfrei<\/strong><\/p>\n<\/li>\n<li data-start=\"1824\" data-end=\"1847\">\n<p data-start=\"1826\" data-end=\"1847\">Made in Switzerland<\/p>\n<\/li>\n<\/ul>\n<hr data-start=\"1849\" data-end=\"1852\">\n<h3 data-start=\"1854\" data-end=\"1879\">\ud83d\udcdd <strong data-start=\"1861\" data-end=\"1879\">Anwendung<\/strong><\/h3>\n<p data-start=\"1880\" data-end=\"2039\">In den Raum spr\u00fchen, dabei empfindliche Oberfl\u00e4chen und Stoffe vermeiden. Bei Bedarf verwenden, um die Luft zu erfrischen und eine warme und einladende Atmosph\u00e4re zu schaffen. <\/p>\n<\/div>\n<\/div>\n<\/div>\n<\/div>\n<\/div>\n<\/div>\n","protected":false},"excerpt":{"rendered":"<p data-start=\"385\" data-end=\"572\">Duftspray f\u00fcr R\u00e4ume mit einem s\u00fc\u00dfen, w\u00fcrzigen und intensiven Duft mit Noten von Apfel und Zimt. Nat\u00fcrliche, vegane und tierversuchsfreie Formel. Ideal, um eine warme und einladende Atmosph\u00e4re zu schaffen.  <\/p>\n","protected":false},"featured_media":156791,"template":"","meta":{"_seopress_robots_primary_cat":"none","_seopress_titles_title":"Spray Apfel & Zimt MADA Essenza \u2013 W\u00fcrziges Parf\u00fcm","_seopress_titles_desc":"MADA Essenza Raumspray Apfel & Zimt mit Noten von Apfel und Zimt. S\u00fc\u00df, w\u00fcrzig und intensiv. Vegan, ohne Toxine, 100 ml.  ","_seopress_robots_index":""},"product_brand":[],"product_cat":[4244,9498],"product_tag":[],"class_list":{"0":"post-156790","1":"product","2":"type-product","3":"status-publish","4":"has-post-thumbnail","6":"product_cat-kerzen","7":"product_cat-spray","9":"first","10":"instock","11":"shipping-taxable","12":"purchasable","13":"product-type-simple"},"jetpack_sharing_enabled":true,"_links":{"self":[{"href":"https:\/\/lighthouselocarno.ch\/de\/wp-json\/wp\/v2\/product\/156790","targetHints":{"allow":["GET"]}}],"collection":[{"href":"https:\/\/lighthouselocarno.ch\/de\/wp-json\/wp\/v2\/product"}],"about":[{"href":"https:\/\/lighthouselocarno.ch\/de\/wp-json\/wp\/v2\/types\/product"}],"wp:featuredmedia":[{"embeddable":true,"href":"https:\/\/lighthouselocarno.ch\/de\/wp-json\/wp\/v2\/media\/156791"}],"wp:attachment":[{"href":"https:\/\/lighthouselocarno.ch\/de\/wp-json\/wp\/v2\/media?parent=156790"}],"wp:term":[{"taxonomy":"product_brand","embeddable":true,"href":"https:\/\/lighthouselocarno.ch\/de\/wp-json\/wp\/v2\/product_brand?post=156790"},{"taxonomy":"product_cat","embeddable":true,"href":"https:\/\/lighthouselocarno.ch\/de\/wp-json\/wp\/v2\/product_cat?post=156790"},{"taxonomy":"product_tag","embeddable":true,"href":"https:\/\/lighthouselocarno.ch\/de\/wp-json\/wp\/v2\/product_tag?post=156790"}],"curies":[{"name":"wp","href":"https:\/\/api.w.org\/{rel}","templated":true}]}}