{"id":157453,"date":"2026-03-23T08:30:37","date_gmt":"2026-03-23T08:30:37","guid":{"rendered":"https:\/\/lighthouselocarno.ch\/prodotto\/top-mit-tunnelzug-am-ruecken-corfu-eufonia-elegante-naturbaumwolle\/"},"modified":"2026-03-23T08:30:37","modified_gmt":"2026-03-23T08:30:37","slug":"top-mit-tunnelzug-am-ruecken-corfu-eufonia-elegante-naturbaumwolle","status":"publish","type":"product","link":"https:\/\/lighthouselocarno.ch\/de\/produkt\/top-mit-tunnelzug-am-ruecken-corfu-eufonia-elegante-naturbaumwolle\/","title":{"rendered":"Top mit Tunnelzug am R\u00fccken CORFU \u2013 eu\u2022fo\u2022n\u00ec\u2022a | Elegante Naturbaumwolle"},"content":{"rendered":"<h2 data-section-id=\"gpdx6f\" data-start=\"1267\" data-end=\"1336\">Top CORFU eu\u2022fo\u2022n\u00ec\u2022a \u2013 Ein ausgew\u00e4hltes St\u00fcck f\u00fcr authentischen Stil<\/h2>\n<p data-start=\"1338\" data-end=\"1559\">Das <strong data-start=\"1341\" data-end=\"1404\">Top mit Tunnelzug am R\u00fccken CORFU aus der Linie eu\u2022fo\u2022n\u00ec\u2022a<\/strong> wurde von <strong data-start=\"1423\" data-end=\"1461\">Light House Home &amp; Life Philosophy<\/strong>, dem Concept Store im Herzen von Locarno, ausgew\u00e4hlt, da es Schlichtheit, Eleganz und Komfort vereint.<\/p>\n<p data-start=\"1561\" data-end=\"1687\">Es ist nicht nur ein Kleidungsst\u00fcck, sondern Teil einer gr\u00f6\u00dferen Vision: der eines nat\u00fcrlichen, harmonischen und zeitlosen Stils.<\/p>\n<hr data-start=\"1689\" data-end=\"1692\">\n<h2 data-section-id=\"fddjlw\" data-start=\"1694\" data-end=\"1742\">\ud83c\udf3f Echte Erfahrung: Warum wir es ausgew\u00e4hlt haben<\/h2>\n<p data-start=\"1744\" data-end=\"1871\">In unserem Concept Store w\u00e4hlen wir jedes St\u00fcck sorgf\u00e4ltig aus und bevorzugen nat\u00fcrliche Materialien sowie langlebiges Design.<\/p>\n<p data-start=\"1873\" data-end=\"1908\">Das Modell CORFU hat uns \u00fcberzeugt durch:<\/p>\n<ul data-start=\"1910\" data-end=\"2051\">\n<li data-section-id=\"fwwybi\" data-start=\"1910\" data-end=\"1945\">seine <strong data-start=\"1919\" data-end=\"1945\">klare und minimalistische Linie<\/strong><\/li>\n<li data-section-id=\"q9pwqp\" data-start=\"1946\" data-end=\"2003\">das feminine Detail des <strong data-start=\"1977\" data-end=\"2003\">Tunnelzugs am R\u00fccken<\/strong><\/li>\n<li data-section-id=\"on8ybc\" data-start=\"2004\" data-end=\"2051\">die Anpassungsf\u00e4higkeit an verschiedene K\u00f6rperformen<\/li>\n<\/ul>\n<p data-start=\"2053\" data-end=\"2127\">Es ist ein Kleidungsst\u00fcck, das im Alltag wirklich funktioniert, nicht nur auf Fotos.<\/p>\n<hr data-start=\"2129\" data-end=\"2132\">\n<h2 data-section-id=\"gxzigu\" data-start=\"2134\" data-end=\"2168\">\u2728 Design und markantes Detail<\/h2>\n<p data-start=\"2170\" data-end=\"2217\">Der Tunnelzug am R\u00fccken ist das Herzst\u00fcck dieses Tops:<\/p>\n<ul data-start=\"2219\" data-end=\"2339\">\n<li data-section-id=\"1v325zh\" data-start=\"2219\" data-end=\"2258\">erzeugt einen eleganten und nat\u00fcrlichen Effekt<\/li>\n<li data-section-id=\"1lgbz5s\" data-start=\"2259\" data-end=\"2298\">erm\u00f6glicht die Anpassung der Passform<\/li>\n<li data-section-id=\"1g9qvqn\" data-start=\"2299\" data-end=\"2339\">betont den R\u00fccken mit Diskretion<\/li>\n<\/ul>\n<p data-start=\"2341\" data-end=\"2402\">Ein Detail, das das St\u00fcck einzigartig macht, ohne \u00fcbertrieben zu wirken.<\/p>\n<hr data-start=\"2404\" data-end=\"2407\">\n<h2 data-section-id=\"uny3fh\" data-start=\"2409\" data-end=\"2434\">\ud83e\uddf5 Materialien und Qualit\u00e4t<\/h2>\n<p data-start=\"2436\" data-end=\"2459\">Das Top besteht aus:<\/p>\n<ul data-start=\"2461\" data-end=\"2494\">\n<li data-section-id=\"1afe4kf\" data-start=\"2461\" data-end=\"2477\"><strong data-start=\"2463\" data-end=\"2477\">97 % Baumwolle<\/strong><\/li>\n<li data-section-id=\"1j28q8u\" data-start=\"2478\" data-end=\"2494\"><strong data-start=\"2480\" data-end=\"2494\">3 % Elastan<\/strong><\/li>\n<\/ul>\n<p data-start=\"2496\" data-end=\"2528\">Eine Zusammensetzung, die garantiert:<\/p>\n<p data-start=\"2530\" data-end=\"2597\">\u2714 Atmungsaktivit\u00e4t<br data-start=\"2546\" data-end=\"2549\">\u2714 Hautkomfort<br data-start=\"2570\" data-end=\"2573\">\u2714 Bewegungsfreiheit<\/p>\n<p data-start=\"2599\" data-end=\"2655\">Perfekt f\u00fcr Sommertage und den t\u00e4glichen Gebrauch.<\/p>\n<hr data-start=\"2657\" data-end=\"2660\">\n<h2 data-section-id=\"187zcv\" data-start=\"2662\" data-end=\"2705\">\ud83e\udd0d Die Farbe Latte: Die Handschrift von Light House<\/h2>\n<p data-start=\"2707\" data-end=\"2775\">Die Farbe <strong data-start=\"2717\" data-end=\"2726\">Latte<\/strong> repr\u00e4sentiert voll und ganz die Philosophie von Light House:<\/p>\n<ul data-start=\"2777\" data-end=\"2816\">\n<li data-section-id=\"13k2x7s\" data-start=\"2777\" data-end=\"2789\">leuchtend<\/li>\n<li data-section-id=\"199g812\" data-start=\"2790\" data-end=\"2803\">raffiniert<\/li>\n<li data-section-id=\"1yhyo8s\" data-start=\"2804\" data-end=\"2816\">nat\u00fcrlich<\/li>\n<\/ul>\n<p data-start=\"2818\" data-end=\"2910\">Es l\u00e4sst sich leicht mit jedem Outfit kombinieren und ist perfekt f\u00fcr m\u00fchelos elegante Looks.<\/p>\n<hr data-start=\"2912\" data-end=\"2915\">\n<h2 data-section-id=\"xs6vko\" data-start=\"2917\" data-end=\"2960\">\ud83d\udc57 Wie wir es tragen (echte Erfahrung)<\/h2>\n<p data-start=\"2962\" data-end=\"2993\">In unserem Store pr\u00e4sentieren wir es:<\/p>\n<ul data-start=\"2995\" data-end=\"3097\">\n<li data-section-id=\"1407lnq\" data-start=\"2995\" data-end=\"3036\">mit Leinenhosen \u2192 nat\u00fcrlicher Look<\/li>\n<li data-section-id=\"44gt9f\" data-start=\"3037\" data-end=\"3064\">mit Jeans \u2192 Casual Chic<\/li>\n<li data-section-id=\"g0z9om\" data-start=\"3065\" data-end=\"3097\">mit flie\u00dfenden R\u00f6cken \u2192 feminin<\/li>\n<\/ul>\n<p data-start=\"3099\" data-end=\"3170\">Es ist eines dieser St\u00fccke, die schnell zum <strong data-start=\"3146\" data-end=\"3169\">Garderoben-Must-have<\/strong> werden.<\/p>\n<hr data-start=\"3172\" data-end=\"3175\">\n<h2 data-section-id=\"e90w3m\" data-start=\"3177\" data-end=\"3196\">\ud83d\udccd Wo Sie es finden<\/h2>\n<p data-start=\"3198\" data-end=\"3231\">Dieses St\u00fcck ist erh\u00e4ltlich bei:<\/p>\n<p data-start=\"3233\" data-end=\"3311\"><strong data-start=\"3233\" data-end=\"3271\">Light House Home &amp; Life Philosophy<\/strong><br data-start=\"3271\" data-end=\"3274\">Concept Store in Locarno und Online-Shop<\/p>\n<p data-start=\"3313\" data-end=\"3400\">\ud83d\udc49 Ausgew\u00e4hlt f\u00fcr alle, die einen authentischen Stil suchen, der auf Qualit\u00e4t, Harmonie und Sch\u00f6nheit basiert.<\/p>\n","protected":false},"excerpt":{"rendered":"<p data-start=\"776\" data-end=\"1092\">Ein essentielles St\u00fcck, das den nat\u00fcrlichen und raffinierten Stil von <strong data-start=\"841\" data-end=\"855\">eu\u2022fo\u2022n\u00ec\u2022a<\/strong> widerspiegelt.<br data-start=\"856\" data-end=\"859\">Das Top CORFU, ausgew\u00e4hlt von <strong data-start=\"888\" data-end=\"936\">Light House Home &amp; Life Philosophy in Locarno<\/strong>, vereint Komfort und Weiblichkeit dank seiner flie\u00dfenden Linie und dem <strong data-start=\"1003\" data-end=\"1040\">verstellbaren Tunnelzug am R\u00fccken<\/strong>, der die Silhouette mit dezenter Eleganz betont.<\/p>\n<p data-start=\"1094\" data-end=\"1223\">Gefertigt aus <strong data-start=\"1108\" data-end=\"1132\">Stretch-Baumwolle<\/strong>, ist es perfekt f\u00fcr alle, die Qualit\u00e4t, Leichtigkeit und einen authentischen Stil f\u00fcr jeden Tag suchen.<\/p>\n","protected":false},"featured_media":157454,"template":"","meta":{"_seopress_robots_primary_cat":"","_seopress_titles_title":"Top CORFU eu\u2022fo\u2022n\u00ec\u2022a \u2013 Elegantes Damen-Top aus Baumwolle | Locarno","_seopress_titles_desc":"Top CORFU eu\u2022fo\u2022n\u00ec\u2022a mit Tunnelzug am R\u00fccken. Von Light House Locarno ausgew\u00e4hlt f\u00fcr einen nat\u00fcrlichen, eleganten und hochwertigen Stil. ","_seopress_robots_index":""},"product_brand":[],"product_cat":[3799,5668,3789,5640],"product_tag":[9825,9823,9779,8664,9821,9783,9827,9826,9822,9824],"class_list":{"0":"post-157453","1":"product","2":"type-product","3":"status-publish","4":"has-post-thumbnail","6":"product_cat-damenmode","7":"product_cat-hemden","8":"product_cat-kleidung","9":"product_cat-oberteile-und-westen","10":"product_tag-boutique-locarno","11":"product_tag-concept-store-tessin","12":"product_tag-damenmode-locarno","13":"product_tag-elegante-damenbekleidung","14":"product_tag-elegantes-damen-top","15":"product_tag-eufonia-mode","16":"product_tag-naturliche-mode","17":"product_tag-sommer-top-damen","18":"product_tag-top-aus-naturbaumwolle","19":"product_tag-top-minimal-chic","20":"pa_colori-blau","21":"pa_colori-cabernet","22":"pa_colori-espresso","23":"pa_colori-iceberg","24":"pa_colori-latte","25":"pa_colori-schwarz-eufonia","26":"pa_colori-spiga","27":"pa_colori-vanille","28":"pa_taglia-l-de","29":"pa_taglia-m-de","30":"pa_taglia-s-de","31":"pa_taglia-xl-de","32":"pa_taglia-xs-de","34":"first","35":"instock","36":"shipping-taxable","37":"purchasable","38":"product-type-variable"},"jetpack_sharing_enabled":true,"_links":{"self":[{"href":"https:\/\/lighthouselocarno.ch\/de\/wp-json\/wp\/v2\/product\/157453","targetHints":{"allow":["GET"]}}],"collection":[{"href":"https:\/\/lighthouselocarno.ch\/de\/wp-json\/wp\/v2\/product"}],"about":[{"href":"https:\/\/lighthouselocarno.ch\/de\/wp-json\/wp\/v2\/types\/product"}],"wp:featuredmedia":[{"embeddable":true,"href":"https:\/\/lighthouselocarno.ch\/de\/wp-json\/wp\/v2\/media\/157454"}],"wp:attachment":[{"href":"https:\/\/lighthouselocarno.ch\/de\/wp-json\/wp\/v2\/media?parent=157453"}],"wp:term":[{"taxonomy":"product_brand","embeddable":true,"href":"https:\/\/lighthouselocarno.ch\/de\/wp-json\/wp\/v2\/product_brand?post=157453"},{"taxonomy":"product_cat","embeddable":true,"href":"https:\/\/lighthouselocarno.ch\/de\/wp-json\/wp\/v2\/product_cat?post=157453"},{"taxonomy":"product_tag","embeddable":true,"href":"https:\/\/lighthouselocarno.ch\/de\/wp-json\/wp\/v2\/product_tag?post=157453"}],"curies":[{"name":"wp","href":"https:\/\/api.w.org\/{rel}","templated":true}]}}