{"id":155675,"date":"2023-09-05T15:39:00","date_gmt":"2023-09-05T15:39:00","guid":{"rendered":"https:\/\/lighthouselocarno.ch\/prodotto\/kleiner-teppich-mit-poema-spitze\/"},"modified":"2023-09-05T15:39:00","modified_gmt":"2023-09-05T15:39:00","slug":"kleiner-teppich-mit-poema-spitze","status":"publish","type":"product","link":"https:\/\/lighthouselocarno.ch\/en\/product\/kleiner-teppich-mit-poema-spitze\/","title":{"rendered":"Kleiner Teppich mit \u201cPoema\u201d-Spitze"},"content":{"rendered":"<p>Kleiner Frotteeteppich mit Leineneinfassung. An allen Seiten mit \u201cPoema\u201d-Spitze verziert. Abmessungen 45X60.  <\/p>\n<p>In Italien aus hochwertiger Baumwolle hergestellter Teppich, der durch spezielle Behandlungen, die das nat\u00fcrliche Aussehen verst\u00e4rken, weich im Griff ist. Zus\u00e4tzlich zur Verwendung von nat\u00fcrlichen und hypoallergenen Farbstoffen, die der Naturfaser Glanz und Ausstrahlung verleihen. Langlebigkeit und einfache Wartung sind weitere Pluspunkte Ihrer Wahl. Ideal zur Versch\u00f6nerung Ihres Badezimmers: allein oder in Kombination mit passenden Handt\u00fcchern, um immer wieder originelle Kombinationen zu schaffen. Bitte lesen Sie den Abschnitt \u201cProduktpflege\u201d f\u00fcr alle Waschanweisungen.    <\/p>\n","protected":false},"excerpt":{"rendered":"<p>Kleiner Frotteeteppich mit Leineneinfassung. An allen Seiten mit \u201cPoema\u201d-Spitze verziert. Abmessungen 45X60.  <\/p>\n<p>In Italien aus hochwertiger Baumwolle hergestellter Teppich, der durch spezielle Behandlungen, die das nat\u00fcrliche Aussehen verst\u00e4rken, weich im Griff ist. Zus\u00e4tzlich zur Verwendung von nat\u00fcrlichen und hypoallergenen Farbstoffen, die der Naturfaser Glanz und Ausstrahlung verleihen. Langlebigkeit und einfache Wartung sind weitere Pluspunkte Ihrer Wahl. Ideal zur Versch\u00f6nerung Ihres Badezimmers: allein oder in Kombination mit passenden Handt\u00fcchern, um immer wieder originelle Kombinationen zu schaffen. Bitte lesen Sie den Abschnitt \u201cProduktpflege\u201d f\u00fcr alle Waschanweisungen.    <\/p>\n","protected":false},"featured_media":0,"template":"","meta":{"_seopress_robots_primary_cat":"","_seopress_titles_title":"","_seopress_titles_desc":"","_seopress_robots_index":""},"product_brand":[8562],"product_cat":[15],"product_tag":[],"class_list":{"0":"post-155675","1":"product","2":"type-product","3":"status-publish","5":"product_brand-arte-pura","6":"product_cat-uncategorized","8":"first","9":"instock","10":"shipping-taxable","11":"purchasable","12":"product-type-simple"},"jetpack_sharing_enabled":true,"_links":{"self":[{"href":"https:\/\/lighthouselocarno.ch\/en\/wp-json\/wp\/v2\/product\/155675","targetHints":{"allow":["GET"]}}],"collection":[{"href":"https:\/\/lighthouselocarno.ch\/en\/wp-json\/wp\/v2\/product"}],"about":[{"href":"https:\/\/lighthouselocarno.ch\/en\/wp-json\/wp\/v2\/types\/product"}],"wp:attachment":[{"href":"https:\/\/lighthouselocarno.ch\/en\/wp-json\/wp\/v2\/media?parent=155675"}],"wp:term":[{"taxonomy":"product_brand","embeddable":true,"href":"https:\/\/lighthouselocarno.ch\/en\/wp-json\/wp\/v2\/product_brand?post=155675"},{"taxonomy":"product_cat","embeddable":true,"href":"https:\/\/lighthouselocarno.ch\/en\/wp-json\/wp\/v2\/product_cat?post=155675"},{"taxonomy":"product_tag","embeddable":true,"href":"https:\/\/lighthouselocarno.ch\/en\/wp-json\/wp\/v2\/product_tag?post=155675"}],"curies":[{"name":"wp","href":"https:\/\/api.w.org\/{rel}","templated":true}]}}