{"id":114068,"date":"2022-01-21T10:15:28","date_gmt":"2022-01-21T10:15:28","guid":{"rendered":"https:\/\/lighthouselocarno.ch\/politique-de-confidentialite\/"},"modified":"2025-05-28T15:48:13","modified_gmt":"2025-05-28T15:48:13","slug":"politique-de-confidentialite","status":"publish","type":"page","link":"https:\/\/lighthouselocarno.ch\/fr\/politique-de-confidentialite\/","title":{"rendered":"Politique de confidentialit\u00e9"},"content":{"rendered":"<h1 data-start=\"161\" data-end=\"182\"><\/h1>\n<p data-start=\"183\" data-end=\"250\"><strong data-start=\"183\" data-end=\"210\">Accessoires pour phares<\/strong><br data-start=\"210\" data-end=\"213\"><em data-start=\"213\" data-end=\"250\">Derni\u00e8re mise \u00e0 jour : 1 juin 2025<\/em><\/p>\n<p data-start=\"252\" data-end=\"603\">Light House Accessories, situ\u00e9 \u00e0 <strong data-start=\"289\" data-end=\"341\">Via della Gallinazza 10A, 6600 Locarno, Suisse<\/strong>, s&rsquo;engage \u00e0 prot\u00e9ger votre vie priv\u00e9e et \u00e0 traiter vos donn\u00e9es personnelles en pleine conformit\u00e9 avec la <strong data-start=\"442\" data-end=\"502\">loi f\u00e9d\u00e9rale suisse sur la protection des donn\u00e9es (nLPD)<\/strong> et, le cas \u00e9ch\u00e9ant, le <strong data-start=\"527\" data-end=\"602\">r\u00e8glement europ\u00e9en sur la protection des donn\u00e9es (GDPR - EU Reg. 2016\/679).<\/strong><\/p>\n<p data-start=\"605\" data-end=\"735\">En naviguant sur <a class=\"\" href=\"http:\/\/www.lighthouselocarno.ch\" target=\"_new\" rel=\"noopener\" data-start=\"618\" data-end=\"642\">www.lighthouselocarno.ch<\/a> ou en passant une commande, vous acceptez les m\u00e9thodes de traitement d\u00e9crites dans la pr\u00e9sente politique.<\/p>\n<hr data-start=\"737\" data-end=\"740\">\n<h2 data-start=\"742\" data-end=\"772\">1. Responsable du traitement des donn\u00e9es<\/h2>\n<p data-start=\"774\" data-end=\"891\"><strong data-start=\"774\" data-end=\"801\">Light House Accessories<\/strong><br data-start=\"801\" data-end=\"804\">Via della Gallinazza 10A, 6600 Locarno - Suisse<br data-start=\"853\" data-end=\"856\">\ud83d\udce7 Email : <a class=\"cursor-pointer\" rel=\"noopener\" data-start=\"866\" data-end=\"891\">info@lighthouselocarno.ch<\/a><\/p>\n<hr data-start=\"893\" data-end=\"896\">\n<h2 data-start=\"898\" data-end=\"927\">2. Donn\u00e9es personnelles collect\u00e9es<\/h2>\n<p data-start=\"929\" data-end=\"1022\">Lors de votre interaction avec notre site, nous pouvons collecter les informations suivantes :<\/p>\n<ul data-start=\"1024\" data-end=\"1438\">\n<li data-start=\"1024\" data-end=\"1106\">\n<p data-start=\"1026\" data-end=\"1106\"><strong data-start=\"1026\" data-end=\"1049\">Donn\u00e9es d&rsquo;identification<\/strong>: pr\u00e9nom, nom, adresse de livraison et de facturation<\/p>\n<\/li>\n<li data-start=\"1107\" data-end=\"1150\">\n<p data-start=\"1109\" data-end=\"1150\"><strong data-start=\"1109\" data-end=\"1121\">Contact<\/strong>: email, num\u00e9ro de t\u00e9l\u00e9phone<\/p>\n<\/li>\n<li data-start=\"1151\" data-end=\"1264\">\n<p data-start=\"1153\" data-end=\"1264\"><strong data-start=\"1153\" data-end=\"1174\">Donn\u00e9es de paiement<\/strong>: uniquement via des fournisseurs externes (Stripe, TWINT, banques) - nous ne stockons pas de donn\u00e9es sensibles.<\/p>\n<\/li>\n<li data-start=\"1265\" data-end=\"1353\">\n<p data-start=\"1267\" data-end=\"1353\"><strong data-start=\"1267\" data-end=\"1283\">Donn\u00e9es techniques<\/strong>: adresse IP, type de navigateur, syst\u00e8me d&rsquo;exploitation, temps d&rsquo;acc\u00e8s.<\/p>\n<\/li>\n<li data-start=\"1354\" data-end=\"1438\">\n<p data-start=\"1356\" data-end=\"1438\"><strong data-start=\"1356\" data-end=\"1379\">Donn\u00e9es de navigation<\/strong>: pages visit\u00e9es, produits consult\u00e9s, historique des commandes<\/p>\n<\/li>\n<\/ul>\n<hr data-start=\"1440\" data-end=\"1443\">\n<h2 data-start=\"1445\" data-end=\"1475\">3. Finalit\u00e9 du traitement<\/h2>\n<p data-start=\"1477\" data-end=\"1535\">Les donn\u00e9es collect\u00e9es sont trait\u00e9es aux fins suivantes :<\/p>\n<ul data-start=\"1537\" data-end=\"1796\">\n<li data-start=\"1537\" data-end=\"1571\">\n<p data-start=\"1539\" data-end=\"1571\">Gestion des commandes et livraison<\/p>\n<\/li>\n<li data-start=\"1572\" data-end=\"1600\">\n<p data-start=\"1574\" data-end=\"1600\">Facturation et comptabilit\u00e9<\/p>\n<\/li>\n<li data-start=\"1601\" data-end=\"1661\">\n<p data-start=\"1603\" data-end=\"1661\">Communications relatives aux achats ou \u00e0 l&rsquo;assistance \u00e0 la client\u00e8le<\/p>\n<\/li>\n<li data-start=\"1662\" data-end=\"1706\">\n<p data-start=\"1664\" data-end=\"1706\">Envoi de bulletins d&rsquo;information (uniquement avec consentement pr\u00e9alable)<\/p>\n<\/li>\n<li data-start=\"1707\" data-end=\"1753\">\n<p data-start=\"1709\" data-end=\"1753\">Analyse statistique pour am\u00e9liorer les services<\/p>\n<\/li>\n<li data-start=\"1754\" data-end=\"1796\">\n<p data-start=\"1756\" data-end=\"1796\">Respect des obligations l\u00e9gales et fiscales<\/p>\n<\/li>\n<\/ul>\n<hr data-start=\"1798\" data-end=\"1801\">\n<h2 data-start=\"1803\" data-end=\"1839\">4. Base juridique du traitement<\/h2>\n<ul data-start=\"1841\" data-end=\"2125\">\n<li data-start=\"1841\" data-end=\"1901\">\n<p data-start=\"1843\" data-end=\"1901\"><strong data-start=\"1843\" data-end=\"1870\">Ex\u00e9cution du contrat<\/strong> (article 6, paragraphe 1, point b), du RGPD)<\/p>\n<\/li>\n<li data-start=\"1902\" data-end=\"1953\">\n<p data-start=\"1904\" data-end=\"1953\"><strong data-start=\"1904\" data-end=\"1922\">Obligation l\u00e9gale<\/strong> (article 6, paragraphe 1, point c), du RGPD)<\/p>\n<\/li>\n<li data-start=\"1954\" data-end=\"2047\">\n<p data-start=\"1956\" data-end=\"2047\"><strong data-start=\"1956\" data-end=\"1985\">Consentement de la personne concern\u00e9e<\/strong> pour les communications promotionnelles (article 6, paragraphe 1, point a), du RGPD)<\/p>\n<\/li>\n<li data-start=\"2048\" data-end=\"2125\">\n<p data-start=\"2050\" data-end=\"2125\"><strong data-start=\"2050\" data-end=\"2073\">Int\u00e9r\u00eat l\u00e9gitime<\/strong> (analyse, pr\u00e9vention de la fraude, am\u00e9lioration du service)<\/p>\n<\/li>\n<\/ul>\n<hr data-start=\"2127\" data-end=\"2130\">\n<h2 data-start=\"2132\" data-end=\"2160\">5. Conservation des donn\u00e9es<\/h2>\n<p data-start=\"2162\" data-end=\"2429\">Vos donn\u00e9es seront conserv\u00e9es aussi longtemps que n\u00e9cessaire aux fins pour lesquelles elles ont \u00e9t\u00e9 collect\u00e9es et, par la suite, pour l&rsquo;accomplissement d&rsquo;obligations l\u00e9gales (par exemple, comptables et fiscales).<br data-start=\"2347\" data-end=\"2350\">Les donn\u00e9es \u00e0 des fins de marketing seront conserv\u00e9es jusqu&rsquo;\u00e0 ce que le consentement soit r\u00e9voqu\u00e9.<\/p>\n<hr data-start=\"2431\" data-end=\"2434\">\n<h2 data-start=\"2436\" data-end=\"2462\">6. Destinataires des donn\u00e9es<\/h2>\n<p data-start=\"2464\" data-end=\"2511\">Vos donn\u00e9es ne peuvent \u00eatre partag\u00e9es qu&rsquo;avec<\/p>\n<ul data-start=\"2513\" data-end=\"2734\">\n<li data-start=\"2513\" data-end=\"2549\">\n<p data-start=\"2515\" data-end=\"2549\">Courriers (par exemple, la Poste suisse, DHL)<\/p>\n<\/li>\n<li data-start=\"2550\" data-end=\"2597\">\n<p data-start=\"2552\" data-end=\"2597\">Prestataires de paiement (Stripe, TWINT, banques)<\/p>\n<\/li>\n<li data-start=\"2598\" data-end=\"2642\">\n<p data-start=\"2600\" data-end=\"2642\">Fournisseur d&rsquo;h\u00e9bergement (serveur en Suisse ou dans l&rsquo;UE)<\/p>\n<\/li>\n<li data-start=\"2643\" data-end=\"2675\">\n<p data-start=\"2645\" data-end=\"2675\">Conseillers fiscaux et comptables<\/p>\n<\/li>\n<li data-start=\"2676\" data-end=\"2734\">\n<p data-start=\"2678\" data-end=\"2734\">les autorit\u00e9s judiciaires ou fiscales, si la loi l&rsquo;exige<\/p>\n<\/li>\n<\/ul>\n<p data-start=\"2736\" data-end=\"2812\">En aucun cas vos donn\u00e9es ne seront vendues ou transmises \u00e0 des tiers non autoris\u00e9s.<\/p>\n<hr data-start=\"2814\" data-end=\"2817\">\n<h2 data-start=\"2819\" data-end=\"2849\">7. Transfert \u00e0 l&rsquo;\u00e9tranger<\/h2>\n<p data-start=\"2851\" data-end=\"3116\">En cas de transfert de donn\u00e9es vers des pays n&rsquo;appartenant pas \u00e0 l&rsquo;EEE (par exemple pour des exp\u00e9ditions internationales), Light House garantira un niveau de protection ad\u00e9quat conform\u00e9ment aux dispositions de la nLPD et du GDPR, au moyen de clauses contractuelles types ou de d\u00e9cisions d&rsquo;ad\u00e9quation.<\/p>\n<hr data-start=\"3118\" data-end=\"3121\">\n<h2 data-start=\"3123\" data-end=\"3148\">8. Droits de l&rsquo;utilisateur<\/h2>\n<p data-start=\"3150\" data-end=\"3168\">Vous avez le droit de :<\/p>\n<ul data-start=\"3170\" data-end=\"3389\">\n<li data-start=\"3170\" data-end=\"3203\">\n<p data-start=\"3172\" data-end=\"3203\">Acc\u00e8s \u00e0 vos donn\u00e9es personnelles<\/p>\n<\/li>\n<li data-start=\"3204\" data-end=\"3246\">\n<p data-start=\"3206\" data-end=\"3246\">Demande de correction ou de suppression<\/p>\n<\/li>\n<li data-start=\"3247\" data-end=\"3282\">\n<p data-start=\"3249\" data-end=\"3282\">Limiter ou s&rsquo;opposer au traitement<\/p>\n<\/li>\n<li data-start=\"3283\" data-end=\"3354\">\n<p data-start=\"3285\" data-end=\"3354\">Retirer son consentement \u00e0 tout moment (\u00e0 des fins promotionnelles)<\/p>\n<\/li>\n<li data-start=\"3355\" data-end=\"3389\">\n<p data-start=\"3357\" data-end=\"3389\">Obtenir la portabilit\u00e9 des donn\u00e9es<\/p>\n<\/li>\n<\/ul>\n<p data-start=\"3391\" data-end=\"3662\">Vous pouvez exercer vos droits en \u00e9crivant \u00e0 <strong data-start=\"3434\" data-end=\"3463\"><a class=\"cursor-pointer\" rel=\"noopener\" data-start=\"3436\" data-end=\"3461\">info@lighthouselocarno.ch<\/a><\/strong>.<br data-start=\"3464\" data-end=\"3467\">Si vous estimez que vos donn\u00e9es ont \u00e9t\u00e9 trait\u00e9es en violation de la loi, vous pouvez vous adresser au<strong data-start=\"3564\" data-end=\"3621\">Pr\u00e9pos\u00e9 f\u00e9d\u00e9ral \u00e0 la protection des donn\u00e9es (PFPDT)<\/strong> ou \u00e0 l&rsquo;autorit\u00e9 de contr\u00f4le comp\u00e9tente de l&rsquo;UE.<\/p>\n<hr data-start=\"3664\" data-end=\"3667\">\n<h2 data-start=\"3669\" data-end=\"3693\">9. S\u00e9curit\u00e9 des donn\u00e9es<\/h2>\n<p data-start=\"3695\" data-end=\"3834\">Nous prenons des mesures techniques et organisationnelles appropri\u00e9es pour prot\u00e9ger vos donn\u00e9es contre l&rsquo;acc\u00e8s non autoris\u00e9, la perte, la divulgation ou la modification.<\/p>\n<hr data-start=\"3836\" data-end=\"3839\">\n<h2 data-start=\"3841\" data-end=\"3882\">10. Cookies et outils de suivi<\/h2>\n<p data-start=\"3884\" data-end=\"4032\">Nous utilisons des cookies techniques et, sous r\u00e9serve de consentement, \u00e9galement des cookies analytiques et de marketing. Pour plus de d\u00e9tails, veuillez consulter notre<a href=\"_wp_link_placeholder\" data-wplink-edit=\"true\"> <strong data-start=\"4012\" data-end=\"4031\">[Politique en mati\u00e8re de cookies]<\/strong>.<\/a> <\/p>\n<hr data-start=\"4034\" data-end=\"4037\">\n<h2 data-start=\"4039\" data-end=\"4081\">11. Modifications de la pr\u00e9sente politique<\/h2>\n<p data-start=\"4083\" data-end=\"4282\">Light House se r\u00e9serve le droit de modifier cette politique de confidentialit\u00e9 \u00e0 tout moment. Nous vous encourageons \u00e0 la consulter r\u00e9guli\u00e8rement. Les modifications prendront effet \u00e0 partir de la date de publication sur le site.  <\/p>\n","protected":false},"excerpt":{"rendered":"<p>Accessoires pour pharesDerni\u00e8re mise \u00e0 jour : 1 juin 2025 Light House Accessories, situ\u00e9 \u00e0 Via della Gallinazza 10A, 6600 Locarno, Suisse, s&rsquo;engage \u00e0 prot\u00e9ger votre vie priv\u00e9e et \u00e0 traiter vos donn\u00e9es personnelles en pleine conformit\u00e9 avec la loi f\u00e9d\u00e9rale suisse sur la protection des donn\u00e9es (nLPD) et, le cas \u00e9ch\u00e9ant, le r\u00e8glement europ\u00e9en [&hellip;]<\/p>\n","protected":false},"author":1,"featured_media":0,"parent":0,"menu_order":0,"comment_status":"closed","ping_status":"closed","template":"","meta":{"_seopress_robots_primary_cat":"","_seopress_titles_title":"","_seopress_titles_desc":"","_seopress_robots_index":"","footnotes":""},"class_list":["post-114068","page","type-page","status-publish"],"jetpack_sharing_enabled":true,"_links":{"self":[{"href":"https:\/\/lighthouselocarno.ch\/fr\/wp-json\/wp\/v2\/pages\/114068","targetHints":{"allow":["GET"]}}],"collection":[{"href":"https:\/\/lighthouselocarno.ch\/fr\/wp-json\/wp\/v2\/pages"}],"about":[{"href":"https:\/\/lighthouselocarno.ch\/fr\/wp-json\/wp\/v2\/types\/page"}],"author":[{"embeddable":true,"href":"https:\/\/lighthouselocarno.ch\/fr\/wp-json\/wp\/v2\/users\/1"}],"replies":[{"embeddable":true,"href":"https:\/\/lighthouselocarno.ch\/fr\/wp-json\/wp\/v2\/comments?post=114068"}],"version-history":[{"count":0,"href":"https:\/\/lighthouselocarno.ch\/fr\/wp-json\/wp\/v2\/pages\/114068\/revisions"}],"wp:attachment":[{"href":"https:\/\/lighthouselocarno.ch\/fr\/wp-json\/wp\/v2\/media?parent=114068"}],"curies":[{"name":"wp","href":"https:\/\/api.w.org\/{rel}","templated":true}]}}